{"id":36829,"date":"2022-12-05T22:35:41","date_gmt":"2022-12-05T21:35:41","guid":{"rendered":"https:\/\/hijasdejesus.org\/legal-notice\/"},"modified":"2023-10-19T14:14:01","modified_gmt":"2023-10-19T12:14:01","slug":"legal-notice","status":"publish","type":"page","link":"https:\/\/hijasdejesus.org\/en\/legal-notice\/","title":{"rendered":"Legal Notice"},"content":{"rendered":"<p>[et_pb_section fb_built=&#8221;1&#8243; admin_label=&#8221;section&#8221; _builder_version=&#8221;4.16&#8243; global_colors_info=&#8221;{}&#8221;][et_pb_row admin_label=&#8221;row&#8221; _builder_version=&#8221;4.16&#8243; background_size=&#8221;initial&#8221; background_position=&#8221;top_left&#8221; background_repeat=&#8221;repeat&#8221; global_colors_info=&#8221;{}&#8221;][et_pb_column type=&#8221;4_4&#8243; _builder_version=&#8221;4.16&#8243; custom_padding=&#8221;|||&#8221; global_colors_info=&#8221;{}&#8221; custom_padding__hover=&#8221;|||&#8221;][et_pb_text admin_label=&#8221;Text&#8221; _builder_version=&#8221;4.22.2&#8243; text_text_color=&#8221;#364F7D&#8221; background_size=&#8221;initial&#8221; background_position=&#8221;top_left&#8221; background_repeat=&#8221;repeat&#8221; hover_enabled=&#8221;0&#8243; global_colors_info=&#8221;{}&#8221; header_text_color=&#8221;#364F7D&#8221; header_2_text_color=&#8221;#364F7D&#8221; sticky_enabled=&#8221;0&#8243;]<\/p>\n<p><span style=\"font-weight: 400;\">Thank you for choosing to visit us. We want your experience on our website to be the best it can be.<\/span><\/p>\n<p>&nbsp;<\/p>\n<p><span style=\"font-weight: 400;\">To access our services, you declare that <\/span><b>you are of legal age <\/b><span style=\"font-weight: 400;\">and that you have sufficient legal capacity to use our services, in accordance with your national law.<\/span><\/p>\n<p><span style=\"font-weight: 400;\">Accessing and browsing the website, or the use of its services, implies the express and full acceptance of each and every one of these General Conditions, including the Special Conditions established for certain promotions, as well as the Privacy and Cookies Policies, related to the regulations in force on the subject of Personal Data Protection. Please read them carefully to find out what kind of data is collected through our website, for what purposes and what rights you have in relation to it.<\/span><\/p>\n<p>&nbsp;<\/p>\n<h1><b>1.- Legal Information.<\/b><\/h1>\n<p>&nbsp;<\/p>\n<p><span style=\"font-weight: 400;\">In compliance with Law 34\/2002, of July 11, 2002, of Services of the Information Society and Electronic Commerce, the identifying data of the owner of the Web Portal are:<\/span><\/p>\n<p>&nbsp;<\/p>\n<p><span style=\"font-weight: 400;\">Daughters of Jesus General Curia<\/span><\/p>\n<p><span style=\"font-weight: 400;\">C\/ Marqu\u00e9s de la Valdavia, 7 &#8211; 2\u00ba pta. izq. 28012 Madrid<\/span><\/p>\n<p>&nbsp;<\/p>\n<p><span style=\"font-weight: 400;\">Taxpayer Identification Number: R2800637G<\/span><\/p>\n<p>&nbsp;<\/p>\n<p><span style=\"font-weight: 400;\">Registration number in the Register of Religious Entities: 006448<\/span><\/p>\n<p>&nbsp;<\/p>\n<p><span style=\"font-weight: 400;\">If you have any doubts or questions, you can contact us by e-mail:<\/span><a href=\"mailto:infopd@hijasdejesus.org\"><br \/>\n  <span style=\"font-weight: 400;\"> infopd@hijasdejesus.org.<\/span><br \/>\n<\/a><\/p>\n<p>&nbsp;<\/p>\n<p><span style=\"font-weight: 400;\">Access to the Web implies the User&#8217;s express acceptance of these General Conditions of Use, which may be totally or partially modified or replaced by others, by its owner and at any time without prior notice. We recommend that you access these terms and conditions from time to time to check for possible modifications, which will be published in the same section.<\/span><\/p>\n<p>&nbsp;<\/p>\n<h1><b>General Conditions of Use.<\/b><\/h1>\n<p>&nbsp;<\/p>\n<p><span style=\"font-weight: 400;\">The following General Conditions regulate the use and access to the Web portal, whose purpose is to establish guidelines for the good use and behavior of the same. HIJAS DE JES\u00daS- CURIA GENERAL, makes available to users information on the use, services and content hosted on the Web. Through it, the User has access to information about specific products and services, tools and applications.<\/span><\/p>\n<p>&nbsp;<\/p>\n<p><span style=\"font-weight: 400;\">The data and information on products or services, prices and characteristics or other relevant data offered through the website are made, provided and updated by Suppliers and third party companies. HIJAS DE JES\u00daS- CURIA GENERAL is not, in any case, responsible for such data and information, nor does it assume any obligation regarding the same.<\/span><span style=\"font-weight: 400;\"><br \/><\/span><\/p>\n<p>&nbsp;<\/p>\n<p><span style=\"font-weight: 400;\">The User agrees to make appropriate use of the contents, services, applications and tools that are accessible, subject to the Law and these General Conditions of Use and, where appropriate, the Special Conditions that may be established for access to certain services and applications, respecting at all times to other Users of the same.<\/span><\/p>\n<p>&nbsp;<\/p>\n<p><span style=\"font-weight: 400;\">In the event of total and\/or partial non-compliance by the User of these General Conditions of Use, HIJAS DE JES\u00daS- CURIA GENERAL reserves the right to deny access to the Website, without prior notice to the User.<\/span><\/p>\n<p>&nbsp;<\/p>\n<h1><b>3.- General Obligations of the User.<\/b><\/h1>\n<p><span style=\"font-weight: 400;\">The User, by accepting these General Conditions of Use, expressly agrees to:<\/span><\/p>\n<ul>\n<li style=\"font-weight: 400;\" aria-level=\"1\"><span style=\"font-weight: 400;\">Not to carry out any action aimed at damaging, blocking, damaging, rendering useless, overloading, temporarily or permanently, the functionalities, tools, contents and\/or infrastructure of the website, in such a way as to prevent its normal use.<\/span><\/li>\n<li style=\"font-weight: 400;\" aria-level=\"1\"><span style=\"font-weight: 400;\">Custody and maintain the confidentiality of the passwords associated with your User name, being responsible for the use of such personal and non-transferable passwords by third parties.<\/span><\/li>\n<li style=\"font-weight: 400;\" aria-level=\"1\"><span style=\"font-weight: 400;\">Not to introduce or make slanderous or libelous content, both of other Users and of third party companies outside HIJAS DE JES\u00daS- CURIA GENERAL.<\/span><\/li>\n<li style=\"font-weight: 400;\" aria-level=\"1\"><span style=\"font-weight: 400;\">Not to use any of the materials and information contained in this Website for purposes that are illicit and\/or expressly prohibited in these General Conditions of Use, as well as the particular conditions that, where appropriate, are established for certain applications and\/or utilities and that are contrary to the rights and interests of HIJAS DE JES\u00daS- CURIA GENERAL, its users and\/or third parties.<\/span><\/li>\n<li style=\"font-weight: 400;\" aria-level=\"1\"><span style=\"font-weight: 400;\">Not to offer or distribute products and services, or make unsolicited advertising or commercial communications to other Users and visitors of HIJAS DE JES\u00daS- CURIA GENERAL.<\/span><\/li>\n<\/ul>\n<p>&nbsp;<\/p>\n<p><span style=\"font-weight: 400;\">The User shall be liable for all damages of any nature that HIJAS DE JES\u00daS- CURIA GENERAL or any third party may suffer as a result of non-compliance with any of the obligations to which he\/she is subject by virtue of these &#8220;General Conditions of Use&#8221; or the law in relation to access and\/or use of the page.<\/span><\/p>\n<p>&nbsp;<\/p>\n<h1><b>4.- Intellectual and Industrial Property.<\/b><\/h1>\n<p>&nbsp;<\/p>\n<p><span style=\"font-weight: 400;\">The website, the pages it includes and the information or elements contained therein (including texts, documents, photographs, drawings, graphic representations, owned or owned by third parties who authorize the owner to use them, among others), as well as logos, trademarks, trade names or other distinctive signs, are protected by intellectual and\/or industrial property rights, of which HIJAS DE JES\u00daS- CURIA GENERAL is the owner or holds authorization for their use and public communication from the legitimate owners of the same.<\/span><\/p>\n<p>&nbsp;<\/p>\n<p><span style=\"font-weight: 400;\">The User undertakes to use the contents in a diligent and correct manner, in accordance with the law, morality and public order. HIJAS DE JES\u00daS- CURIA GENERAL authorizes the User to view the information contained in this website, as well as to make private reproductions (simple downloading and storage activity on their computer systems), provided that<\/span><span style=\"font-weight: 400;\"><br \/><\/span><\/p>\n<p>&nbsp;<\/p>\n<p><span style=\"font-weight: 400;\">when the items are intended for personal use only. Under no circumstances does this imply any authorization or license over the property rights of HIJAS DE JES\u00daS- CURIA GENERAL or of the legitimate owners of the same.<\/span><\/p>\n<p>&nbsp;<\/p>\n<p><span style=\"font-weight: 400;\">The User is not authorized to proceed to the distribution, modification, transfer or public communication of the information contained in this Web in any form and whatever its purpose.<\/span><\/p>\n<p>&nbsp;<\/p>\n<h1><b>5.- Links.<\/b><\/h1>\n<p><span style=\"font-weight: 400;\">Connections and links to third-party Web sites or pages are provided solely as a convenience to the User. HIJAS DE JES\u00daS- CURIA GENERAL is in no way responsible for them or their content.<\/span><\/p>\n<p>&nbsp;<\/p>\n<p><span style=\"font-weight: 400;\">HIJAS DE JES\u00daS- CURIA GENERAL does not assume any responsibility derived from the existence of links between the contents of this site and contents located outside this site or any other mention of contents external to this site. Such links or mentions are for information purposes only and in no case imply support, approval, marketing or any relationship between HIJAS DE JES\u00daS- CURIA GENERAL and the persons or entities that are the authors and\/or managers of such contents or owners of the sites where they are located.<\/span><\/p>\n<p>&nbsp;<\/p>\n<p><span style=\"font-weight: 400;\">To make links to the Web page will require the express written authorization of the owners of the portal.<\/span><\/p>\n<p>&nbsp;<\/p>\n<h1><b>6.- Responsibility.<\/b><\/h1>\n<p>&nbsp;<\/p>\n<p><span style=\"font-weight: 400;\">DAUGHTERS OF JESUS- GENERAL CURIA does not guarantee continued access, nor the correct viewing, downloading or use of the elements and information contained in the pages of the portal, which may be impeded, hindered or interrupted by factors or circumstances beyond its control or beyond its control, nor those caused by the existence of computer viruses on the Internet.<\/span><\/p>\n<p>&nbsp;<\/p>\n<p><span style=\"font-weight: 400;\">DAUGHTERS OF JESUS- GENERAL CURIA assumes no liability whatsoever for damages, losses, claims or expenses caused by:<\/span><\/p>\n<ol>\n<li style=\"font-weight: 400;\" aria-level=\"2\"><span style=\"font-weight: 400;\">Interferences, interruptions, failures, omissions, delays, blockages or disconnections caused by errors in the telecommunications lines and networks or by any other cause beyond the control of HIJAS DE JES\u00daS- CURIA GENERAL.<\/span><\/li>\n<li style=\"font-weight: 400;\" aria-level=\"2\"><span style=\"font-weight: 400;\">Illegitimate intrusions through the use of malicious programs of any kind and through any means of communication, such as computer viruses or any other;<\/span><\/li>\n<li style=\"font-weight: 400;\" aria-level=\"2\"><span style=\"font-weight: 400;\">Improper or inappropriate use of the HIJAS DE JES\u00daS- CURIA GENERAL website.<\/span><\/li>\n<li style=\"font-weight: 400;\" aria-level=\"2\"><span style=\"font-weight: 400;\">Security or navigation errors caused by a malfunction of the browser or by the use of non-updated versions.<\/span><\/li>\n<\/ol>\n<p>&nbsp;<\/p>\n<p><span style=\"font-weight: 400;\">HIJAS DE JES\u00daS- CURIA GENERAL is not responsible and in no case shall be liable to users and third parties for acts of any third party outside HIJAS DE JES\u00daS- CURIA GENERAL that involve or may involve acts of unfair competition and illegal advertising or infringement of intellectual and industrial property rights, business secrets, contractual commitments of any kind, the right to honor, the right to privacy, the right to privacy, the right to privacy, the right to privacy, the right to privacy, the right to privacy and the right to privacy.<\/span><span style=\"font-weight: 400;\"><br \/><\/span><\/p>\n<p>&nbsp;<\/p>\n<p><span style=\"font-weight: 400;\">personal and family privacy and image, property rights and any other rights belonging to a third party by reason of the transmission, dissemination, storage, availability, reception, obtaining or access to the contents.<\/span><\/p>\n<p>&nbsp;<\/p>\n<h1><b>7.- Protection of Personal Data.<\/b><\/h1>\n<p><span style=\"font-weight: 400;\">The entire personal data processing policy can be found in the Privacy Policy, which is an integral part of these General Terms and Conditions but which, for simplicity, we have placed in a separate document: <\/span><span style=\"font-weight: 400;\">Privacy Policy<\/span><span style=\"font-weight: 400;\">.<\/span><span style=\"font-weight: 400;\"> <\/span><\/p>\n<p>&nbsp;<\/p>\n<h1><b>8.- Legislation.<\/b><\/h1>\n<p><span style=\"font-weight: 400;\">This Legal Notice and its terms and conditions shall be governed by and construed in accordance with Italian Law. The user, by the mere fact of accessing the website or obtaining the status of registered user irrevocably grants his consent to the competent courts by default to hear any legal action arising from or related to these conditions, or to his use of this Site or the navigation performed by the same.<\/span><\/p>\n<p>&nbsp;<\/p>\n<p><span style=\"font-weight: 400;\">If any clause or section of these General Conditions, which is not of an essential nature for the existence of the same, is declared null and void or unenforceable, the validity of the remaining clauses shall not be affected.<\/span><\/p>\n<p>[\/et_pb_text][\/et_pb_column][\/et_pb_row][\/et_pb_section]<\/p>\n","protected":false},"excerpt":{"rendered":"<p>Thank you for choosing to visit us. We want your experience on our website to be the best it can be. &nbsp; To access our services, you declare that you are of legal age and that you have sufficient legal capacity to use our services, in accordance with your national law. Accessing and browsing the [&hellip;]<\/p>\n","protected":false},"author":1,"featured_media":0,"parent":0,"menu_order":0,"comment_status":"closed","ping_status":"closed","template":"","meta":{"_et_pb_use_builder":"on","_et_pb_old_content":"","_et_gb_content_width":"","footnotes":"","_links_to":"","_links_to_target":""},"class_list":["post-36829","page","type-page","status-publish","hentry"],"yoast_head":"<!-- This site is optimized with the Yoast SEO plugin v27.5 - https:\/\/yoast.com\/product\/yoast-seo-wordpress\/ -->\n<title>Legal Notice - Hijas de Jes\u00fas<\/title>\n<meta name=\"robots\" content=\"index, follow, max-snippet:-1, max-image-preview:large, max-video-preview:-1\" \/>\n<link rel=\"canonical\" href=\"https:\/\/hijasdejesus.org\/en\/legal-notice\/\" \/>\n<meta property=\"og:locale\" content=\"en_US\" \/>\n<meta property=\"og:type\" content=\"article\" \/>\n<meta property=\"og:title\" content=\"Legal Notice - Hijas de Jes\u00fas\" \/>\n<meta property=\"og:description\" content=\"Thank you for choosing to visit us. We want your experience on our website to be the best it can be. &nbsp; To access our services, you declare that you are of legal age and that you have sufficient legal capacity to use our services, in accordance with your national law. Accessing and browsing the [&hellip;]\" \/>\n<meta property=\"og:url\" content=\"https:\/\/hijasdejesus.org\/en\/legal-notice\/\" \/>\n<meta property=\"og:site_name\" content=\"Hijas de Jes\u00fas\" \/>\n<meta property=\"article:publisher\" content=\"https:\/\/www.facebook.com\/hijasdejesusenelmundo\/\" \/>\n<meta property=\"article:modified_time\" content=\"2023-10-19T12:14:01+00:00\" \/>\n<meta name=\"twitter:card\" content=\"summary_large_image\" \/>\n<meta name=\"twitter:site\" content=\"@hijasdjesus\" \/>\n<meta name=\"twitter:label1\" content=\"Est. reading time\" \/>\n\t<meta name=\"twitter:data1\" content=\"8 minutes\" \/>\n<script type=\"application\/ld+json\" class=\"yoast-schema-graph\">{\"@context\":\"https:\\\/\\\/schema.org\",\"@graph\":[{\"@type\":\"WebPage\",\"@id\":\"https:\\\/\\\/hijasdejesus.org\\\/en\\\/legal-notice\\\/\",\"url\":\"https:\\\/\\\/hijasdejesus.org\\\/en\\\/legal-notice\\\/\",\"name\":\"Legal Notice - Hijas de Jes\u00fas\",\"isPartOf\":{\"@id\":\"https:\\\/\\\/hijasdejesus.org\\\/en\\\/#website\"},\"datePublished\":\"2022-12-05T21:35:41+00:00\",\"dateModified\":\"2023-10-19T12:14:01+00:00\",\"breadcrumb\":{\"@id\":\"https:\\\/\\\/hijasdejesus.org\\\/en\\\/legal-notice\\\/#breadcrumb\"},\"inLanguage\":\"en-US\",\"potentialAction\":[{\"@type\":\"ReadAction\",\"target\":[\"https:\\\/\\\/hijasdejesus.org\\\/en\\\/legal-notice\\\/\"]}]},{\"@type\":\"BreadcrumbList\",\"@id\":\"https:\\\/\\\/hijasdejesus.org\\\/en\\\/legal-notice\\\/#breadcrumb\",\"itemListElement\":[{\"@type\":\"ListItem\",\"position\":1,\"name\":\"Portada\",\"item\":\"https:\\\/\\\/hijasdejesus.org\\\/en\\\/\"},{\"@type\":\"ListItem\",\"position\":2,\"name\":\"Legal Notice\"}]},{\"@type\":\"WebSite\",\"@id\":\"https:\\\/\\\/hijasdejesus.org\\\/en\\\/#website\",\"url\":\"https:\\\/\\\/hijasdejesus.org\\\/en\\\/\",\"name\":\"Hijas de Jes\u00fas\",\"description\":\"Despertamos a Jes\u00fas en el coraz\u00f3n, sacando lo mejor de las personas. Somos una congregaci\u00f3n religiosa ignaciana fundada por la Madre Candida\",\"publisher\":{\"@id\":\"https:\\\/\\\/hijasdejesus.org\\\/en\\\/#organization\"},\"potentialAction\":[{\"@type\":\"SearchAction\",\"target\":{\"@type\":\"EntryPoint\",\"urlTemplate\":\"https:\\\/\\\/hijasdejesus.org\\\/en\\\/?s={search_term_string}\"},\"query-input\":{\"@type\":\"PropertyValueSpecification\",\"valueRequired\":true,\"valueName\":\"search_term_string\"}}],\"inLanguage\":\"en-US\"},{\"@type\":\"Organization\",\"@id\":\"https:\\\/\\\/hijasdejesus.org\\\/en\\\/#organization\",\"name\":\"Hijas de Jes\u00fas\",\"url\":\"https:\\\/\\\/hijasdejesus.org\\\/en\\\/\",\"logo\":{\"@type\":\"ImageObject\",\"inLanguage\":\"en-US\",\"@id\":\"https:\\\/\\\/hijasdejesus.org\\\/en\\\/#\\\/schema\\\/logo\\\/image\\\/\",\"url\":\"https:\\\/\\\/hijasdejesus.org\\\/wp-content\\\/uploads\\\/2023\\\/01\\\/Hijas-de-Jesus_hor-A7C957.png\",\"contentUrl\":\"https:\\\/\\\/hijasdejesus.org\\\/wp-content\\\/uploads\\\/2023\\\/01\\\/Hijas-de-Jesus_hor-A7C957.png\",\"width\":700,\"height\":360,\"caption\":\"Hijas de Jes\u00fas\"},\"image\":{\"@id\":\"https:\\\/\\\/hijasdejesus.org\\\/en\\\/#\\\/schema\\\/logo\\\/image\\\/\"},\"sameAs\":[\"https:\\\/\\\/www.facebook.com\\\/hijasdejesusenelmundo\\\/\",\"https:\\\/\\\/x.com\\\/hijasdjesus\"]}]}<\/script>\n<!-- \/ Yoast SEO plugin. -->","yoast_head_json":{"title":"Legal Notice - Hijas de Jes\u00fas","robots":{"index":"index","follow":"follow","max-snippet":"max-snippet:-1","max-image-preview":"max-image-preview:large","max-video-preview":"max-video-preview:-1"},"canonical":"https:\/\/hijasdejesus.org\/en\/legal-notice\/","og_locale":"en_US","og_type":"article","og_title":"Legal Notice - Hijas de Jes\u00fas","og_description":"Thank you for choosing to visit us. We want your experience on our website to be the best it can be. &nbsp; To access our services, you declare that you are of legal age and that you have sufficient legal capacity to use our services, in accordance with your national law. Accessing and browsing the [&hellip;]","og_url":"https:\/\/hijasdejesus.org\/en\/legal-notice\/","og_site_name":"Hijas de Jes\u00fas","article_publisher":"https:\/\/www.facebook.com\/hijasdejesusenelmundo\/","article_modified_time":"2023-10-19T12:14:01+00:00","twitter_card":"summary_large_image","twitter_site":"@hijasdjesus","twitter_misc":{"Est. reading time":"8 minutes"},"schema":{"@context":"https:\/\/schema.org","@graph":[{"@type":"WebPage","@id":"https:\/\/hijasdejesus.org\/en\/legal-notice\/","url":"https:\/\/hijasdejesus.org\/en\/legal-notice\/","name":"Legal Notice - Hijas de Jes\u00fas","isPartOf":{"@id":"https:\/\/hijasdejesus.org\/en\/#website"},"datePublished":"2022-12-05T21:35:41+00:00","dateModified":"2023-10-19T12:14:01+00:00","breadcrumb":{"@id":"https:\/\/hijasdejesus.org\/en\/legal-notice\/#breadcrumb"},"inLanguage":"en-US","potentialAction":[{"@type":"ReadAction","target":["https:\/\/hijasdejesus.org\/en\/legal-notice\/"]}]},{"@type":"BreadcrumbList","@id":"https:\/\/hijasdejesus.org\/en\/legal-notice\/#breadcrumb","itemListElement":[{"@type":"ListItem","position":1,"name":"Portada","item":"https:\/\/hijasdejesus.org\/en\/"},{"@type":"ListItem","position":2,"name":"Legal Notice"}]},{"@type":"WebSite","@id":"https:\/\/hijasdejesus.org\/en\/#website","url":"https:\/\/hijasdejesus.org\/en\/","name":"Hijas de Jes\u00fas","description":"Despertamos a Jes\u00fas en el coraz\u00f3n, sacando lo mejor de las personas. Somos una congregaci\u00f3n religiosa ignaciana fundada por la Madre Candida","publisher":{"@id":"https:\/\/hijasdejesus.org\/en\/#organization"},"potentialAction":[{"@type":"SearchAction","target":{"@type":"EntryPoint","urlTemplate":"https:\/\/hijasdejesus.org\/en\/?s={search_term_string}"},"query-input":{"@type":"PropertyValueSpecification","valueRequired":true,"valueName":"search_term_string"}}],"inLanguage":"en-US"},{"@type":"Organization","@id":"https:\/\/hijasdejesus.org\/en\/#organization","name":"Hijas de Jes\u00fas","url":"https:\/\/hijasdejesus.org\/en\/","logo":{"@type":"ImageObject","inLanguage":"en-US","@id":"https:\/\/hijasdejesus.org\/en\/#\/schema\/logo\/image\/","url":"https:\/\/hijasdejesus.org\/wp-content\/uploads\/2023\/01\/Hijas-de-Jesus_hor-A7C957.png","contentUrl":"https:\/\/hijasdejesus.org\/wp-content\/uploads\/2023\/01\/Hijas-de-Jesus_hor-A7C957.png","width":700,"height":360,"caption":"Hijas de Jes\u00fas"},"image":{"@id":"https:\/\/hijasdejesus.org\/en\/#\/schema\/logo\/image\/"},"sameAs":["https:\/\/www.facebook.com\/hijasdejesusenelmundo\/","https:\/\/x.com\/hijasdjesus"]}]}},"_links":{"self":[{"href":"https:\/\/hijasdejesus.org\/en\/wp-json\/wp\/v2\/pages\/36829","targetHints":{"allow":["GET"]}}],"collection":[{"href":"https:\/\/hijasdejesus.org\/en\/wp-json\/wp\/v2\/pages"}],"about":[{"href":"https:\/\/hijasdejesus.org\/en\/wp-json\/wp\/v2\/types\/page"}],"author":[{"embeddable":true,"href":"https:\/\/hijasdejesus.org\/en\/wp-json\/wp\/v2\/users\/1"}],"replies":[{"embeddable":true,"href":"https:\/\/hijasdejesus.org\/en\/wp-json\/wp\/v2\/comments?post=36829"}],"version-history":[{"count":4,"href":"https:\/\/hijasdejesus.org\/en\/wp-json\/wp\/v2\/pages\/36829\/revisions"}],"predecessor-version":[{"id":36837,"href":"https:\/\/hijasdejesus.org\/en\/wp-json\/wp\/v2\/pages\/36829\/revisions\/36837"}],"wp:attachment":[{"href":"https:\/\/hijasdejesus.org\/en\/wp-json\/wp\/v2\/media?parent=36829"}],"curies":[{"name":"wp","href":"https:\/\/api.w.org\/{rel}","templated":true}]}}