{"id":36841,"date":"2022-01-17T12:36:50","date_gmt":"2022-01-17T11:36:50","guid":{"rendered":"https:\/\/hijasdejesus.org\/privacy-policy\/"},"modified":"2023-10-19T14:15:37","modified_gmt":"2023-10-19T12:15:37","slug":"privacy-policy","status":"publish","type":"page","link":"https:\/\/hijasdejesus.org\/en\/privacy-policy\/","title":{"rendered":"Privacy Policy"},"content":{"rendered":"<p>[et_pb_section fb_built=&#8221;1&#8243; admin_label=&#8221;section&#8221; _builder_version=&#8221;4.16&#8243; global_colors_info=&#8221;{}&#8221;][et_pb_row admin_label=&#8221;row&#8221; _builder_version=&#8221;4.16&#8243; background_size=&#8221;initial&#8221; background_position=&#8221;top_left&#8221; background_repeat=&#8221;repeat&#8221; global_colors_info=&#8221;{}&#8221;][et_pb_column type=&#8221;4_4&#8243; _builder_version=&#8221;4.16&#8243; custom_padding=&#8221;|||&#8221; global_colors_info=&#8221;{}&#8221; custom_padding__hover=&#8221;|||&#8221;][et_pb_text admin_label=&#8221;Text&#8221; _builder_version=&#8221;4.22.2&#8243; text_text_color=&#8221;#364F7D&#8221; background_size=&#8221;initial&#8221; background_position=&#8221;top_left&#8221; background_repeat=&#8221;repeat&#8221; hover_enabled=&#8221;0&#8243; global_colors_info=&#8221;{}&#8221; header_text_color=&#8221;#364F7D&#8221; header_2_text_color=&#8221;#364F7D&#8221; sticky_enabled=&#8221;0&#8243;]<\/p>\n<p><span style=\"font-weight: 400;\">The Privacy Policy is part of the General Conditions that govern this Web.<\/span><\/p>\n<p>&nbsp;<\/p>\n<h1><b>Who is responsible for the processing of your data?<\/b><\/h1>\n<p><span style=\"font-weight: 400;\">Daughters of Jesus General Curia<\/span><\/p>\n<p><span style=\"font-weight: 400;\">Taxpayer Identification Number: R2800637G<\/span><\/p>\n<p><span style=\"font-weight: 400;\">Tax address: C\/ Marqu\u00e9s de la Valdavia, 7 &#8211; 2\u00ba pta. izq. 28012 Madrid Contact:  <\/span><a href=\"mailto:infopd@hijasdejesus.org\"><span style=\"font-weight: 400;\">infopd@hijasdejesus.org<\/span><\/a><\/p>\n<p>&nbsp;<\/p>\n<p><span style=\"font-weight: 400;\">You can contact us in any way to communicate with us.<\/span><\/p>\n<p><span style=\"font-weight: 400;\">We reserve the right to modify or adapt this Privacy Policy at any time. We recommend that you review it, and if you have registered and log in to your account or profile, you will be informed of the changes.<\/span><\/p>\n<p>&nbsp;<\/p>\n<p><span style=\"font-weight: 400;\">If you are one of the following groups, please see the information below:<\/span><\/p>\n<p>&nbsp;<\/p>\n<h1><b>+ WEB OR E-MAIL CONTACTS<\/b><\/h1>\n<p><b>What data do we collect through the Web?<\/b><\/p>\n<p><span style=\"font-weight: 400;\">We may treat your IP address, what operating system or browser you use, and even the duration of your visit, anonymously.<\/span><\/p>\n<p><span style=\"font-weight: 400;\">If you provide us with data in the contact form, you will be identified so that we can contact you, if necessary.<\/span><\/p>\n<h1><b>For what purposes will we process your personal data?<\/b><\/h1>\n<ul>\n<li style=\"font-weight: 400;\" aria-level=\"1\"><span style=\"font-weight: 400;\">Respond to your inquiries, requests or requests.<\/span><\/li>\n<li style=\"font-weight: 400;\" aria-level=\"1\"><span style=\"font-weight: 400;\">Manage the requested service, answer your request, or process your request.<\/span><\/li>\n<li style=\"font-weight: 400;\" aria-level=\"1\"><span style=\"font-weight: 400;\">Information by electronic means, related to your request.<\/span><\/li>\n<li style=\"font-weight: 400;\" aria-level=\"1\"><span style=\"font-weight: 400;\">Commercial or event information by electronic means, provided there is express authorization.<\/span><\/li>\n<li style=\"font-weight: 400;\" aria-level=\"1\"><span style=\"font-weight: 400;\">Perform analysis and improvements on the Web, about our products and services. Improve our commercial strategy.<\/span><\/li>\n<\/ul>\n<h1><b>What is the legitimacy for the processing of your data?<\/b><\/h1>\n<p><span style=\"font-weight: 400;\">The acceptance and consent of the interested party, granted through a voluntary action, as in cases where to make a request it is necessary to fill out a form and click on the submit button, the completion of the same will necessarily imply that it has been informed and has expressly given its consent to the content of the clause attached to the form or acceptance of the privacy policy.<\/span><\/p>\n<p><span style=\"font-weight: 400;\">All our forms have the * symbol in the required fields. If you do not provide these fields, or<\/span><span style=\"font-weight: 400;\"><br \/><\/span><\/p>\n<p><span style=\"font-weight: 400;\">If you do not check the checkbox to accept the privacy policy, the information will not be allowed to be sent.<\/span><\/p>\n<p>&nbsp;<\/p>\n<h1><b>How long will we keep personal data?<\/b><\/h1>\n<p><span style=\"font-weight: 400;\">Until the revocation of the consent granted.<\/span><\/p>\n<p>&nbsp;<\/p>\n<h1><b>+PROVIDERS<\/b><\/h1>\n<p><b>For what purposes will we process your personal data?<\/b><\/p>\n<ul>\n<li style=\"font-weight: 400;\" aria-level=\"1\"><span style=\"font-weight: 400;\">Information by electronic means, related to your request.<\/span><\/li>\n<li style=\"font-weight: 400;\" aria-level=\"1\"><span style=\"font-weight: 400;\">Commercial or event information by electronic means, provided there is express authorization.<\/span><\/li>\n<li style=\"font-weight: 400;\" aria-level=\"1\"><span style=\"font-weight: 400;\">Manage the administrative, communications and logistics services performed by the Responsible.<\/span><\/li>\n<li style=\"font-weight: 400;\" aria-level=\"1\"><span style=\"font-weight: 400;\">Billing.<\/span><\/li>\n<li style=\"font-weight: 400;\" aria-level=\"1\"><span style=\"font-weight: 400;\">Carry out the corresponding transactions.<\/span><\/li>\n<li style=\"font-weight: 400;\" aria-level=\"1\"><span style=\"font-weight: 400;\">Invoicing and declaration of the appropriate taxes.<\/span><\/li>\n<li style=\"font-weight: 400;\" aria-level=\"1\"><span style=\"font-weight: 400;\">Control and recovery management.<\/span><\/li>\n<\/ul>\n<h1><b>What is the legitimacy for the processing of your data?<\/b><\/h1>\n<p><span style=\"font-weight: 400;\">The legal basis is the acceptance of a contractual relationship, or otherwise your consent to contact us or offer us your products by any means.<\/span><\/p>\n<h1><b>How long will we keep personal data?<\/b><\/h1>\n<p><span style=\"font-weight: 400;\">During the term of the relations between the parties and for the statute of limitations derived therefrom.<\/span><\/p>\n<p>&nbsp;<\/p>\n<h1><b>+SOCIAL NETWORK CONTACTS<\/b><\/h1>\n<p><b>For what purposes will we process your personal data?<\/b><\/p>\n<ul>\n<li style=\"font-weight: 400;\" aria-level=\"1\"><span style=\"font-weight: 400;\">Respond to your inquiries, requests or requests.<\/span><\/li>\n<li style=\"font-weight: 400;\" aria-level=\"1\"><span style=\"font-weight: 400;\">Manage the requested service, answer your request, or process your request.<\/span><\/li>\n<li style=\"font-weight: 400;\" aria-level=\"1\"><span style=\"font-weight: 400;\">Network with you and create a community of followers.<\/span><\/li>\n<\/ul>\n<h1><b>What is the legitimacy for the processing of your data?<\/b><\/h1>\n<p><span style=\"font-weight: 400;\">The bases that legitimize the treatment is the voluntary consent of the person concerned to contact and, where appropriate, the acceptance of a contractual relationship in the environment of the social network concerned. The processing of data within the Social Network will be carried out in accordance with its Privacy policies.<\/span><\/p>\n<p>&nbsp;<\/p>\n<h1><b>How long will we keep personal data?<\/b><\/h1>\n<p><span style=\"font-weight: 400;\">We can only consult or unsubscribe your data in a restricted way when you have a specific profile. We will treat them as long as you let us by following us, being friends or giving &#8220;like&#8221;, &#8220;follow&#8221; or similar buttons.<\/span><\/p>\n<p><span style=\"font-weight: 400;\">Any rectification of your data or restriction of information or publications must be made through the following channels<\/span><span style=\"font-weight: 400;\"><br \/><\/span><\/p>\n<p><span style=\"font-weight: 400;\">of the configuration of your profile or user in the social network itself.<\/span><\/p>\n<p>&nbsp;<\/p>\n<h1><b>+JOB SEEKERS<\/b><\/h1>\n<p><b>For what purposes will we process your personal data?<\/b><\/p>\n<ul>\n<li style=\"font-weight: 400;\" aria-level=\"1\"><span style=\"font-weight: 400;\">Organization of selection processes for the hiring of employees.<\/span><\/li>\n<li style=\"font-weight: 400;\" aria-level=\"1\"><span style=\"font-weight: 400;\">To set you up for job interviews and evaluate your candidacy.<\/span><\/li>\n<li style=\"font-weight: 400;\" aria-level=\"1\"><span style=\"font-weight: 400;\">If you have given us your consent, we may pass it on to collaborating or related companies, with the sole purpose of helping you find a job.<\/span><\/li>\n<li style=\"font-weight: 400;\" aria-level=\"1\"><span style=\"font-weight: 400;\">If you check the checkbox to accept the privacy policy, you give us your consent to transfer your job application to the entities that make up the group of companies in order to include you in their personnel selection processes.<\/span><\/li>\n<\/ul>\n<p><span style=\"font-weight: 400;\">We also inform you that after one year from the receipt of your curriculum vitae, we will proceed to its secure destruction.<\/span><\/p>\n<h1><b>What is the legitimacy for the processing of your data?<\/b><\/h1>\n<p><span style=\"font-weight: 400;\">The legal basis is your unequivocal consent by sending us your CV.<\/span><\/p>\n<h1><b>How long will we keep personal data?<\/b><\/h1>\n<p><span style=\"font-weight: 400;\">For a minimum period of 1 year or until revocation of the consent granted.<\/span><\/p>\n<p>&nbsp;<\/p>\n<h1><b>Do we include personal data of third parties?<\/b><\/h1>\n<p><span style=\"font-weight: 400;\">No, as a general rule we only process the data provided by the owners. If you provide us with data of third parties, you must previously inform and request their consent to such persons, or otherwise you exempt us from any liability for failure to comply with this requirement.<\/span><\/p>\n<p>&nbsp;<\/p>\n<h1><b>What about data on minors?<\/b><\/h1>\n<p><span style=\"font-weight: 400;\">We do not process data from children under 14 years of age. Therefore, please refrain from providing them if you are not of that age or, if applicable, from providing data of third parties who are not of the aforementioned age.  <\/span><span style=\"font-weight: 400;\">CASA GENERALIZIA DELLA CONGREGAZIONE DELLE FIGLIE DI GES\u00d9 <\/span><span style=\"font-weight: 400;\">disclaims any liability for failure to comply with this provision.<\/span><\/p>\n<p>&nbsp;<\/p>\n<h1><b>Will we communicate electronically?<\/b><\/h1>\n<ul>\n<li style=\"font-weight: 400;\" aria-level=\"1\"><span style=\"font-weight: 400;\">They will only be made to process your request, if it is one of the means of contact you have provided us with.<\/span><\/li>\n<li style=\"font-weight: 400;\" aria-level=\"1\"><span style=\"font-weight: 400;\">If we send commercial communications, they will have been previously and expressly authorized by you.<\/span><\/li>\n<\/ul>\n<p>&nbsp;<\/p>\n<h1><b>What security measures do we apply?<\/b><\/h1>\n<p><span style=\"font-weight: 400;\">You can rest assured: We have adopted an optimal level of protection of the Personal Data we handle, and we have installed all the technical means and measures at our disposal according to the state of technology to prevent the loss, misuse, alteration, unauthorized access and theft of Personal Data.<\/span><span style=\"font-weight: 400;\"><br \/><\/span><\/p>\n<h1><b>To which recipients will your data be communicated?<\/b><\/h1>\n<p><span style=\"font-weight: 400;\">Your data will not be disclosed to third parties, unless required by law. Specifically, to the data processors necessary for the execution of the agreement.<\/span><\/p>\n<p><span style=\"font-weight: 400;\">When we order it, the web development and maintenance company, web hosting\/hosting, will have access to our website. They will have signed a service contract that obligates them to maintain the same level of privacy as we do.<\/span><\/p>\n<p>&nbsp;<\/p>\n<h1><b>What rights do you have?<\/b><\/h1>\n<ul>\n<li style=\"font-weight: 400;\" aria-level=\"1\"><span style=\"font-weight: 400;\">To know if we are processing your data or not.<\/span><\/li>\n<li style=\"font-weight: 400;\" aria-level=\"1\"><span style=\"font-weight: 400;\">To access your personal data.<\/span><\/li>\n<li style=\"font-weight: 400;\" aria-level=\"1\"><span style=\"font-weight: 400;\">To request the rectification of your data if it is inaccurate.<\/span><\/li>\n<li style=\"font-weight: 400;\" aria-level=\"1\"><span style=\"font-weight: 400;\">To request the deletion of your data if they are no longer necessary for the purposes for which they were collected or if you withdraw your consent.<\/span><\/li>\n<li style=\"font-weight: 400;\" aria-level=\"1\"><span style=\"font-weight: 400;\">To request the limitation of the processing of your data, in some cases, in which case we will only keep them in accordance with the regulations in force.<\/span><\/li>\n<li style=\"font-weight: 400;\" aria-level=\"1\"><span style=\"font-weight: 400;\">To carry your data, which will be provided to you in a structured, commonly used or machine-readable format. If you prefer, we can send them to the new person in charge that you designate. It is only valid in certain cases.<\/span><\/li>\n<li style=\"font-weight: 400;\" aria-level=\"1\"><span style=\"font-weight: 400;\">To file a complaint with the Spanish Data Protection Agency or competent supervisory authority, if you believe that we have not served you correctly.<\/span><\/li>\n<li style=\"font-weight: 400;\" aria-level=\"1\"><span style=\"font-weight: 400;\">To revoke consent to any processing for which you have consented, at any time.<\/span><\/li>\n<\/ul>\n<p><span style=\"font-weight: 400;\">If you change any information, please let us know so that we can keep them updated.<\/span><\/p>\n<p>&nbsp;<\/p>\n<h1><b>Do you want a form to exercise your rights?<\/b><\/h1>\n<ul>\n<li style=\"font-weight: 400;\" aria-level=\"1\"><span style=\"font-weight: 400;\">We have forms for the exercise of your rights, ask for them by email or if you prefer, you can use the forms prepared by the Spanish Data Protection Agency or third parties.<\/span><\/li>\n<li style=\"font-weight: 400;\" aria-level=\"1\"><span style=\"font-weight: 400;\">These forms must be electronically signed or be accompanied by a photocopy of the ID card.<\/span><\/li>\n<li style=\"font-weight: 400;\" aria-level=\"1\"><span style=\"font-weight: 400;\">If someone is representing you, you must attach a copy of their ID card, or have them sign it with their electronic signature.<\/span><\/li>\n<li style=\"font-weight: 400;\" aria-level=\"1\"><span style=\"font-weight: 400;\">The forms can be submitted in person, sent by letter or by mail to the address of the person in charge at the beginning of this text.<\/span><\/li>\n<\/ul>\n<p>&nbsp;<\/p>\n<h1><b>How long does it take for us to respond to your Exercise of Rights?<\/b><\/h1>\n<p><span style=\"font-weight: 400;\">It depends on the law, but at the most in one month from your request, and two months if the issue is very complex and we notify you that we need more time.<\/span><span style=\"font-weight: 400;\"><br \/><\/span><\/p>\n<h1><b>Do we process cookies?<\/b><\/h1>\n<p><span style=\"font-weight: 400;\">If we use other types of cookies that are not necessary, you can consult the cookie policy in the corresponding link at the top of our website.<\/span><\/p>\n<p>&nbsp;<\/p>\n<h1><b>How long will we keep your personal data?<\/b><\/h1>\n<ul>\n<li style=\"font-weight: 400;\" aria-level=\"1\"><span style=\"font-weight: 400;\">Personal data will be kept for as long as you remain associated with us.<\/span><\/li>\n<li style=\"font-weight: 400;\" aria-level=\"1\"><span style=\"font-weight: 400;\">Once you unsubscribe, the personal data processed for each purpose will be kept for the legally stipulated periods, including the period in which a judge or court may require them in accordance with the statute of limitations for legal actions.<\/span><\/li>\n<li style=\"font-weight: 400;\" aria-level=\"1\"><span style=\"font-weight: 400;\">The data processed will be kept until the expiration of the aforementioned legal terms, if there is a legal obligation to maintain them, or if there is no such legal term, until the interested party requests their deletion or revokes the consent given.<\/span><\/li>\n<\/ul>\n<p>[\/et_pb_text][\/et_pb_column][\/et_pb_row][\/et_pb_section]<\/p>\n","protected":false},"excerpt":{"rendered":"<p>The Privacy Policy is part of the General Conditions that govern this Web. &nbsp; Who is responsible for the processing of your data? Daughters of Jesus General Curia Taxpayer Identification Number: R2800637G Tax address: C\/ Marqu\u00e9s de la Valdavia, 7 &#8211; 2\u00ba pta. izq. 28012 Madrid Contact: infopd@hijasdejesus.org &nbsp; You can contact us in any [&hellip;]<\/p>\n","protected":false},"author":1,"featured_media":0,"parent":0,"menu_order":0,"comment_status":"closed","ping_status":"closed","template":"","meta":{"_et_pb_use_builder":"on","_et_pb_old_content":"","_et_gb_content_width":"","footnotes":"","_links_to":"","_links_to_target":""},"class_list":["post-36841","page","type-page","status-publish","hentry"],"yoast_head":"<!-- This site is optimized with the Yoast SEO plugin v27.5 - https:\/\/yoast.com\/product\/yoast-seo-wordpress\/ -->\n<title>Privacy Policy - Hijas de Jes\u00fas<\/title>\n<meta name=\"robots\" content=\"index, follow, max-snippet:-1, max-image-preview:large, max-video-preview:-1\" \/>\n<link rel=\"canonical\" href=\"https:\/\/hijasdejesus.org\/en\/privacy-policy\/\" \/>\n<meta property=\"og:locale\" content=\"en_US\" \/>\n<meta property=\"og:type\" content=\"article\" \/>\n<meta property=\"og:title\" content=\"Privacy Policy - Hijas de Jes\u00fas\" \/>\n<meta property=\"og:description\" content=\"The Privacy Policy is part of the General Conditions that govern this Web. &nbsp; Who is responsible for the processing of your data? Daughters of Jesus General Curia Taxpayer Identification Number: R2800637G Tax address: C\/ Marqu\u00e9s de la Valdavia, 7 - 2\u00ba pta. izq. 28012 Madrid Contact: infopd@hijasdejesus.org &nbsp; You can contact us in any [&hellip;]\" \/>\n<meta property=\"og:url\" content=\"https:\/\/hijasdejesus.org\/en\/privacy-policy\/\" \/>\n<meta property=\"og:site_name\" content=\"Hijas de Jes\u00fas\" \/>\n<meta property=\"article:publisher\" content=\"https:\/\/www.facebook.com\/hijasdejesusenelmundo\/\" \/>\n<meta property=\"article:modified_time\" content=\"2023-10-19T12:15:37+00:00\" \/>\n<meta name=\"twitter:card\" content=\"summary_large_image\" \/>\n<meta name=\"twitter:site\" content=\"@hijasdjesus\" \/>\n<meta name=\"twitter:label1\" content=\"Est. reading time\" \/>\n\t<meta name=\"twitter:data1\" content=\"8 minutes\" \/>\n<script type=\"application\/ld+json\" class=\"yoast-schema-graph\">{\"@context\":\"https:\\\/\\\/schema.org\",\"@graph\":[{\"@type\":\"WebPage\",\"@id\":\"https:\\\/\\\/hijasdejesus.org\\\/en\\\/privacy-policy\\\/\",\"url\":\"https:\\\/\\\/hijasdejesus.org\\\/en\\\/privacy-policy\\\/\",\"name\":\"Privacy Policy - Hijas de Jes\u00fas\",\"isPartOf\":{\"@id\":\"https:\\\/\\\/hijasdejesus.org\\\/en\\\/#website\"},\"datePublished\":\"2022-01-17T11:36:50+00:00\",\"dateModified\":\"2023-10-19T12:15:37+00:00\",\"breadcrumb\":{\"@id\":\"https:\\\/\\\/hijasdejesus.org\\\/en\\\/privacy-policy\\\/#breadcrumb\"},\"inLanguage\":\"en-US\",\"potentialAction\":[{\"@type\":\"ReadAction\",\"target\":[\"https:\\\/\\\/hijasdejesus.org\\\/en\\\/privacy-policy\\\/\"]}]},{\"@type\":\"BreadcrumbList\",\"@id\":\"https:\\\/\\\/hijasdejesus.org\\\/en\\\/privacy-policy\\\/#breadcrumb\",\"itemListElement\":[{\"@type\":\"ListItem\",\"position\":1,\"name\":\"Portada\",\"item\":\"https:\\\/\\\/hijasdejesus.org\\\/en\\\/\"},{\"@type\":\"ListItem\",\"position\":2,\"name\":\"Privacy Policy\"}]},{\"@type\":\"WebSite\",\"@id\":\"https:\\\/\\\/hijasdejesus.org\\\/en\\\/#website\",\"url\":\"https:\\\/\\\/hijasdejesus.org\\\/en\\\/\",\"name\":\"Hijas de Jes\u00fas\",\"description\":\"Despertamos a Jes\u00fas en el coraz\u00f3n, sacando lo mejor de las personas. Somos una congregaci\u00f3n religiosa ignaciana fundada por la Madre Candida\",\"publisher\":{\"@id\":\"https:\\\/\\\/hijasdejesus.org\\\/en\\\/#organization\"},\"potentialAction\":[{\"@type\":\"SearchAction\",\"target\":{\"@type\":\"EntryPoint\",\"urlTemplate\":\"https:\\\/\\\/hijasdejesus.org\\\/en\\\/?s={search_term_string}\"},\"query-input\":{\"@type\":\"PropertyValueSpecification\",\"valueRequired\":true,\"valueName\":\"search_term_string\"}}],\"inLanguage\":\"en-US\"},{\"@type\":\"Organization\",\"@id\":\"https:\\\/\\\/hijasdejesus.org\\\/en\\\/#organization\",\"name\":\"Hijas de Jes\u00fas\",\"url\":\"https:\\\/\\\/hijasdejesus.org\\\/en\\\/\",\"logo\":{\"@type\":\"ImageObject\",\"inLanguage\":\"en-US\",\"@id\":\"https:\\\/\\\/hijasdejesus.org\\\/en\\\/#\\\/schema\\\/logo\\\/image\\\/\",\"url\":\"https:\\\/\\\/hijasdejesus.org\\\/wp-content\\\/uploads\\\/2023\\\/01\\\/Hijas-de-Jesus_hor-A7C957.png\",\"contentUrl\":\"https:\\\/\\\/hijasdejesus.org\\\/wp-content\\\/uploads\\\/2023\\\/01\\\/Hijas-de-Jesus_hor-A7C957.png\",\"width\":700,\"height\":360,\"caption\":\"Hijas de Jes\u00fas\"},\"image\":{\"@id\":\"https:\\\/\\\/hijasdejesus.org\\\/en\\\/#\\\/schema\\\/logo\\\/image\\\/\"},\"sameAs\":[\"https:\\\/\\\/www.facebook.com\\\/hijasdejesusenelmundo\\\/\",\"https:\\\/\\\/x.com\\\/hijasdjesus\"]}]}<\/script>\n<!-- \/ Yoast SEO plugin. -->","yoast_head_json":{"title":"Privacy Policy - Hijas de Jes\u00fas","robots":{"index":"index","follow":"follow","max-snippet":"max-snippet:-1","max-image-preview":"max-image-preview:large","max-video-preview":"max-video-preview:-1"},"canonical":"https:\/\/hijasdejesus.org\/en\/privacy-policy\/","og_locale":"en_US","og_type":"article","og_title":"Privacy Policy - Hijas de Jes\u00fas","og_description":"The Privacy Policy is part of the General Conditions that govern this Web. &nbsp; Who is responsible for the processing of your data? Daughters of Jesus General Curia Taxpayer Identification Number: R2800637G Tax address: C\/ Marqu\u00e9s de la Valdavia, 7 - 2\u00ba pta. izq. 28012 Madrid Contact: infopd@hijasdejesus.org &nbsp; You can contact us in any [&hellip;]","og_url":"https:\/\/hijasdejesus.org\/en\/privacy-policy\/","og_site_name":"Hijas de Jes\u00fas","article_publisher":"https:\/\/www.facebook.com\/hijasdejesusenelmundo\/","article_modified_time":"2023-10-19T12:15:37+00:00","twitter_card":"summary_large_image","twitter_site":"@hijasdjesus","twitter_misc":{"Est. reading time":"8 minutes"},"schema":{"@context":"https:\/\/schema.org","@graph":[{"@type":"WebPage","@id":"https:\/\/hijasdejesus.org\/en\/privacy-policy\/","url":"https:\/\/hijasdejesus.org\/en\/privacy-policy\/","name":"Privacy Policy - Hijas de Jes\u00fas","isPartOf":{"@id":"https:\/\/hijasdejesus.org\/en\/#website"},"datePublished":"2022-01-17T11:36:50+00:00","dateModified":"2023-10-19T12:15:37+00:00","breadcrumb":{"@id":"https:\/\/hijasdejesus.org\/en\/privacy-policy\/#breadcrumb"},"inLanguage":"en-US","potentialAction":[{"@type":"ReadAction","target":["https:\/\/hijasdejesus.org\/en\/privacy-policy\/"]}]},{"@type":"BreadcrumbList","@id":"https:\/\/hijasdejesus.org\/en\/privacy-policy\/#breadcrumb","itemListElement":[{"@type":"ListItem","position":1,"name":"Portada","item":"https:\/\/hijasdejesus.org\/en\/"},{"@type":"ListItem","position":2,"name":"Privacy Policy"}]},{"@type":"WebSite","@id":"https:\/\/hijasdejesus.org\/en\/#website","url":"https:\/\/hijasdejesus.org\/en\/","name":"Hijas de Jes\u00fas","description":"Despertamos a Jes\u00fas en el coraz\u00f3n, sacando lo mejor de las personas. Somos una congregaci\u00f3n religiosa ignaciana fundada por la Madre Candida","publisher":{"@id":"https:\/\/hijasdejesus.org\/en\/#organization"},"potentialAction":[{"@type":"SearchAction","target":{"@type":"EntryPoint","urlTemplate":"https:\/\/hijasdejesus.org\/en\/?s={search_term_string}"},"query-input":{"@type":"PropertyValueSpecification","valueRequired":true,"valueName":"search_term_string"}}],"inLanguage":"en-US"},{"@type":"Organization","@id":"https:\/\/hijasdejesus.org\/en\/#organization","name":"Hijas de Jes\u00fas","url":"https:\/\/hijasdejesus.org\/en\/","logo":{"@type":"ImageObject","inLanguage":"en-US","@id":"https:\/\/hijasdejesus.org\/en\/#\/schema\/logo\/image\/","url":"https:\/\/hijasdejesus.org\/wp-content\/uploads\/2023\/01\/Hijas-de-Jesus_hor-A7C957.png","contentUrl":"https:\/\/hijasdejesus.org\/wp-content\/uploads\/2023\/01\/Hijas-de-Jesus_hor-A7C957.png","width":700,"height":360,"caption":"Hijas de Jes\u00fas"},"image":{"@id":"https:\/\/hijasdejesus.org\/en\/#\/schema\/logo\/image\/"},"sameAs":["https:\/\/www.facebook.com\/hijasdejesusenelmundo\/","https:\/\/x.com\/hijasdjesus"]}]}},"_links":{"self":[{"href":"https:\/\/hijasdejesus.org\/en\/wp-json\/wp\/v2\/pages\/36841","targetHints":{"allow":["GET"]}}],"collection":[{"href":"https:\/\/hijasdejesus.org\/en\/wp-json\/wp\/v2\/pages"}],"about":[{"href":"https:\/\/hijasdejesus.org\/en\/wp-json\/wp\/v2\/types\/page"}],"author":[{"embeddable":true,"href":"https:\/\/hijasdejesus.org\/en\/wp-json\/wp\/v2\/users\/1"}],"replies":[{"embeddable":true,"href":"https:\/\/hijasdejesus.org\/en\/wp-json\/wp\/v2\/comments?post=36841"}],"version-history":[{"count":2,"href":"https:\/\/hijasdejesus.org\/en\/wp-json\/wp\/v2\/pages\/36841\/revisions"}],"predecessor-version":[{"id":36843,"href":"https:\/\/hijasdejesus.org\/en\/wp-json\/wp\/v2\/pages\/36841\/revisions\/36843"}],"wp:attachment":[{"href":"https:\/\/hijasdejesus.org\/en\/wp-json\/wp\/v2\/media?parent=36841"}],"curies":[{"name":"wp","href":"https:\/\/api.w.org\/{rel}","templated":true}]}}