{"id":46153,"date":"2025-03-05T10:12:02","date_gmt":"2025-03-05T09:12:02","guid":{"rendered":"https:\/\/hijasdejesus.org\/general-congregation-xix\/prayer-gc-xix\/"},"modified":"2025-03-20T07:19:42","modified_gmt":"2025-03-20T06:19:42","slug":"prayer-gc-xix","status":"publish","type":"page","link":"https:\/\/hijasdejesus.org\/en\/general-congregation-xix\/prayer-gc-xix\/","title":{"rendered":"Prayer GC XIX"},"content":{"rendered":"<p>[et_pb_section fb_built=&#8221;1&#8243; _builder_version=&#8221;4.27.4&#8243; _module_preset=&#8221;default&#8221; background_color=&#8221;#364F7D&#8221; background_image=&#8221;https:\/\/hijasdejesus.org\/wp-content\/uploads\/2022\/11\/discernir.png&#8221; background_size=&#8221;contain&#8221; background_position=&#8221;center_left&#8221; background_blend=&#8221;overlay&#8221; global_colors_info=&#8221;{}&#8221;][et_pb_row _builder_version=&#8221;4.27.4&#8243; _module_preset=&#8221;default&#8221; global_colors_info=&#8221;{}&#8221;][et_pb_column type=&#8221;4_4&#8243; _builder_version=&#8221;4.27.4&#8243; _module_preset=&#8221;default&#8221; global_colors_info=&#8221;{}&#8221;][et_pb_text _builder_version=&#8221;4.27.4&#8243; _module_preset=&#8221;default&#8221; text_text_color=&#8221;#000000&#8243; header_font=&#8221;||||||||&#8221; header_text_color=&#8221;#FFFFFF&#8221; header_font_size=&#8221;50px&#8221; header_2_font=&#8221;|||on|||||&#8221; header_2_text_color=&#8221;#A7C957&#8243; header_2_font_size=&#8221;24px&#8221; header_2_letter_spacing=&#8221;4px&#8221; global_colors_info=&#8221;{}&#8221;]<\/p>\n<h2>With Him, the path of hope<\/h2>\n<h1>We pray for the General Congregation<\/h1>\n<p>[\/et_pb_text][\/et_pb_column][\/et_pb_row][\/et_pb_section][et_pb_section fb_built=&#8221;1&#8243; _builder_version=&#8221;4.27.4&#8243; _module_preset=&#8221;default&#8221; background_color=&#8221;rgba(253,252,250,0.9)&#8221; background_image=&#8221;https:\/\/hijasdejesus.org\/wp-content\/uploads\/2022\/11\/abrazo.png&#8221; background_size=&#8221;contain&#8221; background_position=&#8221;center_right&#8221; background_blend=&#8221;screen&#8221; global_colors_info=&#8221;{}&#8221;][et_pb_row _builder_version=&#8221;4.27.3&#8243; _module_preset=&#8221;default&#8221; global_colors_info=&#8221;{}&#8221;][et_pb_column type=&#8221;4_4&#8243; _builder_version=&#8221;4.27.3&#8243; _module_preset=&#8221;default&#8221; global_colors_info=&#8221;{}&#8221;][et_pb_text _builder_version=&#8221;4.27.4&#8243; _module_preset=&#8221;default&#8221; text_font=&#8221;|300|||||||&#8221; text_text_color=&#8221;#364F7D&#8221; text_font_size=&#8221;22px&#8221; text_line_height=&#8221;1.8em&#8221; max_width_tablet=&#8221;80%&#8221; max_width_phone=&#8221;80%&#8221; max_width_last_edited=&#8221;on|tablet&#8221; animation_style=&#8221;fade&#8221; animation_delay=&#8221;300ms&#8221; global_colors_info=&#8221;{}&#8221;]<\/p>\n<p>We pray to you, Father, for the Daughters of Jesus,<br \/>in this time of the General Congregation.<\/p>\n<div aria-hidden=\"true\" class=\"wp-block-spacer\"><\/div>\n<p>Grant us to be docile to the Spirit,<br \/>the grace of discernment<br \/>which invites us to examine the paths we have traveled<br \/>and to choose what today would give more life to this Body in Mission.<\/p>\n<div aria-hidden=\"true\" class=\"wp-block-spacer\"><\/div>\n<p>Bless us with the gift of true listening:<br \/>to receive with reverence your Word in prayer,<br \/>in the voices that come to us from the wounds of the world<br \/>and in the sharing of each sister.<\/p>\n<div aria-hidden=\"true\" class=\"wp-block-spacer\"><\/div>\n<p>Give us your wisdom to be new wineskins,<br \/>flexible and open,<br \/>to receive the new wine that transforms<br \/>our vulnerability into possibility<br \/>and our longings<br \/>into greater vitality for the charism.<\/p>\n<div aria-hidden=\"true\" class=\"wp-block-spacer\"><\/div>\n<p>May Mary be the Star of our paths.<br \/>as she was for St. Candida Mary of Jesus.<br \/>We will make with Jesus a path of hope<br \/>together with all those who try a new way of being human,<br \/>of being Church and of being brothers and sisters.<\/p>\n<div aria-hidden=\"true\" class=\"wp-block-spacer\"><\/div>\n<p>Glory be to the Father, and to the Son and to the Holy Spirit&#8230;<\/p>\n<p>[\/et_pb_text][\/et_pb_column][\/et_pb_row][\/et_pb_section][et_pb_section fb_built=&#8221;1&#8243; theme_builder_area=&#8221;post_content&#8221; _builder_version=&#8221;4.27.4&#8243; _module_preset=&#8221;default&#8221;][et_pb_row _builder_version=&#8221;4.27.4&#8243; _module_preset=&#8221;default&#8221; theme_builder_area=&#8221;post_content&#8221;][et_pb_column _builder_version=&#8221;4.27.4&#8243; _module_preset=&#8221;default&#8221; type=&#8221;4_4&#8243; theme_builder_area=&#8221;post_content&#8221;][et_pb_blog fullwidth=&#8221;off&#8221; posts_number=&#8221;6&#8243; include_categories=&#8221;1321&#8243; excerpt_length=&#8221;0&#8243; show_author=&#8221;off&#8221; show_pagination=&#8221;off&#8221; masonry_tile_background_color=&#8221;RGBA(255,255,255,0)&#8221; module_class=&#8221;actualidad&#8221; _builder_version=&#8221;4.27.4&#8243; _module_preset=&#8221;default&#8221; header_font=&#8221;||||||||&#8221; header_text_color=&#8221;#364F7D&#8221; meta_font=&#8221;|300|||||||&#8221; meta_text_color=&#8221;#000000&#8243; background_enable_color=&#8221;off&#8221; custom_margin=&#8221;||||false|false&#8221; custom_padding=&#8221;5px|5px|5px|5px|true|true&#8221; child_filter_saturate=&#8221;120%&#8221; hover_enabled=&#8221;0&#8243; border_width_all=&#8221;0px&#8221; border_color_top=&#8221;#FF3500&#8243; border_color_bottom=&#8221;#FF3500&#8243; border_color_left=&#8221;#FF3500&#8243; border_radii_image=&#8221;on|30px|30px|30px|30px&#8221; global_colors_info=&#8221;{}&#8221; theme_builder_area=&#8221;post_content&#8221; sticky_enabled=&#8221;0&#8243;][\/et_pb_blog][\/et_pb_column][\/et_pb_row][\/et_pb_section]<\/p>\n","protected":false},"excerpt":{"rendered":"<p>With Him, the path of hope We pray for the General CongregationWe pray to you, Father, for the Daughters of Jesus,in this time of the General Congregation. Grant us to be docile to the Spirit,the grace of discernmentwhich invites us to examine the paths we have traveledand to choose what today would give more life [&hellip;]<\/p>\n","protected":false},"author":1,"featured_media":0,"parent":44589,"menu_order":0,"comment_status":"closed","ping_status":"closed","template":"","meta":{"_et_pb_use_builder":"on","_et_pb_old_content":"","_et_gb_content_width":"","footnotes":"","_links_to":"","_links_to_target":""},"class_list":["post-46153","page","type-page","status-publish","hentry"],"yoast_head":"<!-- This site is optimized with the Yoast SEO plugin v27.5 - https:\/\/yoast.com\/product\/yoast-seo-wordpress\/ -->\n<title>Prayer GC XIX - Hijas de Jes\u00fas<\/title>\n<meta name=\"robots\" content=\"index, follow, max-snippet:-1, max-image-preview:large, max-video-preview:-1\" \/>\n<link rel=\"canonical\" href=\"https:\/\/hijasdejesus.org\/en\/general-congregation-xix\/prayer-gc-xix\/\" \/>\n<meta property=\"og:locale\" content=\"en_US\" \/>\n<meta property=\"og:type\" content=\"article\" \/>\n<meta property=\"og:title\" content=\"Prayer GC XIX - Hijas de Jes\u00fas\" \/>\n<meta property=\"og:description\" content=\"With Him, the path of hope We pray for the General CongregationWe pray to you, Father, for the Daughters of Jesus,in this time of the General Congregation. Grant us to be docile to the Spirit,the grace of discernmentwhich invites us to examine the paths we have traveledand to choose what today would give more life [&hellip;]\" \/>\n<meta property=\"og:url\" content=\"https:\/\/hijasdejesus.org\/en\/general-congregation-xix\/prayer-gc-xix\/\" \/>\n<meta property=\"og:site_name\" content=\"Hijas de Jes\u00fas\" \/>\n<meta property=\"article:publisher\" content=\"https:\/\/www.facebook.com\/hijasdejesusenelmundo\/\" \/>\n<meta property=\"article:modified_time\" content=\"2025-03-20T06:19:42+00:00\" \/>\n<meta name=\"twitter:card\" content=\"summary_large_image\" \/>\n<meta name=\"twitter:site\" content=\"@hijasdjesus\" \/>\n<meta name=\"twitter:label1\" content=\"Est. reading time\" \/>\n\t<meta name=\"twitter:data1\" content=\"3 minutes\" \/>\n<script type=\"application\/ld+json\" class=\"yoast-schema-graph\">{\"@context\":\"https:\\\/\\\/schema.org\",\"@graph\":[{\"@type\":\"WebPage\",\"@id\":\"https:\\\/\\\/hijasdejesus.org\\\/en\\\/general-congregation-xix\\\/prayer-gc-xix\\\/\",\"url\":\"https:\\\/\\\/hijasdejesus.org\\\/en\\\/general-congregation-xix\\\/prayer-gc-xix\\\/\",\"name\":\"Prayer GC XIX - Hijas de Jes\u00fas\",\"isPartOf\":{\"@id\":\"https:\\\/\\\/hijasdejesus.org\\\/en\\\/#website\"},\"datePublished\":\"2025-03-05T09:12:02+00:00\",\"dateModified\":\"2025-03-20T06:19:42+00:00\",\"breadcrumb\":{\"@id\":\"https:\\\/\\\/hijasdejesus.org\\\/en\\\/general-congregation-xix\\\/prayer-gc-xix\\\/#breadcrumb\"},\"inLanguage\":\"en-US\",\"potentialAction\":[{\"@type\":\"ReadAction\",\"target\":[\"https:\\\/\\\/hijasdejesus.org\\\/en\\\/general-congregation-xix\\\/prayer-gc-xix\\\/\"]}]},{\"@type\":\"BreadcrumbList\",\"@id\":\"https:\\\/\\\/hijasdejesus.org\\\/en\\\/general-congregation-xix\\\/prayer-gc-xix\\\/#breadcrumb\",\"itemListElement\":[{\"@type\":\"ListItem\",\"position\":1,\"name\":\"Portada\",\"item\":\"https:\\\/\\\/hijasdejesus.org\\\/en\\\/\"},{\"@type\":\"ListItem\",\"position\":2,\"name\":\"General Congregation XIX\",\"item\":\"https:\\\/\\\/hijasdejesus.org\\\/en\\\/congregacion-general-xix\\\/\"},{\"@type\":\"ListItem\",\"position\":3,\"name\":\"Prayer GC XIX\"}]},{\"@type\":\"WebSite\",\"@id\":\"https:\\\/\\\/hijasdejesus.org\\\/en\\\/#website\",\"url\":\"https:\\\/\\\/hijasdejesus.org\\\/en\\\/\",\"name\":\"Hijas de Jes\u00fas\",\"description\":\"Despertamos a Jes\u00fas en el coraz\u00f3n, sacando lo mejor de las personas. Somos una congregaci\u00f3n religiosa ignaciana fundada por la Madre Candida\",\"publisher\":{\"@id\":\"https:\\\/\\\/hijasdejesus.org\\\/en\\\/#organization\"},\"potentialAction\":[{\"@type\":\"SearchAction\",\"target\":{\"@type\":\"EntryPoint\",\"urlTemplate\":\"https:\\\/\\\/hijasdejesus.org\\\/en\\\/?s={search_term_string}\"},\"query-input\":{\"@type\":\"PropertyValueSpecification\",\"valueRequired\":true,\"valueName\":\"search_term_string\"}}],\"inLanguage\":\"en-US\"},{\"@type\":\"Organization\",\"@id\":\"https:\\\/\\\/hijasdejesus.org\\\/en\\\/#organization\",\"name\":\"Hijas de Jes\u00fas\",\"url\":\"https:\\\/\\\/hijasdejesus.org\\\/en\\\/\",\"logo\":{\"@type\":\"ImageObject\",\"inLanguage\":\"en-US\",\"@id\":\"https:\\\/\\\/hijasdejesus.org\\\/en\\\/#\\\/schema\\\/logo\\\/image\\\/\",\"url\":\"https:\\\/\\\/hijasdejesus.org\\\/wp-content\\\/uploads\\\/2023\\\/01\\\/Hijas-de-Jesus_hor-A7C957.png\",\"contentUrl\":\"https:\\\/\\\/hijasdejesus.org\\\/wp-content\\\/uploads\\\/2023\\\/01\\\/Hijas-de-Jesus_hor-A7C957.png\",\"width\":700,\"height\":360,\"caption\":\"Hijas de Jes\u00fas\"},\"image\":{\"@id\":\"https:\\\/\\\/hijasdejesus.org\\\/en\\\/#\\\/schema\\\/logo\\\/image\\\/\"},\"sameAs\":[\"https:\\\/\\\/www.facebook.com\\\/hijasdejesusenelmundo\\\/\",\"https:\\\/\\\/x.com\\\/hijasdjesus\"]}]}<\/script>\n<!-- \/ Yoast SEO plugin. -->","yoast_head_json":{"title":"Prayer GC XIX - Hijas de Jes\u00fas","robots":{"index":"index","follow":"follow","max-snippet":"max-snippet:-1","max-image-preview":"max-image-preview:large","max-video-preview":"max-video-preview:-1"},"canonical":"https:\/\/hijasdejesus.org\/en\/general-congregation-xix\/prayer-gc-xix\/","og_locale":"en_US","og_type":"article","og_title":"Prayer GC XIX - Hijas de Jes\u00fas","og_description":"With Him, the path of hope We pray for the General CongregationWe pray to you, Father, for the Daughters of Jesus,in this time of the General Congregation. Grant us to be docile to the Spirit,the grace of discernmentwhich invites us to examine the paths we have traveledand to choose what today would give more life [&hellip;]","og_url":"https:\/\/hijasdejesus.org\/en\/general-congregation-xix\/prayer-gc-xix\/","og_site_name":"Hijas de Jes\u00fas","article_publisher":"https:\/\/www.facebook.com\/hijasdejesusenelmundo\/","article_modified_time":"2025-03-20T06:19:42+00:00","twitter_card":"summary_large_image","twitter_site":"@hijasdjesus","twitter_misc":{"Est. reading time":"3 minutes"},"schema":{"@context":"https:\/\/schema.org","@graph":[{"@type":"WebPage","@id":"https:\/\/hijasdejesus.org\/en\/general-congregation-xix\/prayer-gc-xix\/","url":"https:\/\/hijasdejesus.org\/en\/general-congregation-xix\/prayer-gc-xix\/","name":"Prayer GC XIX - Hijas de Jes\u00fas","isPartOf":{"@id":"https:\/\/hijasdejesus.org\/en\/#website"},"datePublished":"2025-03-05T09:12:02+00:00","dateModified":"2025-03-20T06:19:42+00:00","breadcrumb":{"@id":"https:\/\/hijasdejesus.org\/en\/general-congregation-xix\/prayer-gc-xix\/#breadcrumb"},"inLanguage":"en-US","potentialAction":[{"@type":"ReadAction","target":["https:\/\/hijasdejesus.org\/en\/general-congregation-xix\/prayer-gc-xix\/"]}]},{"@type":"BreadcrumbList","@id":"https:\/\/hijasdejesus.org\/en\/general-congregation-xix\/prayer-gc-xix\/#breadcrumb","itemListElement":[{"@type":"ListItem","position":1,"name":"Portada","item":"https:\/\/hijasdejesus.org\/en\/"},{"@type":"ListItem","position":2,"name":"General Congregation XIX","item":"https:\/\/hijasdejesus.org\/en\/congregacion-general-xix\/"},{"@type":"ListItem","position":3,"name":"Prayer GC XIX"}]},{"@type":"WebSite","@id":"https:\/\/hijasdejesus.org\/en\/#website","url":"https:\/\/hijasdejesus.org\/en\/","name":"Hijas de Jes\u00fas","description":"Despertamos a Jes\u00fas en el coraz\u00f3n, sacando lo mejor de las personas. Somos una congregaci\u00f3n religiosa ignaciana fundada por la Madre Candida","publisher":{"@id":"https:\/\/hijasdejesus.org\/en\/#organization"},"potentialAction":[{"@type":"SearchAction","target":{"@type":"EntryPoint","urlTemplate":"https:\/\/hijasdejesus.org\/en\/?s={search_term_string}"},"query-input":{"@type":"PropertyValueSpecification","valueRequired":true,"valueName":"search_term_string"}}],"inLanguage":"en-US"},{"@type":"Organization","@id":"https:\/\/hijasdejesus.org\/en\/#organization","name":"Hijas de Jes\u00fas","url":"https:\/\/hijasdejesus.org\/en\/","logo":{"@type":"ImageObject","inLanguage":"en-US","@id":"https:\/\/hijasdejesus.org\/en\/#\/schema\/logo\/image\/","url":"https:\/\/hijasdejesus.org\/wp-content\/uploads\/2023\/01\/Hijas-de-Jesus_hor-A7C957.png","contentUrl":"https:\/\/hijasdejesus.org\/wp-content\/uploads\/2023\/01\/Hijas-de-Jesus_hor-A7C957.png","width":700,"height":360,"caption":"Hijas de Jes\u00fas"},"image":{"@id":"https:\/\/hijasdejesus.org\/en\/#\/schema\/logo\/image\/"},"sameAs":["https:\/\/www.facebook.com\/hijasdejesusenelmundo\/","https:\/\/x.com\/hijasdjesus"]}]}},"_links":{"self":[{"href":"https:\/\/hijasdejesus.org\/en\/wp-json\/wp\/v2\/pages\/46153","targetHints":{"allow":["GET"]}}],"collection":[{"href":"https:\/\/hijasdejesus.org\/en\/wp-json\/wp\/v2\/pages"}],"about":[{"href":"https:\/\/hijasdejesus.org\/en\/wp-json\/wp\/v2\/types\/page"}],"author":[{"embeddable":true,"href":"https:\/\/hijasdejesus.org\/en\/wp-json\/wp\/v2\/users\/1"}],"replies":[{"embeddable":true,"href":"https:\/\/hijasdejesus.org\/en\/wp-json\/wp\/v2\/comments?post=46153"}],"version-history":[{"count":13,"href":"https:\/\/hijasdejesus.org\/en\/wp-json\/wp\/v2\/pages\/46153\/revisions"}],"predecessor-version":[{"id":46881,"href":"https:\/\/hijasdejesus.org\/en\/wp-json\/wp\/v2\/pages\/46153\/revisions\/46881"}],"up":[{"embeddable":true,"href":"https:\/\/hijasdejesus.org\/en\/wp-json\/wp\/v2\/pages\/44589"}],"wp:attachment":[{"href":"https:\/\/hijasdejesus.org\/en\/wp-json\/wp\/v2\/media?parent=46153"}],"curies":[{"name":"wp","href":"https:\/\/api.w.org\/{rel}","templated":true}]}}