{"id":12200,"date":"2022-06-03T08:16:35","date_gmt":"2022-06-03T06:16:35","guid":{"rendered":"https:\/\/nueva.hijasdejesus.org\/junte-se-a\/"},"modified":"2026-05-06T14:09:10","modified_gmt":"2026-05-06T12:09:10","slug":"junte-se-a","status":"publish","type":"page","link":"https:\/\/hijasdejesus.org\/pt-br\/junte-se-a\/","title":{"rendered":"Junte-se a n\u00f3s!"},"content":{"rendered":"<p>[et_pb_section fb_built=&#8221;1&#8243; _builder_version=&#8221;4.19.1&#8243; _module_preset=&#8221;default&#8221; background_color=&#8221;#364F7D&#8221; background_image=&#8221;https:\/\/hijasdejesus.org\/wp-content\/uploads\/2022\/11\/corazon_fi.png&#8221; background_size=&#8221;contain&#8221; background_blend=&#8221;soft-light&#8221; custom_padding=&#8221;12vw||12vw||true|false&#8221; global_colors_info=&#8221;{}&#8221;][et_pb_row _builder_version=&#8221;4.18.1&#8243; _module_preset=&#8221;default&#8221; global_colors_info=&#8221;{}&#8221;][et_pb_column type=&#8221;4_4&#8243; _builder_version=&#8221;4.18.1&#8243; _module_preset=&#8221;default&#8221; global_colors_info=&#8221;{}&#8221;][et_pb_text _builder_version=&#8221;4.27.6&#8243; _module_preset=&#8221;default&#8221; header_2_font=&#8221;|300|||||||&#8221; header_2_text_color=&#8221;#FFFFFF&#8221; header_2_font_size=&#8221;42px&#8221; header_2_line_height=&#8221;1.4em&#8221; text_orientation=&#8221;center&#8221; max_width=&#8221;600px&#8221; module_alignment=&#8221;center&#8221; animation_style=&#8221;fade&#8221; animation_duration=&#8221;1400ms&#8221; animation_delay=&#8221;200ms&#8221; hover_enabled=&#8221;0&#8243; global_colors_info=&#8221;{}&#8221; sticky_enabled=&#8221;0&#8243;]<\/p>\n<h2>Juntos, com e como <strong style=\"color: #a7c957;\">Jesus<\/strong>, <br \/>no cora\u00e7\u00e3o das pessoas<\/h2>\n<p>[\/et_pb_text][\/et_pb_column][\/et_pb_row][\/et_pb_section][et_pb_section fb_built=&#8221;1&#8243; _builder_version=&#8221;4.18.1&#8243; _module_preset=&#8221;default&#8221; background_color=&#8221;#FDFCFA&#8221; background_enable_image=&#8221;off&#8221; background_size=&#8221;contain&#8221; background_position=&#8221;center_left&#8221; background_blend=&#8221;luminosity&#8221; custom_padding=&#8221;10vw||10vw||true|false&#8221; global_colors_info=&#8221;{}&#8221;][et_pb_row _builder_version=&#8221;4.18.1&#8243; _module_preset=&#8221;default&#8221; custom_padding=&#8221;0px||||false|false&#8221; global_colors_info=&#8221;{}&#8221;][et_pb_column type=&#8221;4_4&#8243; _builder_version=&#8221;4.17.4&#8243; _module_preset=&#8221;default&#8221; global_colors_info=&#8221;{}&#8221;][et_pb_text _builder_version=&#8221;4.27.6&#8243; _module_preset=&#8221;default&#8221; text_text_color=&#8221;#364F7D&#8221; text_font_size=&#8221;18px&#8221; text_line_height=&#8221;1.8em&#8221; header_text_color=&#8221;#004151&#8243; header_2_text_align=&#8221;left&#8221; header_2_text_color=&#8221;#004151&#8243; header_2_font_size=&#8221;32px&#8221; header_3_text_color=&#8221;#364F7D&#8221; header_3_font_size=&#8221;30px&#8221; text_orientation=&#8221;center&#8221; max_width=&#8221;600px&#8221; module_alignment=&#8221;center&#8221; custom_padding=&#8221;||||false|false&#8221; hover_enabled=&#8221;0&#8243; global_colors_info=&#8221;{}&#8221; sticky_enabled=&#8221;0&#8243;]<\/p>\n<p><span style=\"font-weight: 400;\">Obrigado pelo seu interesse em participar. Se voc\u00ea quiser, aqui voc\u00ea tem v\u00e1rios espa\u00e7os onde pode se sentir identificado como &#8220;seu lugar&#8221;, onde voc\u00ea pode encontrar como viver, compartilhar sua f\u00e9 e se doar aos outros, junto com outras pessoas que est\u00e3o unidas pelo carisma da Madre C\u00e2ndida. <\/span><\/p>\n<p><span style=\"font-weight: 400;\">As Filhas de Jesus acreditam na import\u00e2ncia de ouvir e discernir, e nos esfor\u00e7amos para acompanhar cada pessoa em seu amadurecimento integral, jornada de f\u00e9 e escolha vocacional.<br \/>\n <\/span><\/p>\n<p>[\/et_pb_text][\/et_pb_column][\/et_pb_row][et_pb_row _builder_version=&#8221;4.20.4&#8243; _module_preset=&#8221;default&#8221; global_colors_info=&#8221;{}&#8221;][et_pb_column type=&#8221;4_4&#8243; _builder_version=&#8221;4.20.4&#8243; _module_preset=&#8221;default&#8221; global_colors_info=&#8221;{}&#8221;][et_pb_accordion open_toggle_text_color=&#8221;#364F7D&#8221; open_toggle_background_color=&#8221;#FFFFFF&#8221; closed_toggle_text_color=&#8221;#364F7D&#8221; _builder_version=&#8221;4.27.6&#8243; _module_preset=&#8221;default&#8221; toggle_text_color=&#8221;#364F7D&#8221; toggle_font=&#8221;|600|||||||&#8221; toggle_font_size=&#8221;22px&#8221; toggle_line_height=&#8221;1.2em&#8221; body_text_color=&#8221;#000000&#8243; hover_enabled=&#8221;0&#8243; global_colors_info=&#8221;{}&#8221; sticky_enabled=&#8221;0&#8243;][et_pb_accordion_item title=&#8221;Seu t\u00edtulo vai aqui&#8221; open=&#8221;on&#8221; _builder_version=&#8221;4.20.4&#8243; _module_preset=&#8221;default&#8221; custom_css_main_element=&#8221;display:none;&#8221; global_colors_info=&#8221;{}&#8221;]<\/p>\n<p>Seu conte\u00fado fica aqui. Voc\u00ea pode editar ou remover esse texto em linha ou nas configura\u00e7\u00f5es do m\u00f3dulo Content (Conte\u00fado). Voc\u00ea tamb\u00e9m pode estilizar todos os aspectos desse conte\u00fado nas configura\u00e7\u00f5es do m\u00f3dulo Design e at\u00e9 mesmo aplicar CSS personalizado a esse texto nas configura\u00e7\u00f5es do m\u00f3dulo Advanced.  <\/p>\n<p>[\/et_pb_accordion_item][et_pb_accordion_item title=&#8221;Quero me juntar a um grupo de jovens: FI Youth&#8221; _builder_version=&#8221;4.27.6&#8243; _module_preset=&#8221;default&#8221; hover_enabled=&#8221;0&#8243; global_colors_info=&#8221;{}&#8221; open=&#8221;off&#8221; sticky_enabled=&#8221;0&#8243;]Estamos muito felizes por voc\u00ea querer fazer parte do FI Youth! Na FI Youth, damos as boas-vindas a todos aqueles que, como voc\u00ea, est\u00e3o procurando um lugar para compartilhar e aprofundar sua f\u00e9 e seus valores. Os jovens da FI Youth s\u00e3o jovens entre 18 e 35 anos que, de alguma forma, t\u00eam uma conex\u00e3o com as Filhas de Jesus ou com o carisma de nossa fundadora, Madre C\u00e2ndida.<br \/>\nCaminhamos juntos seguindo Jesus e nos comprometendo com um mundo de irm\u00e3os e irm\u00e3s.[\/et_pb_accordion_item][et_pb_accordion_item title=&#8221;Quero fazer parte da Fam\u00edlia Madre C\u00e2ndida&#8221; _builder_version=&#8221;4.27.6&#8243; _module_preset=&#8221;default&#8221; hover_enabled=&#8221;0&#8243; global_colors_info=&#8221;{}&#8221; open=&#8221;off&#8221; sticky_enabled=&#8221;0&#8243;]Enche-nos de alegria saber que, como leigo, voc\u00ea deseja unir-se \u00e0 nossa Fam\u00edlia Madre C\u00e2ndida e participar da constru\u00e7\u00e3o do sonho da Fam\u00edlia Carism\u00e1tica. A Fam\u00edlia Madre C\u00e2ndida, as Filhas de Jesus e os leigos desejam compartilhar e viver de acordo com o carisma de Santa C\u00e2ndida Maria de Jesus. A partir das diferentes voca\u00e7\u00f5es, nos colocamos \u00e0 disposi\u00e7\u00e3o de Deus, atendendo \u00e0s necessidades da sociedade, com os talentos de cada um de n\u00f3s, para sermos instrumentos de amor e esperan\u00e7a no mundo, \u00e0 maneira de Jesus.<br \/>\n[\/et_pb_accordion_item][et_pb_accordion_item title=&#8221;Quero participar de um projeto de solidariedade da FASFI.&#8221; _builder_version=&#8221;4.27.6&#8243; _module_preset=&#8221;default&#8221; hover_enabled=&#8221;0&#8243; global_colors_info=&#8221;{}&#8221; open=&#8221;off&#8221; sticky_enabled=&#8221;0&#8243;]<\/p>\n<p>Estamos felizes por voc\u00ea querer fazer parte da FASFI.<br \/>A FASFI (Fundaci\u00f3n Ayuda Solidaria Hijas de Jes\u00fas) oferece a voc\u00ea a oportunidade de experimentar em primeira m\u00e3o o compromisso com os mais necessitados, seja por meio de voluntariado internacional, treinamento em conscientiza\u00e7\u00e3o social ou juntando-se aos projetos que realizamos nas comunidades mais carentes.<br \/><a href=\"https:\/\/www.fasfi.org\/contacto\/\" target=\"_blank\" rel=\"noopener\">&gt;&gt; ENTRE EM CONTATO COM A FASFI<\/a><\/p>\n<p>[\/et_pb_accordion_item][et_pb_accordion_item title=&#8221;Quero ser uma Filha de Jesus&#8221; _builder_version=&#8221;4.27.6&#8243; _module_preset=&#8221;default&#8221; hover_enabled=&#8221;0&#8243; global_colors_info=&#8221;{}&#8221; open=&#8221;off&#8221; sticky_enabled=&#8221;0&#8243;]<\/p>\n<div class=\"group w-full text-gray-800 dark:text-gray-100 border-b border-black\/10 dark:border-gray-900\/50 bg-gray-50 dark:bg-[#444654]\">\n<div class=\"text-base gap-4 md:gap-6 md:max-w-2xl lg:max-w-xl xl:max-w-3xl p-4 md:py-6 flex lg:px-0 m-auto\">\n<div class=\"relative flex w-[calc(100%-50px)] flex-col gap-1 md:gap-3 lg:w-[calc(100%-115px)]\">\n<div class=\"flex flex-grow flex-col gap-3\">\n<div class=\"min-h-[20px] flex flex-col items-start gap-4 whitespace-pre-wrap\">\n<div class=\"markdown prose w-full break-words dark:prose-invert light\">\n<p><span style=\"font-weight: 400;\">\u00c9 uma alegria para n\u00f3s saber que voc\u00ea se sente chamada a seguir Jesus de uma forma mais profunda e pr\u00f3xima e que acredita que o Senhor a est\u00e1 chamando para ser uma Filha de Jesus.<\/span><\/p>\n<p><span style=\"font-weight: 400;\">Queremos encorajar e acompanhar voc\u00ea nesse processo de descoberta, discernimento e confirma\u00e7\u00e3o de sua voca\u00e7\u00e3o. Ofereceremos a voc\u00ea orienta\u00e7\u00e3o, apoio e experi\u00eancias que lhe permitir\u00e3o aprender mais sobre a vida e a miss\u00e3o das Filhas de Jesus. <\/span><\/p>\n<\/div>\n<\/div>\n<\/div>\n<\/div>\n<\/div>\n<\/div>\n<p>[\/et_pb_accordion_item][\/et_pb_accordion][\/et_pb_column][\/et_pb_row][\/et_pb_section][et_pb_section fb_built=&#8221;1&#8243; _builder_version=&#8221;4.27.4&#8243; _module_preset=&#8221;default&#8221; background_color=&#8221;#FDFCFA&#8221; use_background_color_gradient=&#8221;on&#8221; background_color_gradient_stops=&#8221;#fdfcfa 2%|rgba(0,0,0,0.2) 100%&#8221; background_color_gradient_overlays_image=&#8221;on&#8221; background_image=&#8221;https:\/\/hijasdejesus.org\/wp-content\/uploads\/2022\/06\/Grupos6-1.jpeg&#8221; global_colors_info=&#8221;{}&#8221;][et_pb_row _builder_version=&#8221;4.19.1&#8243; _module_preset=&#8221;default&#8221; custom_padding=&#8221;6vw||6vw||true|false&#8221; global_colors_info=&#8221;{}&#8221;][et_pb_column type=&#8221;4_4&#8243; _builder_version=&#8221;4.19.1&#8243; _module_preset=&#8221;default&#8221; global_colors_info=&#8221;{}&#8221;][et_pb_contact_form email=&#8221;web@hijasdejesus.org&#8221; title=&#8221;Diga-nos como voc\u00ea gostaria de juntar-se a n\u00f3s&#8221; custom_message=&#8221;Nova mensagem na Web:|||et_pb_line_break_holder||||et_pb_line_break_holder||%%Name%|||et_pb_line_break_holder||||%Email%|||et_pb_line_break_holder|||% Country%||et_pb_line_break_holder|||Wants: %%Want%||et_pb_line_break_holder||||%Message%%%.&#8221; success_message=&#8221;Muito obrigado. Entraremos em contato com voc\u00ea o mais r\u00e1pido poss\u00edvel.&#8221; _builder_version=&#8221;4.27.6&#8243; _module_preset=&#8221;default&#8221; _unique_id=&#8221;e6f29f37-0e7a-4867-b98a-b9752aa4a44b&#8221; title_text_align=&#8221;center&#8221; title_text_color=&#8221;#364F7D&#8221; captcha_text_color=&#8221;#364F7D&#8221; custom_button=&#8221;on&#8221; button_text_color=&#8221;#FDFCFA&#8221; button_bg_color=&#8221;#364F7D&#8221; button_border_width=&#8221;0px&#8221; button_border_radius=&#8221;5px&#8221; hover_enabled=&#8221;0&#8243; global_colors_info=&#8221;{}&#8221; sticky_enabled=&#8221;0&#8243;][et_pb_contact_field field_id=&#8221;Name&#8221; field_title=&#8221;Nome&#8221; _builder_version=&#8221;4.16&#8243; global_colors_info=&#8221;{}&#8221; button_text_size__hover_enabled=&#8221;off&#8221; button_one_text_size__hover_enabled=&#8221;off&#8221; button_two_text_size__hover_enabled=&#8221;off&#8221; button_text_color__hover_enabled=&#8221;off&#8221; button_one_text_color__hover_enabled=&#8221;off&#8221; button_two_text_color__hover_enabled=&#8221;off&#8221; button_border_width__hover_enabled=&#8221;off&#8221; button_one_border_width__hover_enabled=&#8221;off&#8221; button_two_border_width__hover_enabled=&#8221;off&#8221; button_border_color__hover_enabled=&#8221;off&#8221; button_one_border_color__hover_enabled=&#8221;off&#8221; button_two_border_color__hover_enabled=&#8221;off&#8221; button_border_radius__hover_enabled=&#8221;off&#8221; button_one_border_radius__hover_enabled=&#8221;off&#8221; button_two_border_radius__hover_enabled=&#8221;off&#8221; button_letter_spacing__hover_enabled=&#8221;off&#8221; button_one_letter_spacing__hover_enabled=&#8221;off&#8221; button_two_letter_spacing__hover_enabled=&#8221;off&#8221; button_bg_color__hover_enabled=&#8221;off&#8221; button_one_bg_color__hover_enabled=&#8221;off&#8221; button_two_bg_color__hover_enabled=&#8221;off&#8221;][\/et_pb_contact_field][et_pb_contact_field field_id=&#8221;Email&#8221; field_title=&#8221;Endere\u00e7o de correio eletr\u00f4nico&#8221; field_type=&#8221;email&#8221; _builder_version=&#8221;4.16&#8243; global_colors_info=&#8221;{}&#8221; button_text_size__hover_enabled=&#8221;off&#8221; button_one_text_size__hover_enabled=&#8221;off&#8221; button_two_text_size__hover_enabled=&#8221;off&#8221; button_text_color__hover_enabled=&#8221;off&#8221; button_one_text_color__hover_enabled=&#8221;off&#8221; button_two_text_color__hover_enabled=&#8221;off&#8221; button_border_width__hover_enabled=&#8221;off&#8221; button_one_border_width__hover_enabled=&#8221;off&#8221; button_two_border_width__hover_enabled=&#8221;off&#8221; button_border_color__hover_enabled=&#8221;off&#8221; button_one_border_color__hover_enabled=&#8221;off&#8221; button_two_border_color__hover_enabled=&#8221;off&#8221; button_border_radius__hover_enabled=&#8221;off&#8221; button_one_border_radius__hover_enabled=&#8221;off&#8221; button_two_border_radius__hover_enabled=&#8221;off&#8221; button_letter_spacing__hover_enabled=&#8221;off&#8221; button_one_letter_spacing__hover_enabled=&#8221;off&#8221; button_two_letter_spacing__hover_enabled=&#8221;off&#8221; button_bg_color__hover_enabled=&#8221;off&#8221; button_one_bg_color__hover_enabled=&#8221;off&#8221; button_two_bg_color__hover_enabled=&#8221;off&#8221;][\/et_pb_contact_field][et_pb_contact_field _builder_version=&#8221;4.27.6&#8243; _module_preset=&#8221;default&#8221; field_id=&#8221;Pais&#8221; field_title=&#8221;Pa\u00eds&#8221; hover_enabled=&#8221;0&#8243; sticky_enabled=&#8221;0&#8243;][\/et_pb_contact_field][et_pb_contact_field _builder_version=&#8221;4.27.6&#8243; _module_preset=&#8221;default&#8221; field_id=&#8221;Quiero&#8221; field_title=&#8221;No que voc\u00ea est\u00e1 interessado?&#8221; field_type=&#8221;select&#8221; select_options=&#8221;%91{%22value%22:%22Participe de um grupo de jovens: Young FIs%22,%22checked%22:0,%22dragID%22:-1},{%22value%22:%22Pertencendo \u00e0 fam\u00edlia da M\u00e3e C\u00e2ndida%22,%22checked%22:0,%22dragID%22:0},{%22value%22:%22Participar de um projeto de solidariedade da FASFI%22,%22checked%22:0,%22dragID%22:1},{%22value%22:%22Ser uma filha de Jesus%22,%22checked%22:0,%22dragID%22:2},{%22value%22:%22Outro problema%22,%22checked%22:0,%22dragID%22:3}%93&#8243; hover_enabled=&#8221;0&#8243; sticky_enabled=&#8221;0&#8243;][\/et_pb_contact_field][et_pb_contact_field field_id=&#8221;Message&#8221; field_title=&#8221;Mensagem&#8221; field_type=&#8221;text&#8221; fullwidth_field=&#8221;on&#8221; _builder_version=&#8221;4.16&#8243; global_colors_info=&#8221;{}&#8221; button_text_size__hover_enabled=&#8221;off&#8221; button_one_text_size__hover_enabled=&#8221;off&#8221; button_two_text_size__hover_enabled=&#8221;off&#8221; button_text_color__hover_enabled=&#8221;off&#8221; button_one_text_color__hover_enabled=&#8221;off&#8221; button_two_text_color__hover_enabled=&#8221;off&#8221; button_border_width__hover_enabled=&#8221;off&#8221; button_one_border_width__hover_enabled=&#8221;off&#8221; button_two_border_width__hover_enabled=&#8221;off&#8221; button_border_color__hover_enabled=&#8221;off&#8221; button_one_border_color__hover_enabled=&#8221;off&#8221; button_two_border_color__hover_enabled=&#8221;off&#8221; button_border_radius__hover_enabled=&#8221;off&#8221; button_one_border_radius__hover_enabled=&#8221;off&#8221; button_two_border_radius__hover_enabled=&#8221;off&#8221; button_letter_spacing__hover_enabled=&#8221;off&#8221; button_one_letter_spacing__hover_enabled=&#8221;off&#8221; button_two_letter_spacing__hover_enabled=&#8221;off&#8221; button_bg_color__hover_enabled=&#8221;off&#8221; button_one_bg_color__hover_enabled=&#8221;off&#8221; button_two_bg_color__hover_enabled=&#8221;off&#8221;][\/et_pb_contact_field][et_pb_contact_field field_id=&#8221;Privacidad&#8221; field_type=&#8221;radio&#8221; radio_options=&#8221;%91{%22value%22:%22Eu aceito o  %22,%22checked%22:0,%22dragID%22:-1,%22link_url%22:%22https:%92\/%92\/hijasdejesus.org%92\/privacidad%92\/%22,%22link_text%22:%22  pol\u00edtica de privacidade%22}%93&#8243; fullwidth_field=&#8221;on&#8221; _builder_version=&#8221;4.27.4&#8243; _module_preset=&#8221;default&#8221; global_colors_info=&#8221;{}&#8221;][\/et_pb_contact_field][\/et_pb_contact_form][\/et_pb_column][\/et_pb_row][\/et_pb_section]<\/p>\n","protected":false},"excerpt":{"rendered":"<p>Juntos, com e como Jesus, no cora\u00e7\u00e3o das pessoasObrigado pelo seu interesse em participar. Se voc\u00ea quiser, aqui voc\u00ea tem v\u00e1rios espa\u00e7os onde pode se sentir identificado como &#8220;seu lugar&#8221;, onde voc\u00ea pode encontrar como viver, compartilhar sua f\u00e9 e se doar aos outros, junto com outras pessoas que est\u00e3o unidas pelo carisma da Madre [&hellip;]<\/p>\n","protected":false},"author":1,"featured_media":0,"parent":0,"menu_order":0,"comment_status":"closed","ping_status":"closed","template":"","meta":{"_et_pb_use_builder":"on","_et_pb_old_content":"","_et_gb_content_width":"","footnotes":"","_links_to":"","_links_to_target":""},"class_list":["post-12200","page","type-page","status-publish","hentry"],"yoast_head":"<!-- This site is optimized with the Yoast SEO plugin v27.5 - https:\/\/yoast.com\/product\/yoast-seo-wordpress\/ -->\n<title>Junte-se a n\u00f3s! - Hijas de Jes\u00fas<\/title>\n<meta name=\"robots\" content=\"index, follow, max-snippet:-1, max-image-preview:large, max-video-preview:-1\" \/>\n<link rel=\"canonical\" href=\"https:\/\/hijasdejesus.org\/pt-br\/junte-se-a\/\" \/>\n<meta property=\"og:locale\" content=\"pt_BR\" \/>\n<meta property=\"og:type\" content=\"article\" \/>\n<meta property=\"og:title\" content=\"Junte-se a n\u00f3s! - Hijas de Jes\u00fas\" \/>\n<meta property=\"og:description\" content=\"Juntos, com e como Jesus, no cora\u00e7\u00e3o das pessoasObrigado pelo seu interesse em participar. Se voc\u00ea quiser, aqui voc\u00ea tem v\u00e1rios espa\u00e7os onde pode se sentir identificado como &quot;seu lugar&quot;, onde voc\u00ea pode encontrar como viver, compartilhar sua f\u00e9 e se doar aos outros, junto com outras pessoas que est\u00e3o unidas pelo carisma da Madre [&hellip;]\" \/>\n<meta property=\"og:url\" content=\"https:\/\/hijasdejesus.org\/pt-br\/junte-se-a\/\" \/>\n<meta property=\"og:site_name\" content=\"Hijas de Jes\u00fas\" \/>\n<meta property=\"article:publisher\" content=\"https:\/\/www.facebook.com\/hijasdejesusenelmundo\/\" \/>\n<meta property=\"article:modified_time\" content=\"2026-05-06T12:09:10+00:00\" \/>\n<meta name=\"twitter:card\" content=\"summary_large_image\" \/>\n<meta name=\"twitter:site\" content=\"@hijasdjesus\" \/>\n<meta name=\"twitter:label1\" content=\"Est. tempo de leitura\" \/>\n\t<meta name=\"twitter:data1\" content=\"9 minutos\" \/>\n<script type=\"application\/ld+json\" class=\"yoast-schema-graph\">{\"@context\":\"https:\\\/\\\/schema.org\",\"@graph\":[{\"@type\":\"WebPage\",\"@id\":\"https:\\\/\\\/hijasdejesus.org\\\/pt-br\\\/junte-se-a\\\/\",\"url\":\"https:\\\/\\\/hijasdejesus.org\\\/pt-br\\\/junte-se-a\\\/\",\"name\":\"Junte-se a n\u00f3s! - Hijas de Jes\u00fas\",\"isPartOf\":{\"@id\":\"https:\\\/\\\/hijasdejesus.org\\\/pt-br\\\/#website\"},\"datePublished\":\"2022-06-03T06:16:35+00:00\",\"dateModified\":\"2026-05-06T12:09:10+00:00\",\"breadcrumb\":{\"@id\":\"https:\\\/\\\/hijasdejesus.org\\\/pt-br\\\/junte-se-a\\\/#breadcrumb\"},\"inLanguage\":\"pt-BR\",\"potentialAction\":[{\"@type\":\"ReadAction\",\"target\":[\"https:\\\/\\\/hijasdejesus.org\\\/pt-br\\\/junte-se-a\\\/\"]}]},{\"@type\":\"BreadcrumbList\",\"@id\":\"https:\\\/\\\/hijasdejesus.org\\\/pt-br\\\/junte-se-a\\\/#breadcrumb\",\"itemListElement\":[{\"@type\":\"ListItem\",\"position\":1,\"name\":\"Portada\",\"item\":\"https:\\\/\\\/hijasdejesus.org\\\/pt-br\\\/\"},{\"@type\":\"ListItem\",\"position\":2,\"name\":\"Junte-se a n\u00f3s!\"}]},{\"@type\":\"WebSite\",\"@id\":\"https:\\\/\\\/hijasdejesus.org\\\/pt-br\\\/#website\",\"url\":\"https:\\\/\\\/hijasdejesus.org\\\/pt-br\\\/\",\"name\":\"Hijas de Jes\u00fas\",\"description\":\"Despertamos a Jes\u00fas en el coraz\u00f3n, sacando lo mejor de las personas. Somos una congregaci\u00f3n religiosa ignaciana fundada por la Madre Candida\",\"publisher\":{\"@id\":\"https:\\\/\\\/hijasdejesus.org\\\/pt-br\\\/#organization\"},\"potentialAction\":[{\"@type\":\"SearchAction\",\"target\":{\"@type\":\"EntryPoint\",\"urlTemplate\":\"https:\\\/\\\/hijasdejesus.org\\\/pt-br\\\/?s={search_term_string}\"},\"query-input\":{\"@type\":\"PropertyValueSpecification\",\"valueRequired\":true,\"valueName\":\"search_term_string\"}}],\"inLanguage\":\"pt-BR\"},{\"@type\":\"Organization\",\"@id\":\"https:\\\/\\\/hijasdejesus.org\\\/pt-br\\\/#organization\",\"name\":\"Hijas de Jes\u00fas\",\"url\":\"https:\\\/\\\/hijasdejesus.org\\\/pt-br\\\/\",\"logo\":{\"@type\":\"ImageObject\",\"inLanguage\":\"pt-BR\",\"@id\":\"https:\\\/\\\/hijasdejesus.org\\\/pt-br\\\/#\\\/schema\\\/logo\\\/image\\\/\",\"url\":\"https:\\\/\\\/hijasdejesus.org\\\/wp-content\\\/uploads\\\/2023\\\/01\\\/Hijas-de-Jesus_hor-A7C957.png\",\"contentUrl\":\"https:\\\/\\\/hijasdejesus.org\\\/wp-content\\\/uploads\\\/2023\\\/01\\\/Hijas-de-Jesus_hor-A7C957.png\",\"width\":700,\"height\":360,\"caption\":\"Hijas de Jes\u00fas\"},\"image\":{\"@id\":\"https:\\\/\\\/hijasdejesus.org\\\/pt-br\\\/#\\\/schema\\\/logo\\\/image\\\/\"},\"sameAs\":[\"https:\\\/\\\/www.facebook.com\\\/hijasdejesusenelmundo\\\/\",\"https:\\\/\\\/x.com\\\/hijasdjesus\"]}]}<\/script>\n<!-- \/ Yoast SEO plugin. -->","yoast_head_json":{"title":"Junte-se a n\u00f3s! - Hijas de Jes\u00fas","robots":{"index":"index","follow":"follow","max-snippet":"max-snippet:-1","max-image-preview":"max-image-preview:large","max-video-preview":"max-video-preview:-1"},"canonical":"https:\/\/hijasdejesus.org\/pt-br\/junte-se-a\/","og_locale":"pt_BR","og_type":"article","og_title":"Junte-se a n\u00f3s! - Hijas de Jes\u00fas","og_description":"Juntos, com e como Jesus, no cora\u00e7\u00e3o das pessoasObrigado pelo seu interesse em participar. Se voc\u00ea quiser, aqui voc\u00ea tem v\u00e1rios espa\u00e7os onde pode se sentir identificado como \"seu lugar\", onde voc\u00ea pode encontrar como viver, compartilhar sua f\u00e9 e se doar aos outros, junto com outras pessoas que est\u00e3o unidas pelo carisma da Madre [&hellip;]","og_url":"https:\/\/hijasdejesus.org\/pt-br\/junte-se-a\/","og_site_name":"Hijas de Jes\u00fas","article_publisher":"https:\/\/www.facebook.com\/hijasdejesusenelmundo\/","article_modified_time":"2026-05-06T12:09:10+00:00","twitter_card":"summary_large_image","twitter_site":"@hijasdjesus","twitter_misc":{"Est. tempo de leitura":"9 minutos"},"schema":{"@context":"https:\/\/schema.org","@graph":[{"@type":"WebPage","@id":"https:\/\/hijasdejesus.org\/pt-br\/junte-se-a\/","url":"https:\/\/hijasdejesus.org\/pt-br\/junte-se-a\/","name":"Junte-se a n\u00f3s! - Hijas de Jes\u00fas","isPartOf":{"@id":"https:\/\/hijasdejesus.org\/pt-br\/#website"},"datePublished":"2022-06-03T06:16:35+00:00","dateModified":"2026-05-06T12:09:10+00:00","breadcrumb":{"@id":"https:\/\/hijasdejesus.org\/pt-br\/junte-se-a\/#breadcrumb"},"inLanguage":"pt-BR","potentialAction":[{"@type":"ReadAction","target":["https:\/\/hijasdejesus.org\/pt-br\/junte-se-a\/"]}]},{"@type":"BreadcrumbList","@id":"https:\/\/hijasdejesus.org\/pt-br\/junte-se-a\/#breadcrumb","itemListElement":[{"@type":"ListItem","position":1,"name":"Portada","item":"https:\/\/hijasdejesus.org\/pt-br\/"},{"@type":"ListItem","position":2,"name":"Junte-se a n\u00f3s!"}]},{"@type":"WebSite","@id":"https:\/\/hijasdejesus.org\/pt-br\/#website","url":"https:\/\/hijasdejesus.org\/pt-br\/","name":"Hijas de Jes\u00fas","description":"Despertamos a Jes\u00fas en el coraz\u00f3n, sacando lo mejor de las personas. Somos una congregaci\u00f3n religiosa ignaciana fundada por la Madre Candida","publisher":{"@id":"https:\/\/hijasdejesus.org\/pt-br\/#organization"},"potentialAction":[{"@type":"SearchAction","target":{"@type":"EntryPoint","urlTemplate":"https:\/\/hijasdejesus.org\/pt-br\/?s={search_term_string}"},"query-input":{"@type":"PropertyValueSpecification","valueRequired":true,"valueName":"search_term_string"}}],"inLanguage":"pt-BR"},{"@type":"Organization","@id":"https:\/\/hijasdejesus.org\/pt-br\/#organization","name":"Hijas de Jes\u00fas","url":"https:\/\/hijasdejesus.org\/pt-br\/","logo":{"@type":"ImageObject","inLanguage":"pt-BR","@id":"https:\/\/hijasdejesus.org\/pt-br\/#\/schema\/logo\/image\/","url":"https:\/\/hijasdejesus.org\/wp-content\/uploads\/2023\/01\/Hijas-de-Jesus_hor-A7C957.png","contentUrl":"https:\/\/hijasdejesus.org\/wp-content\/uploads\/2023\/01\/Hijas-de-Jesus_hor-A7C957.png","width":700,"height":360,"caption":"Hijas de Jes\u00fas"},"image":{"@id":"https:\/\/hijasdejesus.org\/pt-br\/#\/schema\/logo\/image\/"},"sameAs":["https:\/\/www.facebook.com\/hijasdejesusenelmundo\/","https:\/\/x.com\/hijasdjesus"]}]}},"_links":{"self":[{"href":"https:\/\/hijasdejesus.org\/pt-br\/wp-json\/wp\/v2\/pages\/12200","targetHints":{"allow":["GET"]}}],"collection":[{"href":"https:\/\/hijasdejesus.org\/pt-br\/wp-json\/wp\/v2\/pages"}],"about":[{"href":"https:\/\/hijasdejesus.org\/pt-br\/wp-json\/wp\/v2\/types\/page"}],"author":[{"embeddable":true,"href":"https:\/\/hijasdejesus.org\/pt-br\/wp-json\/wp\/v2\/users\/1"}],"replies":[{"embeddable":true,"href":"https:\/\/hijasdejesus.org\/pt-br\/wp-json\/wp\/v2\/comments?post=12200"}],"version-history":[{"count":13,"href":"https:\/\/hijasdejesus.org\/pt-br\/wp-json\/wp\/v2\/pages\/12200\/revisions"}],"predecessor-version":[{"id":54074,"href":"https:\/\/hijasdejesus.org\/pt-br\/wp-json\/wp\/v2\/pages\/12200\/revisions\/54074"}],"wp:attachment":[{"href":"https:\/\/hijasdejesus.org\/pt-br\/wp-json\/wp\/v2\/media?parent=12200"}],"curies":[{"name":"wp","href":"https:\/\/api.w.org\/{rel}","templated":true}]}}