{"id":30078,"date":"2022-12-05T22:35:41","date_gmt":"2022-12-05T21:35:41","guid":{"rendered":"https:\/\/nueva.hijasdejesus.org\/aviso-legal\/"},"modified":"2023-10-19T14:14:01","modified_gmt":"2023-10-19T12:14:01","slug":"aviso-legal","status":"publish","type":"page","link":"https:\/\/hijasdejesus.org\/pt-br\/aviso-legal\/","title":{"rendered":"Termo legal"},"content":{"rendered":"<p>[et_pb_section fb_built=&#8221;1&#8243; admin_label=&#8221;section&#8221; _builder_version=&#8221;4.16&#8243; global_colors_info=&#8221;{}&#8221;][et_pb_row admin_label=&#8221;linha&#8221; _builder_version=&#8221;4.16&#8243; background_size=&#8221;initial&#8221; background_position=&#8221;top_left&#8221; background_repeat=&#8221;repeat&#8221; global_colors_info=&#8221;{}&#8221;][et_pb_column type=&#8221;4_4&#8243; _builder_version=&#8221;4.16&#8243; custom_padding=&#8221;|||&#8221; global_colors_info=&#8221;{}&#8221; custom_padding__hover=&#8221;|||&#8221;][et_pb_text admin_label=&#8221;Text&#8221; _builder_version=&#8221;4.22.2&#8243; text_text_color=&#8221;#364F7D&#8221; background_size=&#8221;initial&#8221; background_position=&#8221;top_left&#8221; background_repeat=&#8221;repeat&#8221; hover_enabled=&#8221;0&#8243; global_colors_info=&#8221;{}&#8221; header_text_color=&#8221;#364F7D&#8221; header_2_text_color=&#8221;#364F7D&#8221; sticky_enabled=&#8221;0&#8243;]<\/p>\n<p><span style=\"font-weight: 400;\">Obrigado por nos ter visitado. Queremos que a sua experi\u00eancia no nosso s\u00edtio Web seja a melhor poss\u00edvel.<\/span><\/p>\n<p>&nbsp;<\/p>\n<p><span style=\"font-weight: 400;\">Para aceder aos nossos servi\u00e7os, o utilizador declara que <\/span><b>\u00e9 maior de idade <\/b><span style=\"font-weight: 400;\">e que tem capacidade jur\u00eddica suficiente para utilizar os nossos servi\u00e7os, em conformidade com a legisla\u00e7\u00e3o nacional.<\/span><\/p>\n<p><span style=\"font-weight: 400;\">O acesso e a navega\u00e7\u00e3o no s\u00edtio Web, ou a utiliza\u00e7\u00e3o dos seus servi\u00e7os, implica a aceita\u00e7\u00e3o expressa e plena de todas e cada uma das presentes Condi\u00e7\u00f5es Gerais, incluindo as Condi\u00e7\u00f5es Particulares estabelecidas para determinadas promo\u00e7\u00f5es, bem como as Pol\u00edticas de Privacidade e de Cookies, relacionadas com a regulamenta\u00e7\u00e3o em vigor em mat\u00e9ria de Prote\u00e7\u00e3o de Dados Pessoais. Leia-os atentamente para saber que tipo de dados s\u00e3o recolhidos atrav\u00e9s do nosso s\u00edtio Web, para que fins e que direitos tem em rela\u00e7\u00e3o aos mesmos.<\/span><\/p>\n<p>&nbsp;<\/p>\n<h1><b>1.- Informa\u00e7\u00e3o Legal.<\/b><\/h1>\n<p>&nbsp;<\/p>\n<p><span style=\"font-weight: 400;\">Em conformidade com a Lei 34\/2002, de 11 de Julho, sobre Servi\u00e7os da Sociedade da Informa\u00e7\u00e3o e Com\u00e9rcio Eletr\u00f4nico, os dados de identifica\u00e7\u00e3o do propriet\u00e1rio do site s\u00e3o:<\/span><\/p>\n<p>&nbsp;<\/p>\n<p><span style=\"font-weight: 400;\">Filhas de Jesus C\u00faria Geral<\/span><\/p>\n<p><span style=\"font-weight: 400;\">C\/ Marqu\u00e9s de la Valdavia, 7 &#8211; 2\u00ba pta. izq. 28012 Madrid<\/span><\/p>\n<p>&nbsp;<\/p>\n<p><span style=\"font-weight: 400;\">N\u00famero de identifica\u00e7\u00e3o fiscal: R2800637G<\/span><\/p>\n<p>&nbsp;<\/p>\n<p><span style=\"font-weight: 400;\">N\u00famero de inscri\u00e7\u00e3o no Registo das Entidades Religiosas: 006448<\/span><\/p>\n<p>&nbsp;<\/p>\n<p><span style=\"font-weight: 400;\">Se tiver d\u00favidas ou quest\u00f5es, contacte-nos por correio eletr\u00f3nico:<\/span><a href=\"mailto:infopd@hijasdejesus.org\"><br \/>\n  <span style=\"font-weight: 400;\"> infopd@hijasdejesus.org.<\/span><br \/>\n<\/a><\/p>\n<p>&nbsp;<\/p>\n<p><span style=\"font-weight: 400;\">O acesso ao s\u00edtio Web implica a aceita\u00e7\u00e3o expressa pelo Utilizador das presentes Condi\u00e7\u00f5es Gerais de Utiliza\u00e7\u00e3o, que podem ser total ou parcialmente modificadas ou substitu\u00eddas por outras pelo propriet\u00e1rio em qualquer momento e sem aviso pr\u00e9vio. Recomendamos-lhe que consulte periodicamente estas condi\u00e7\u00f5es gerais para verificar eventuais altera\u00e7\u00f5es, que ser\u00e3o publicadas na mesma sec\u00e7\u00e3o.<\/span><\/p>\n<p>&nbsp;<\/p>\n<h1><b>2.- Condi\u00e7\u00f5es Gerais de Utiliza\u00e7\u00e3o.<\/b><\/h1>\n<p>&nbsp;<\/p>\n<p><span style=\"font-weight: 400;\">As presentes Condi\u00e7\u00f5es Gerais regulam a utiliza\u00e7\u00e3o e o acesso ao s\u00edtio Web, com o objetivo de estabelecer orienta\u00e7\u00f5es para a sua correcta utiliza\u00e7\u00e3o e comportamento. HIJAS DE JES\u00daS- CURIA GENERAL, fornece aos utilizadores informa\u00e7\u00f5es sobre a utiliza\u00e7\u00e3o, os servi\u00e7os e os conte\u00fados alojados no s\u00edtio Web. Atrav\u00e9s dele, o Utilizador tem acesso a informa\u00e7\u00f5es sobre produtos e servi\u00e7os espec\u00edficos, ferramentas e aplica\u00e7\u00f5es.<\/span><\/p>\n<p>&nbsp;<\/p>\n<p><span style=\"font-weight: 400;\">Os dados e informa\u00e7\u00f5es sobre produtos ou servi\u00e7os, pre\u00e7os e caracter\u00edsticas ou outros dados relevantes oferecidos atrav\u00e9s do site s\u00e3o criados, fornecidos e atualizados por Fornecedores e empresas terceiras. AS FILHAS DE JESUS &#8211; GERAL C\u00daRIA n\u00e3o s\u00e3o de forma alguma respons\u00e1veis por tais dados e informa\u00e7\u00f5es, nem assumem qualquer responsabilidade pelos mesmos.<\/span><span style=\"font-weight: 400;\"><br \/><\/span><\/p>\n<p>&nbsp;<\/p>\n<p><span style=\"font-weight: 400;\">O Usu\u00e1rio compromete-se a fazer um uso adequado dos conte\u00fados, servi\u00e7os, aplica\u00e7\u00f5es e ferramentas acess\u00edveis, sujeito \u00e0 Lei e \u00e0s presentes Condi\u00e7\u00f5es Gerais de Utiliza\u00e7\u00e3o e, quando apropriado, \u00e0s Condi\u00e7\u00f5es Espec\u00edficas que possam ser estabelecidas para o acesso a determinados servi\u00e7os e aplica\u00e7\u00f5es, respeitando a todo o momento os outros Usu\u00e1rios dos mesmos.<\/span><\/p>\n<p>&nbsp;<\/p>\n<p><span style=\"font-weight: 400;\">Em caso de incumprimento total e\/ou parcial por parte do Utilizador das presentes Condi\u00e7\u00f5es Gerais de Utiliza\u00e7\u00e3o, HIJAS DE JES\u00daS- CURIA GENERAL reserva-se o direito de recusar o acesso ao S\u00edtio Web, sem necessidade de aviso pr\u00e9vio ao Utilizador.<\/span><\/p>\n<p>&nbsp;<\/p>\n<h1><b>3.- Obriga\u00e7\u00f5es Gerais do Usu\u00e1rio.<\/b><\/h1>\n<p><span style=\"font-weight: 400;\">Ao aceitar estas Condi\u00e7\u00f5es Gerais de Utiliza\u00e7\u00e3o, o Usu\u00e1rio concorda expressamente com elas:<\/span><\/p>\n<ul>\n<li style=\"font-weight: 400;\" aria-level=\"1\"><span style=\"font-weight: 400;\">N\u00e3o realizar qualquer a\u00e7\u00e3o destinada a danificar, bloquear, deteriorar, inutilizar, sobrecarregar, de forma tempor\u00e1ria ou permanente, as funcionalidades, ferramentas, conte\u00fados e\/ou infra-estruturas do s\u00edtio Web, de modo a impedir a sua utiliza\u00e7\u00e3o normal.<\/span><\/li>\n<li style=\"font-weight: 400;\" aria-level=\"1\"><span style=\"font-weight: 400;\">Salvaguardar e manter a confidencialidade dos c\u00f3digos de acesso associados ao seu nome de Utilizador, sendo respons\u00e1vel pela utiliza\u00e7\u00e3o dos referidos c\u00f3digos de acesso pessoais e intransmiss\u00edveis por terceiros.<\/span><\/li>\n<li style=\"font-weight: 400;\" aria-level=\"1\"><span style=\"font-weight: 400;\">N\u00e3o introduzir ou criar conte\u00fados ofensivos ou difamat\u00f3rios, tanto de outros Utilizadores como de empresas terceiras alheias ao HIJAS DE JES\u00daS- CURIA GENERAL.<\/span><\/li>\n<li style=\"font-weight: 400;\" aria-level=\"1\"><span style=\"font-weight: 400;\">N\u00e3o utilizar nenhum dos materiais e informa\u00e7\u00f5es contidos neste s\u00edtio Web para fins il\u00edcitos e\/ou expressamente proibidos nas presentes Condi\u00e7\u00f5es Gerais de Utiliza\u00e7\u00e3o, bem como nas condi\u00e7\u00f5es particulares que, se for caso disso, se estabele\u00e7am para determinadas aplica\u00e7\u00f5es e\/ou utilidades e que sejam contr\u00e1rios aos direitos e interesses de HIJAS DE JES\u00daS- CURIA GENERAL, dos seus utilizadores e\/ou de terceiros.<\/span><\/li>\n<li style=\"font-weight: 400;\" aria-level=\"1\"><span style=\"font-weight: 400;\">N\u00e3o oferecer ou distribuir produtos e servi\u00e7os, nem realizar publicidade ou comunica\u00e7\u00f5es comerciais n\u00e3o solicitadas a outros Utilizadores e visitantes de HIJAS DE JES\u00daS- CURIA GENERAL.<\/span><\/li>\n<\/ul>\n<p>&nbsp;<\/p>\n<p><span style=\"font-weight: 400;\">O Usu\u00e1rio ser\u00e1 respons\u00e1vel por todos os danos de qualquer natureza que FILHA DE JESUS &#8211; C\u00daRIA GERAL ou qualquer terceiro que possa sofrer como resultado do n\u00e3o cumprimento de qualquer das obriga\u00e7\u00f5es a que est\u00e1 sujeito em virtude das presentes &#8220;Condi\u00e7\u00f5es Gerais de Utiliza\u00e7\u00e3o&#8221; ou da lei em rela\u00e7\u00e3o ao acesso e\/ou utiliza\u00e7\u00e3o do site.<\/span><\/p>\n<p>&nbsp;<\/p>\n<h1><b>4.- Propriedade Intelectual e Industrial.<\/b><\/h1>\n<p>&nbsp;<\/p>\n<p><span style=\"font-weight: 400;\">O s\u00edtio Web, as p\u00e1ginas que o integram e a informa\u00e7\u00e3o ou elementos nele contidos (incluindo textos, documentos, fotografias, desenhos, representa\u00e7\u00f5es gr\u00e1ficas, pr\u00f3prios ou de terceiros que autorizem o propriet\u00e1rio a utiliz\u00e1-los, entre outros), bem como log\u00f3tipos, marcas, nomes comerciais ou outros sinais distintivos, est\u00e3o protegidos por direitos de propriedade intelectual e\/ou industrial, dos quais HIJAS DE JES\u00daS- CURIA GENERAL \u00e9 titular ou det\u00e9m autoriza\u00e7\u00e3o para a sua utiliza\u00e7\u00e3o e comunica\u00e7\u00e3o p\u00fablica por parte dos leg\u00edtimos propriet\u00e1rios dos mesmos.<\/span><\/p>\n<p>&nbsp;<\/p>\n<p><span style=\"font-weight: 400;\">O Usu\u00e1rio compromete-se a utilizar os conte\u00fados de forma respons\u00e1vel e correta, de acordo com a lei, a moralidade e a ordem p\u00fablica. HIJAS DE JES\u00daS- CURIA GENERAL autoriza o Utilizador a visualizar a informa\u00e7\u00e3o contida neste s\u00edtio Web, bem como a efetuar reprodu\u00e7\u00f5es privadas (simples descarregamento e atividade de armazenamento nos seus sistemas inform\u00e1ticos), desde que<\/span><span style=\"font-weight: 400;\"><br \/><\/span><\/p>\n<p>&nbsp;<\/p>\n<p><span style=\"font-weight: 400;\">quando os artigos se destinam exclusivamente a uso pessoal. Em nenhuma circunst\u00e2ncia isto implica qualquer autoriza\u00e7\u00e3o ou licen\u00e7a sobre os direitos de propriedade da FILHAS DE JESUS &#8211; C\u00daRIA GERAL ou dos leg\u00edtimos propriet\u00e1rios dos mesmos.<\/span><\/p>\n<p>&nbsp;<\/p>\n<p><span style=\"font-weight: 400;\">O Usu\u00e1rio n\u00e3o est\u00e1 autorizado a proceder \u00e0 distribui\u00e7\u00e3o, modifica\u00e7\u00e3o, transfer\u00eancia ou comunica\u00e7\u00e3o p\u00fablica das informa\u00e7\u00f5es inseridas neste site, sob qualquer forma e para qualquer fim.<\/span><\/p>\n<p>&nbsp;<\/p>\n<h1><b>5.- Liga\u00e7\u00f5es.<\/b><\/h1>\n<p><span style=\"font-weight: 400;\">As liga\u00e7\u00f5es e links para p\u00e1ginas ou sites de terceiros s\u00e3o fornecidos apenas como uma conveni\u00eancia para o Usu\u00e1rio. As FILHAS DE JESUS &#8211; CURIA GERAL n\u00e3o s\u00e3o de forma alguma respons\u00e1veis por eles ou pelo seu conte\u00fado.<\/span><\/p>\n<p>&nbsp;<\/p>\n<p><span style=\"font-weight: 400;\">FILHAS DE JESUS &#8211; C\u00daRIA GERAL n\u00e3o aceita qualquer responsabilidade pela exist\u00eancia de liga\u00e7\u00f5es entre o conte\u00fado deste site e conte\u00fados localizados fora deste site ou por qualquer outra men\u00e7\u00e3o de conte\u00fados externos a este site. Tais liga\u00e7\u00f5es ou men\u00e7\u00f5es s\u00e3o apenas para fins informativos e em caso algum implicam qualquer apoio, aprova\u00e7\u00e3o, comercializa\u00e7\u00e3o ou rela\u00e7\u00e3o entre FILHAS DE JESUS &#8211; C\u00daRIA GERAL e as pessoas ou entidades que s\u00e3o os autores e\/ou gestores de tais conte\u00fados ou propriet\u00e1rios dos sites onde se encontram.<\/span><\/p>\n<p>&nbsp;<\/p>\n<p><span style=\"font-weight: 400;\">As liga\u00e7\u00f5es ao site requerem a autoriza\u00e7\u00e3o expressa por escrito dos propriet\u00e1rios do portal.<\/span><\/p>\n<p>&nbsp;<\/p>\n<h1><b>6.- Responsabilidade.<\/b><\/h1>\n<p>&nbsp;<\/p>\n<p><span style=\"font-weight: 400;\">A FILHAS DE JESUS &#8211; C\u00daRIA GERAL n\u00e3o garante o acesso continuado, nem a visualiza\u00e7\u00e3o correta, download ou utiliza\u00e7\u00e3o dos elementos e informa\u00e7\u00f5es inseridas nas p\u00e1ginas do portal, que podem ser impedidas, dificultadas ou interrompidas por fatores ou circunst\u00e2ncias fora do seu controle ou al\u00e9m de sua vontade, nem as causas pela exist\u00eancia de v\u00edrus inform\u00e1ticos na Internet.<\/span><\/p>\n<p>&nbsp;<\/p>\n<p><span style=\"font-weight: 400;\">A FILHAS DE JESUS- C\u00daRIA GERAL n\u00e3o assume qualquer responsabilidade por danos, perdas, reclama\u00e7\u00f5es ou despesas decorrentes:<\/span><\/p>\n<ol>\n<li style=\"font-weight: 400;\" aria-level=\"2\"><span style=\"font-weight: 400;\">Interfer\u00eancias, interrup\u00e7\u00f5es, falhas, omiss\u00f5es, atrasos, bloqueios ou desconex\u00f5es causados por erros nas linhas e redes de telecomunica\u00e7\u00f5es ou por qualquer outra causa alheia ao controlo de HIJAS DE JES\u00daS- CURIA GENERAL.<\/span><\/li>\n<li style=\"font-weight: 400;\" aria-level=\"2\"><span style=\"font-weight: 400;\">Interfer\u00eancia il\u00edcita atrav\u00e9s da utiliza\u00e7\u00e3o de software malicioso de qualquer tipo e por qualquer meio de comunica\u00e7\u00e3o, como v\u00edrus inform\u00e1ticos ou qualquer outro meio;<\/span><\/li>\n<li style=\"font-weight: 400;\" aria-level=\"2\"><span style=\"font-weight: 400;\">Utiliza\u00e7\u00e3o indevida ou inadequada do s\u00edtio web de HIJAS DE JES\u00daS- CURIA GENERAL.<\/span><\/li>\n<li style=\"font-weight: 400;\" aria-level=\"2\"><span style=\"font-weight: 400;\">Erros de seguran\u00e7a ou de navega\u00e7\u00e3o causados por um mau funcionamento do navegador ou pela utiliza\u00e7\u00e3o de vers\u00f5es desactualizadas.<\/span><\/li>\n<\/ol>\n<p>&nbsp;<\/p>\n<p><span style=\"font-weight: 400;\">A HIJAS DE JES\u00daS- CURIA GENERAL n\u00e3o se responsabiliza nem responder\u00e1, em caso algum, perante os utilizadores e terceiros, pelos actos de terceiros alheios \u00e0 HIJAS DE JES\u00daS- CURIA GENERAL que impliquem ou possam implicar a realiza\u00e7\u00e3o de actos de concorr\u00eancia desleal e publicidade il\u00edcita ou a viola\u00e7\u00e3o de direitos de propriedade intelectual e industrial, segredos empresariais, compromissos contratuais de qualquer tipo, direitos \u00e0 honra, \u00e0 intimidade, \u00e0 privacidade, \u00e0<\/span><span style=\"font-weight: 400;\"><br \/><\/span><\/p>\n<p>&nbsp;<\/p>\n<p><span style=\"font-weight: 400;\">privacidade e imagem pessoal e familiar, direitos de propriedade e quaisquer outros direitos pertencentes a terceiros em virtude da transmiss\u00e3o, difus\u00e3o, armazenamento, disponibiliza\u00e7\u00e3o, rece\u00e7\u00e3o, obten\u00e7\u00e3o ou acesso aos conte\u00fados.<\/span><\/p>\n<p>&nbsp;<\/p>\n<h1><b>7.- Prote\u00e7\u00e3o de dados pessoais.<\/b><\/h1>\n<p><span style=\"font-weight: 400;\">A pol\u00edtica completa sobre o tratamento de dados pessoais pode ser consultada na Pol\u00edtica de Privacidade, que faz parte integrante das presentes Condi\u00e7\u00f5es Gerais, mas que, para simplificar, coloc\u00e1mos num documento separado: <\/span><span style=\"font-weight: 400;\">Pol\u00edtica de Privacidade<\/span><span style=\"font-weight: 400;\">.<\/span><span style=\"font-weight: 400;\"> <\/span><\/p>\n<p>&nbsp;<\/p>\n<h1><b>8.- Legisla\u00e7\u00e3o.<\/b><\/h1>\n<p><span style=\"font-weight: 400;\">O presente aviso legal e os seus termos e condi\u00e7\u00f5es s\u00e3o regidos e interpretados de acordo com a lei italiana. O usu\u00e1rio, pelo simples fato de acessar ao site ou de obter o estatuto de usu\u00e1rio registrado, concede irrevogavelmente o seu consentimento aos tribunais competentes, por defeito, para que estes julguem qualquer a\u00e7\u00e3o judicial decorrente ou relacionada com estas condi\u00e7\u00f5es, ou com a sua utiliza\u00e7\u00e3o deste site ou a sua navega\u00e7\u00e3o no mesmo.<\/span><\/p>\n<p>&nbsp;<\/p>\n<p><span style=\"font-weight: 400;\">Se qualquer cl\u00e1usula ou par\u00e1grafo das presentes Condi\u00e7\u00f5es Gerais, que n\u00e3o seja de natureza essencial para a exist\u00eancia das mesmas, for declarado nulo ou inaplic\u00e1vel, a validade das restantes cl\u00e1usulas n\u00e3o ser\u00e1 afetada.<\/span><\/p>\n<p>[\/et_pb_text][\/et_pb_column][\/et_pb_row][\/et_pb_section]<\/p>\n","protected":false},"excerpt":{"rendered":"<p>Obrigado por nos ter visitado. Queremos que a sua experi\u00eancia no nosso s\u00edtio Web seja a melhor poss\u00edvel. &nbsp; Para aceder aos nossos servi\u00e7os, o utilizador declara que \u00e9 maior de idade e que tem capacidade jur\u00eddica suficiente para utilizar os nossos servi\u00e7os, em conformidade com a legisla\u00e7\u00e3o nacional. O acesso e a navega\u00e7\u00e3o no [&hellip;]<\/p>\n","protected":false},"author":1,"featured_media":0,"parent":0,"menu_order":0,"comment_status":"closed","ping_status":"closed","template":"","meta":{"_et_pb_use_builder":"on","_et_pb_old_content":"","_et_gb_content_width":"","footnotes":"","_links_to":"","_links_to_target":""},"class_list":["post-30078","page","type-page","status-publish","hentry"],"yoast_head":"<!-- This site is optimized with the Yoast SEO plugin v27.4 - https:\/\/yoast.com\/product\/yoast-seo-wordpress\/ -->\n<title>Termo legal - Hijas de Jes\u00fas<\/title>\n<meta name=\"robots\" content=\"index, follow, max-snippet:-1, max-image-preview:large, max-video-preview:-1\" \/>\n<link rel=\"canonical\" href=\"https:\/\/hijasdejesus.org\/pt-br\/aviso-legal\/\" \/>\n<meta property=\"og:locale\" content=\"pt_BR\" \/>\n<meta property=\"og:type\" content=\"article\" \/>\n<meta property=\"og:title\" content=\"Termo legal - Hijas de Jes\u00fas\" \/>\n<meta property=\"og:description\" content=\"Obrigado por nos ter visitado. Queremos que a sua experi\u00eancia no nosso s\u00edtio Web seja a melhor poss\u00edvel. &nbsp; Para aceder aos nossos servi\u00e7os, o utilizador declara que \u00e9 maior de idade e que tem capacidade jur\u00eddica suficiente para utilizar os nossos servi\u00e7os, em conformidade com a legisla\u00e7\u00e3o nacional. O acesso e a navega\u00e7\u00e3o no [&hellip;]\" \/>\n<meta property=\"og:url\" content=\"https:\/\/hijasdejesus.org\/pt-br\/aviso-legal\/\" \/>\n<meta property=\"og:site_name\" content=\"Hijas de Jes\u00fas\" \/>\n<meta property=\"article:publisher\" content=\"https:\/\/www.facebook.com\/hijasdejesusenelmundo\/\" \/>\n<meta property=\"article:modified_time\" content=\"2023-10-19T12:14:01+00:00\" \/>\n<meta name=\"twitter:card\" content=\"summary_large_image\" \/>\n<meta name=\"twitter:site\" content=\"@hijasdjesus\" \/>\n<meta name=\"twitter:label1\" content=\"Est. tempo de leitura\" \/>\n\t<meta name=\"twitter:data1\" content=\"9 minutos\" \/>\n<script type=\"application\/ld+json\" class=\"yoast-schema-graph\">{\"@context\":\"https:\\\/\\\/schema.org\",\"@graph\":[{\"@type\":\"WebPage\",\"@id\":\"https:\\\/\\\/hijasdejesus.org\\\/pt-br\\\/aviso-legal\\\/\",\"url\":\"https:\\\/\\\/hijasdejesus.org\\\/pt-br\\\/aviso-legal\\\/\",\"name\":\"Termo legal - Hijas de Jes\u00fas\",\"isPartOf\":{\"@id\":\"https:\\\/\\\/hijasdejesus.org\\\/pt-br\\\/#website\"},\"datePublished\":\"2022-12-05T21:35:41+00:00\",\"dateModified\":\"2023-10-19T12:14:01+00:00\",\"breadcrumb\":{\"@id\":\"https:\\\/\\\/hijasdejesus.org\\\/pt-br\\\/aviso-legal\\\/#breadcrumb\"},\"inLanguage\":\"pt-BR\",\"potentialAction\":[{\"@type\":\"ReadAction\",\"target\":[\"https:\\\/\\\/hijasdejesus.org\\\/pt-br\\\/aviso-legal\\\/\"]}]},{\"@type\":\"BreadcrumbList\",\"@id\":\"https:\\\/\\\/hijasdejesus.org\\\/pt-br\\\/aviso-legal\\\/#breadcrumb\",\"itemListElement\":[{\"@type\":\"ListItem\",\"position\":1,\"name\":\"Portada\",\"item\":\"https:\\\/\\\/hijasdejesus.org\\\/pt-br\\\/\"},{\"@type\":\"ListItem\",\"position\":2,\"name\":\"Termo legal\"}]},{\"@type\":\"WebSite\",\"@id\":\"https:\\\/\\\/hijasdejesus.org\\\/pt-br\\\/#website\",\"url\":\"https:\\\/\\\/hijasdejesus.org\\\/pt-br\\\/\",\"name\":\"Hijas de Jes\u00fas\",\"description\":\"Despertamos a Jes\u00fas en el coraz\u00f3n, sacando lo mejor de las personas. Somos una congregaci\u00f3n religiosa ignaciana fundada por la Madre Candida\",\"publisher\":{\"@id\":\"https:\\\/\\\/hijasdejesus.org\\\/pt-br\\\/#organization\"},\"potentialAction\":[{\"@type\":\"SearchAction\",\"target\":{\"@type\":\"EntryPoint\",\"urlTemplate\":\"https:\\\/\\\/hijasdejesus.org\\\/pt-br\\\/?s={search_term_string}\"},\"query-input\":{\"@type\":\"PropertyValueSpecification\",\"valueRequired\":true,\"valueName\":\"search_term_string\"}}],\"inLanguage\":\"pt-BR\"},{\"@type\":\"Organization\",\"@id\":\"https:\\\/\\\/hijasdejesus.org\\\/pt-br\\\/#organization\",\"name\":\"Hijas de Jes\u00fas\",\"url\":\"https:\\\/\\\/hijasdejesus.org\\\/pt-br\\\/\",\"logo\":{\"@type\":\"ImageObject\",\"inLanguage\":\"pt-BR\",\"@id\":\"https:\\\/\\\/hijasdejesus.org\\\/pt-br\\\/#\\\/schema\\\/logo\\\/image\\\/\",\"url\":\"https:\\\/\\\/hijasdejesus.org\\\/wp-content\\\/uploads\\\/2023\\\/01\\\/Hijas-de-Jesus_hor-A7C957.png\",\"contentUrl\":\"https:\\\/\\\/hijasdejesus.org\\\/wp-content\\\/uploads\\\/2023\\\/01\\\/Hijas-de-Jesus_hor-A7C957.png\",\"width\":700,\"height\":360,\"caption\":\"Hijas de Jes\u00fas\"},\"image\":{\"@id\":\"https:\\\/\\\/hijasdejesus.org\\\/pt-br\\\/#\\\/schema\\\/logo\\\/image\\\/\"},\"sameAs\":[\"https:\\\/\\\/www.facebook.com\\\/hijasdejesusenelmundo\\\/\",\"https:\\\/\\\/x.com\\\/hijasdjesus\"]}]}<\/script>\n<!-- \/ Yoast SEO plugin. -->","yoast_head_json":{"title":"Termo legal - Hijas de Jes\u00fas","robots":{"index":"index","follow":"follow","max-snippet":"max-snippet:-1","max-image-preview":"max-image-preview:large","max-video-preview":"max-video-preview:-1"},"canonical":"https:\/\/hijasdejesus.org\/pt-br\/aviso-legal\/","og_locale":"pt_BR","og_type":"article","og_title":"Termo legal - Hijas de Jes\u00fas","og_description":"Obrigado por nos ter visitado. Queremos que a sua experi\u00eancia no nosso s\u00edtio Web seja a melhor poss\u00edvel. &nbsp; Para aceder aos nossos servi\u00e7os, o utilizador declara que \u00e9 maior de idade e que tem capacidade jur\u00eddica suficiente para utilizar os nossos servi\u00e7os, em conformidade com a legisla\u00e7\u00e3o nacional. O acesso e a navega\u00e7\u00e3o no [&hellip;]","og_url":"https:\/\/hijasdejesus.org\/pt-br\/aviso-legal\/","og_site_name":"Hijas de Jes\u00fas","article_publisher":"https:\/\/www.facebook.com\/hijasdejesusenelmundo\/","article_modified_time":"2023-10-19T12:14:01+00:00","twitter_card":"summary_large_image","twitter_site":"@hijasdjesus","twitter_misc":{"Est. tempo de leitura":"9 minutos"},"schema":{"@context":"https:\/\/schema.org","@graph":[{"@type":"WebPage","@id":"https:\/\/hijasdejesus.org\/pt-br\/aviso-legal\/","url":"https:\/\/hijasdejesus.org\/pt-br\/aviso-legal\/","name":"Termo legal - Hijas de Jes\u00fas","isPartOf":{"@id":"https:\/\/hijasdejesus.org\/pt-br\/#website"},"datePublished":"2022-12-05T21:35:41+00:00","dateModified":"2023-10-19T12:14:01+00:00","breadcrumb":{"@id":"https:\/\/hijasdejesus.org\/pt-br\/aviso-legal\/#breadcrumb"},"inLanguage":"pt-BR","potentialAction":[{"@type":"ReadAction","target":["https:\/\/hijasdejesus.org\/pt-br\/aviso-legal\/"]}]},{"@type":"BreadcrumbList","@id":"https:\/\/hijasdejesus.org\/pt-br\/aviso-legal\/#breadcrumb","itemListElement":[{"@type":"ListItem","position":1,"name":"Portada","item":"https:\/\/hijasdejesus.org\/pt-br\/"},{"@type":"ListItem","position":2,"name":"Termo legal"}]},{"@type":"WebSite","@id":"https:\/\/hijasdejesus.org\/pt-br\/#website","url":"https:\/\/hijasdejesus.org\/pt-br\/","name":"Hijas de Jes\u00fas","description":"Despertamos a Jes\u00fas en el coraz\u00f3n, sacando lo mejor de las personas. Somos una congregaci\u00f3n religiosa ignaciana fundada por la Madre Candida","publisher":{"@id":"https:\/\/hijasdejesus.org\/pt-br\/#organization"},"potentialAction":[{"@type":"SearchAction","target":{"@type":"EntryPoint","urlTemplate":"https:\/\/hijasdejesus.org\/pt-br\/?s={search_term_string}"},"query-input":{"@type":"PropertyValueSpecification","valueRequired":true,"valueName":"search_term_string"}}],"inLanguage":"pt-BR"},{"@type":"Organization","@id":"https:\/\/hijasdejesus.org\/pt-br\/#organization","name":"Hijas de Jes\u00fas","url":"https:\/\/hijasdejesus.org\/pt-br\/","logo":{"@type":"ImageObject","inLanguage":"pt-BR","@id":"https:\/\/hijasdejesus.org\/pt-br\/#\/schema\/logo\/image\/","url":"https:\/\/hijasdejesus.org\/wp-content\/uploads\/2023\/01\/Hijas-de-Jesus_hor-A7C957.png","contentUrl":"https:\/\/hijasdejesus.org\/wp-content\/uploads\/2023\/01\/Hijas-de-Jesus_hor-A7C957.png","width":700,"height":360,"caption":"Hijas de Jes\u00fas"},"image":{"@id":"https:\/\/hijasdejesus.org\/pt-br\/#\/schema\/logo\/image\/"},"sameAs":["https:\/\/www.facebook.com\/hijasdejesusenelmundo\/","https:\/\/x.com\/hijasdjesus"]}]}},"_links":{"self":[{"href":"https:\/\/hijasdejesus.org\/pt-br\/wp-json\/wp\/v2\/pages\/30078","targetHints":{"allow":["GET"]}}],"collection":[{"href":"https:\/\/hijasdejesus.org\/pt-br\/wp-json\/wp\/v2\/pages"}],"about":[{"href":"https:\/\/hijasdejesus.org\/pt-br\/wp-json\/wp\/v2\/types\/page"}],"author":[{"embeddable":true,"href":"https:\/\/hijasdejesus.org\/pt-br\/wp-json\/wp\/v2\/users\/1"}],"replies":[{"embeddable":true,"href":"https:\/\/hijasdejesus.org\/pt-br\/wp-json\/wp\/v2\/comments?post=30078"}],"version-history":[{"count":18,"href":"https:\/\/hijasdejesus.org\/pt-br\/wp-json\/wp\/v2\/pages\/30078\/revisions"}],"predecessor-version":[{"id":36838,"href":"https:\/\/hijasdejesus.org\/pt-br\/wp-json\/wp\/v2\/pages\/30078\/revisions\/36838"}],"wp:attachment":[{"href":"https:\/\/hijasdejesus.org\/pt-br\/wp-json\/wp\/v2\/media?parent=30078"}],"curies":[{"name":"wp","href":"https:\/\/api.w.org\/{rel}","templated":true}]}}