{"id":39880,"date":"2022-06-16T07:18:13","date_gmt":"2022-06-16T05:18:13","guid":{"rendered":"https:\/\/hijasdejesus.org\/%e6%88%91%e5%80%91%e5%9c%a8%e5%93%aa\/"},"modified":"2024-07-04T13:02:29","modified_gmt":"2024-07-04T11:02:29","slug":"%e6%88%91%e5%80%91%e5%9c%a8%e5%93%aa","status":"publish","type":"page","link":"https:\/\/hijasdejesus.org\/zh-hant\/%e6%88%91%e5%80%91%e5%9c%a8%e5%93%aa\/","title":{"rendered":"\u6211\u5011\u5728\u54ea"},"content":{"rendered":"<p>[et_pb_section fb_built=&#8221;1&#8243; _builder_version=&#8221;4.18.1&#8243; _module_preset=&#8221;default&#8221; background_color=&#8221;#364F7D&#8221; background_image=&#8221;https:\/\/hijasdejesus.org\/wp-content\/uploads\/2022\/11\/mundo-1.png&#8221; background_size=&#8221;contain&#8221; background_blend=&#8221;soft-light&#8221; custom_padding=&#8221;12vw||12vw||true|false&#8221; global_colors_info=&#8221;{}&#8221;][et_pb_row _builder_version=&#8221;4.18.1&#8243; _module_preset=&#8221;default&#8221; global_colors_info=&#8221;{}&#8221;][et_pb_column type=&#8221;4_4&#8243; _builder_version=&#8221;4.18.1&#8243; _module_preset=&#8221;default&#8221; global_colors_info=&#8221;{}&#8221;][et_pb_text _builder_version=&#8221;4.19.1&#8243; _module_preset=&#8221;default&#8221; header_2_font=&#8221;|300|||||||&#8221; header_2_text_color=&#8221;#FFFFFF&#8221; header_2_font_size=&#8221;42px&#8221; header_2_line_height=&#8221;1.4em&#8221; text_orientation=&#8221;center&#8221; max_width=&#8221;600px&#8221; module_alignment=&#8221;center&#8221; animation_style=&#8221;fade&#8221; animation_duration=&#8221;1400ms&#8221; animation_delay=&#8221;200ms&#8221; global_colors_info=&#8221;{}&#8221;]<\/p>\n<h2>\u6700\u9700\u8981\u6211\u5011\u7684\u5730\u65b9<\/h2>\n<p>[\/et_pb_text][et_pb_text _builder_version=&#8221;4.18.1&#8243; _module_preset=&#8221;default&#8221; text_font=&#8221;||||||||&#8221; text_font_size=&#8221;18px&#8221; text_line_height=&#8221;1.6em&#8221; header_2_text_color=&#8221;#FFFFFF&#8221; header_2_line_height=&#8221;1.4em&#8221; text_orientation=&#8221;center&#8221; max_width=&#8221;900px&#8221; module_alignment=&#8221;center&#8221; animation_style=&#8221;fade&#8221; animation_duration=&#8221;1400ms&#8221; animation_delay=&#8221;400ms&#8221; global_colors_info=&#8221;{}&#8221;]\u56e0\u70ba\u6211\u5011\u662f <strong style=\"color:#a7c957;\">\u8036\u7a4c<\/strong>\u7684\u5973\u5152\uff0c\u6240\u4ee5\u6211\u5011\u662f\u6240\u6709\u4eba\u7684\u59d0\u59b9\u3002 \u9019\u5c31\u662f\u70ba\u4ec0\u9ebc\u6211\u5011\u53bb\u966a\u4f34\u6709\u66f4\u591a\u9700\u8981\u7684\u5730\u65b9\u3002[\/et_pb_text][\/et_pb_column][\/et_pb_row][\/et_pb_section][et_pb_section fb_built=&#8221;1&#8243; _builder_version=&#8221;4.19.1&#8243; _module_preset=&#8221;default&#8221; background_color=&#8221;rgba(253,252,250,0.9)&#8221; background_image=&#8221;https:\/\/hijasdejesus.org\/wp-content\/uploads\/2022\/11\/ihs.png&#8221; background_position=&#8221;center_left&#8221; background_blend=&#8221;screen&#8221; custom_padding=&#8221;||||true|false&#8221; global_colors_info=&#8221;{}&#8221;][et_pb_row _builder_version=&#8221;4.19.1&#8243; _module_preset=&#8221;default&#8221; width=&#8221;90%&#8221; max_width=&#8221;3000px&#8221; custom_padding=&#8221;0px||||false|false&#8221; global_colors_info=&#8221;{}&#8221;][et_pb_column type=&#8221;4_4&#8243; _builder_version=&#8221;4.17.4&#8243; _module_preset=&#8221;default&#8221; global_colors_info=&#8221;{}&#8221;][et_pb_code _builder_version=&#8221;4.18.1&#8243; _module_preset=&#8221;default&#8221; global_colors_info=&#8221;{}&#8221;]<\/p>\n<div id=\"map\"><\/div>\n<p><!-- [et_pb_line_break_holder] -->[\/et_pb_code][\/et_pb_column][\/et_pb_row][\/et_pb_section]<\/p>\n","protected":false},"excerpt":{"rendered":"<p>\u6700\u9700\u8981\u6211\u5011\u7684\u5730\u65b9\u56e0\u70ba\u6211\u5011\u662f \u8036\u7a4c\u7684\u5973\u5152\uff0c\u6240\u4ee5\u6211\u5011\u662f\u6240\u6709\u4eba\u7684\u59d0\u59b9\u3002 \u9019\u5c31\u662f\u70ba\u4ec0\u9ebc\u6211\u5011\u53bb\u966a\u4f34\u6709\u66f4\u591a\u9700\u8981\u7684\u5730\u65b9\u3002<\/p>\n","protected":false},"author":1,"featured_media":0,"parent":0,"menu_order":0,"comment_status":"closed","ping_status":"closed","template":"","meta":{"_et_pb_use_builder":"on","_et_pb_old_content":"","_et_gb_content_width":"","footnotes":"","_links_to":"","_links_to_target":""},"class_list":["post-39880","page","type-page","status-publish","hentry"],"yoast_head":"<!-- This site is optimized with the Yoast SEO plugin v27.5 - https:\/\/yoast.com\/product\/yoast-seo-wordpress\/ -->\n<title>\u6211\u5011\u5728\u54ea - Hijas de Jes\u00fas<\/title>\n<meta name=\"robots\" content=\"index, follow, max-snippet:-1, max-image-preview:large, max-video-preview:-1\" \/>\n<link rel=\"canonical\" href=\"https:\/\/hijasdejesus.org\/zh-hant\/%e6%88%91%e5%80%91%e5%9c%a8%e5%93%aa\/\" \/>\n<meta property=\"og:locale\" content=\"zh_TW\" \/>\n<meta property=\"og:type\" content=\"article\" \/>\n<meta property=\"og:title\" content=\"\u6211\u5011\u5728\u54ea - Hijas de Jes\u00fas\" \/>\n<meta property=\"og:description\" content=\"\u6700\u9700\u8981\u6211\u5011\u7684\u5730\u65b9\u56e0\u70ba\u6211\u5011\u662f \u8036\u7a4c\u7684\u5973\u5152\uff0c\u6240\u4ee5\u6211\u5011\u662f\u6240\u6709\u4eba\u7684\u59d0\u59b9\u3002 \u9019\u5c31\u662f\u70ba\u4ec0\u9ebc\u6211\u5011\u53bb\u966a\u4f34\u6709\u66f4\u591a\u9700\u8981\u7684\u5730\u65b9\u3002\" \/>\n<meta property=\"og:url\" content=\"https:\/\/hijasdejesus.org\/zh-hant\/%e6%88%91%e5%80%91%e5%9c%a8%e5%93%aa\/\" \/>\n<meta property=\"og:site_name\" content=\"Hijas de Jes\u00fas\" \/>\n<meta property=\"article:publisher\" content=\"https:\/\/www.facebook.com\/hijasdejesusenelmundo\/\" \/>\n<meta property=\"article:modified_time\" content=\"2024-07-04T11:02:29+00:00\" \/>\n<meta name=\"twitter:card\" content=\"summary_large_image\" \/>\n<meta name=\"twitter:site\" content=\"@hijasdjesus\" \/>\n<meta name=\"twitter:label1\" content=\"\u9810\u4f30\u95b1\u8b80\u6642\u9593\" \/>\n\t<meta name=\"twitter:data1\" content=\"1 \u5206\u9418\" \/>\n<script type=\"application\/ld+json\" class=\"yoast-schema-graph\">{\"@context\":\"https:\\\/\\\/schema.org\",\"@graph\":[{\"@type\":\"WebPage\",\"@id\":\"https:\\\/\\\/hijasdejesus.org\\\/zh-hant\\\/%e6%88%91%e5%80%91%e5%9c%a8%e5%93%aa\\\/\",\"url\":\"https:\\\/\\\/hijasdejesus.org\\\/zh-hant\\\/%e6%88%91%e5%80%91%e5%9c%a8%e5%93%aa\\\/\",\"name\":\"\u6211\u5011\u5728\u54ea - Hijas de Jes\u00fas\",\"isPartOf\":{\"@id\":\"https:\\\/\\\/hijasdejesus.org\\\/zh-hant\\\/#website\"},\"datePublished\":\"2022-06-16T05:18:13+00:00\",\"dateModified\":\"2024-07-04T11:02:29+00:00\",\"breadcrumb\":{\"@id\":\"https:\\\/\\\/hijasdejesus.org\\\/zh-hant\\\/%e6%88%91%e5%80%91%e5%9c%a8%e5%93%aa\\\/#breadcrumb\"},\"inLanguage\":\"zh-TW\",\"potentialAction\":[{\"@type\":\"ReadAction\",\"target\":[\"https:\\\/\\\/hijasdejesus.org\\\/zh-hant\\\/%e6%88%91%e5%80%91%e5%9c%a8%e5%93%aa\\\/\"]}]},{\"@type\":\"BreadcrumbList\",\"@id\":\"https:\\\/\\\/hijasdejesus.org\\\/zh-hant\\\/%e6%88%91%e5%80%91%e5%9c%a8%e5%93%aa\\\/#breadcrumb\",\"itemListElement\":[{\"@type\":\"ListItem\",\"position\":1,\"name\":\"Portada\",\"item\":\"https:\\\/\\\/hijasdejesus.org\\\/zh-hant\\\/\"},{\"@type\":\"ListItem\",\"position\":2,\"name\":\"\u6211\u5011\u5728\u54ea\"}]},{\"@type\":\"WebSite\",\"@id\":\"https:\\\/\\\/hijasdejesus.org\\\/zh-hant\\\/#website\",\"url\":\"https:\\\/\\\/hijasdejesus.org\\\/zh-hant\\\/\",\"name\":\"Hijas de Jes\u00fas\",\"description\":\"Despertamos a Jes\u00fas en el coraz\u00f3n, sacando lo mejor de las personas. Somos una congregaci\u00f3n religiosa ignaciana fundada por la Madre Candida\",\"publisher\":{\"@id\":\"https:\\\/\\\/hijasdejesus.org\\\/zh-hant\\\/#organization\"},\"potentialAction\":[{\"@type\":\"SearchAction\",\"target\":{\"@type\":\"EntryPoint\",\"urlTemplate\":\"https:\\\/\\\/hijasdejesus.org\\\/zh-hant\\\/?s={search_term_string}\"},\"query-input\":{\"@type\":\"PropertyValueSpecification\",\"valueRequired\":true,\"valueName\":\"search_term_string\"}}],\"inLanguage\":\"zh-TW\"},{\"@type\":\"Organization\",\"@id\":\"https:\\\/\\\/hijasdejesus.org\\\/zh-hant\\\/#organization\",\"name\":\"Hijas de Jes\u00fas\",\"url\":\"https:\\\/\\\/hijasdejesus.org\\\/zh-hant\\\/\",\"logo\":{\"@type\":\"ImageObject\",\"inLanguage\":\"zh-TW\",\"@id\":\"https:\\\/\\\/hijasdejesus.org\\\/zh-hant\\\/#\\\/schema\\\/logo\\\/image\\\/\",\"url\":\"https:\\\/\\\/hijasdejesus.org\\\/wp-content\\\/uploads\\\/2023\\\/01\\\/Hijas-de-Jesus_hor-A7C957.png\",\"contentUrl\":\"https:\\\/\\\/hijasdejesus.org\\\/wp-content\\\/uploads\\\/2023\\\/01\\\/Hijas-de-Jesus_hor-A7C957.png\",\"width\":700,\"height\":360,\"caption\":\"Hijas de Jes\u00fas\"},\"image\":{\"@id\":\"https:\\\/\\\/hijasdejesus.org\\\/zh-hant\\\/#\\\/schema\\\/logo\\\/image\\\/\"},\"sameAs\":[\"https:\\\/\\\/www.facebook.com\\\/hijasdejesusenelmundo\\\/\",\"https:\\\/\\\/x.com\\\/hijasdjesus\"]}]}<\/script>\n<!-- \/ Yoast SEO plugin. -->","yoast_head_json":{"title":"\u6211\u5011\u5728\u54ea - Hijas de Jes\u00fas","robots":{"index":"index","follow":"follow","max-snippet":"max-snippet:-1","max-image-preview":"max-image-preview:large","max-video-preview":"max-video-preview:-1"},"canonical":"https:\/\/hijasdejesus.org\/zh-hant\/%e6%88%91%e5%80%91%e5%9c%a8%e5%93%aa\/","og_locale":"zh_TW","og_type":"article","og_title":"\u6211\u5011\u5728\u54ea - Hijas de Jes\u00fas","og_description":"\u6700\u9700\u8981\u6211\u5011\u7684\u5730\u65b9\u56e0\u70ba\u6211\u5011\u662f \u8036\u7a4c\u7684\u5973\u5152\uff0c\u6240\u4ee5\u6211\u5011\u662f\u6240\u6709\u4eba\u7684\u59d0\u59b9\u3002 \u9019\u5c31\u662f\u70ba\u4ec0\u9ebc\u6211\u5011\u53bb\u966a\u4f34\u6709\u66f4\u591a\u9700\u8981\u7684\u5730\u65b9\u3002","og_url":"https:\/\/hijasdejesus.org\/zh-hant\/%e6%88%91%e5%80%91%e5%9c%a8%e5%93%aa\/","og_site_name":"Hijas de Jes\u00fas","article_publisher":"https:\/\/www.facebook.com\/hijasdejesusenelmundo\/","article_modified_time":"2024-07-04T11:02:29+00:00","twitter_card":"summary_large_image","twitter_site":"@hijasdjesus","twitter_misc":{"\u9810\u4f30\u95b1\u8b80\u6642\u9593":"1 \u5206\u9418"},"schema":{"@context":"https:\/\/schema.org","@graph":[{"@type":"WebPage","@id":"https:\/\/hijasdejesus.org\/zh-hant\/%e6%88%91%e5%80%91%e5%9c%a8%e5%93%aa\/","url":"https:\/\/hijasdejesus.org\/zh-hant\/%e6%88%91%e5%80%91%e5%9c%a8%e5%93%aa\/","name":"\u6211\u5011\u5728\u54ea - Hijas de Jes\u00fas","isPartOf":{"@id":"https:\/\/hijasdejesus.org\/zh-hant\/#website"},"datePublished":"2022-06-16T05:18:13+00:00","dateModified":"2024-07-04T11:02:29+00:00","breadcrumb":{"@id":"https:\/\/hijasdejesus.org\/zh-hant\/%e6%88%91%e5%80%91%e5%9c%a8%e5%93%aa\/#breadcrumb"},"inLanguage":"zh-TW","potentialAction":[{"@type":"ReadAction","target":["https:\/\/hijasdejesus.org\/zh-hant\/%e6%88%91%e5%80%91%e5%9c%a8%e5%93%aa\/"]}]},{"@type":"BreadcrumbList","@id":"https:\/\/hijasdejesus.org\/zh-hant\/%e6%88%91%e5%80%91%e5%9c%a8%e5%93%aa\/#breadcrumb","itemListElement":[{"@type":"ListItem","position":1,"name":"Portada","item":"https:\/\/hijasdejesus.org\/zh-hant\/"},{"@type":"ListItem","position":2,"name":"\u6211\u5011\u5728\u54ea"}]},{"@type":"WebSite","@id":"https:\/\/hijasdejesus.org\/zh-hant\/#website","url":"https:\/\/hijasdejesus.org\/zh-hant\/","name":"Hijas de Jes\u00fas","description":"Despertamos a Jes\u00fas en el coraz\u00f3n, sacando lo mejor de las personas. Somos una congregaci\u00f3n religiosa ignaciana fundada por la Madre Candida","publisher":{"@id":"https:\/\/hijasdejesus.org\/zh-hant\/#organization"},"potentialAction":[{"@type":"SearchAction","target":{"@type":"EntryPoint","urlTemplate":"https:\/\/hijasdejesus.org\/zh-hant\/?s={search_term_string}"},"query-input":{"@type":"PropertyValueSpecification","valueRequired":true,"valueName":"search_term_string"}}],"inLanguage":"zh-TW"},{"@type":"Organization","@id":"https:\/\/hijasdejesus.org\/zh-hant\/#organization","name":"Hijas de Jes\u00fas","url":"https:\/\/hijasdejesus.org\/zh-hant\/","logo":{"@type":"ImageObject","inLanguage":"zh-TW","@id":"https:\/\/hijasdejesus.org\/zh-hant\/#\/schema\/logo\/image\/","url":"https:\/\/hijasdejesus.org\/wp-content\/uploads\/2023\/01\/Hijas-de-Jesus_hor-A7C957.png","contentUrl":"https:\/\/hijasdejesus.org\/wp-content\/uploads\/2023\/01\/Hijas-de-Jesus_hor-A7C957.png","width":700,"height":360,"caption":"Hijas de Jes\u00fas"},"image":{"@id":"https:\/\/hijasdejesus.org\/zh-hant\/#\/schema\/logo\/image\/"},"sameAs":["https:\/\/www.facebook.com\/hijasdejesusenelmundo\/","https:\/\/x.com\/hijasdjesus"]}]}},"_links":{"self":[{"href":"https:\/\/hijasdejesus.org\/zh-hant\/wp-json\/wp\/v2\/pages\/39880","targetHints":{"allow":["GET"]}}],"collection":[{"href":"https:\/\/hijasdejesus.org\/zh-hant\/wp-json\/wp\/v2\/pages"}],"about":[{"href":"https:\/\/hijasdejesus.org\/zh-hant\/wp-json\/wp\/v2\/types\/page"}],"author":[{"embeddable":true,"href":"https:\/\/hijasdejesus.org\/zh-hant\/wp-json\/wp\/v2\/users\/1"}],"replies":[{"embeddable":true,"href":"https:\/\/hijasdejesus.org\/zh-hant\/wp-json\/wp\/v2\/comments?post=39880"}],"version-history":[{"count":2,"href":"https:\/\/hijasdejesus.org\/zh-hant\/wp-json\/wp\/v2\/pages\/39880\/revisions"}],"predecessor-version":[{"id":39882,"href":"https:\/\/hijasdejesus.org\/zh-hant\/wp-json\/wp\/v2\/pages\/39880\/revisions\/39882"}],"wp:attachment":[{"href":"https:\/\/hijasdejesus.org\/zh-hant\/wp-json\/wp\/v2\/media?parent=39880"}],"curies":[{"name":"wp","href":"https:\/\/api.w.org\/{rel}","templated":true}]}}