{"id":39883,"date":"2022-12-02T12:46:43","date_gmt":"2022-12-02T11:46:43","guid":{"rendered":"https:\/\/hijasdejesus.org\/%e6%b3%b0%e5%9c%8b\/"},"modified":"2024-07-04T13:02:30","modified_gmt":"2024-07-04T11:02:30","slug":"%e6%b3%b0%e5%9c%8b","status":"publish","type":"page","link":"https:\/\/hijasdejesus.org\/zh-hant\/%e6%b3%b0%e5%9c%8b\/","title":{"rendered":"\u6cf0\u570b"},"content":{"rendered":"<p>[et_pb_section fb_built=&#8221;1&#8243; _builder_version=&#8221;4.19.2&#8243; _module_preset=&#8221;default&#8221; use_background_color_gradient=&#8221;on&#8221; background_color_gradient_stops=&#8221;#364f7d 0%|rgba(54,79,125,0.4) 100%&#8221; background_color_gradient_overlays_image=&#8221;on&#8221; background_image=&#8221;https:\/\/hijasdejesus.org\/wp-content\/uploads\/2022\/12\/Tailandia-1.jpeg&#8221; custom_padding=&#8221;12vw||12vw||true|false&#8221; global_colors_info=&#8221;{}&#8221;][et_pb_row _builder_version=&#8221;4.19.1&#8243; _module_preset=&#8221;default&#8221; global_colors_info=&#8221;{}&#8221;][et_pb_column type=&#8221;4_4&#8243; _builder_version=&#8221;4.19.1&#8243; _module_preset=&#8221;default&#8221; global_colors_info=&#8221;{}&#8221;][et_pb_text _builder_version=&#8221;4.19.2&#8243; _module_preset=&#8221;default&#8221; header_text_color=&#8221;#A7C957&#8243; header_font_size=&#8221;50px&#8221; max_width=&#8221;800px&#8221; global_colors_info=&#8221;{}&#8221;]<\/p>\n<h1>\u6cf0\u570b<\/h1>\n<p>\u6211\u5011\u5728\u7dec\u7538\u7684\u96e3\u6c11\u71df\u4e2d\u6fc0\u767c\u6bcf\u500b\u4eba\u6700\u597d\u7684\u4e00\u9762\u3002 \u4e00\u500b\u5bb6\u5ead\u662f\u5fc5\u4e0d\u53ef\u5c11\u7684\u74b0\u5883\uff0c\u9019\u5c31\u662f\u70ba\u4ec0\u9ebc\u6211\u5011\u6709\u8cd3\u81f3\u5982\u6b78\u7684\u611f\u89ba\u3002<\/p>\n<p>[\/et_pb_text][\/et_pb_column][\/et_pb_row][\/et_pb_section][et_pb_section fb_built=&#8221;1&#8243; _builder_version=&#8221;4.19.2&#8243; _module_preset=&#8221;default&#8221; use_background_color_gradient=&#8221;on&#8221; background_color_gradient_direction=&#8221;90deg&#8221; background_color_gradient_stops=&#8221;#fdfcfa 0%|#fdfcfa 29%|rgba(253,252,250,0.7) 99%&#8221; background_color_gradient_overlays_image=&#8221;on&#8221; background_image=&#8221;https:\/\/hijasdejesus.org\/wp-content\/uploads\/2022\/12\/THA04_2010_0223_Piang_Luang_ddsj_030-e1540829310938.jpg&#8221; custom_padding=&#8221;6vw||6vw||true|false&#8221; global_colors_info=&#8221;{}&#8221;][et_pb_row column_structure=&#8221;3_5,2_5&#8243; _builder_version=&#8221;4.19.1&#8243; _module_preset=&#8221;default&#8221; global_colors_info=&#8221;{}&#8221;][et_pb_column type=&#8221;3_5&#8243; _builder_version=&#8221;4.19.1&#8243; _module_preset=&#8221;default&#8221; global_colors_info=&#8221;{}&#8221;][et_pb_text _builder_version=&#8221;4.19.2&#8243; _module_preset=&#8221;default&#8221; text_text_color=&#8221;#364F7D&#8221; global_colors_info=&#8221;{}&#8221;]<\/p>\n<p><span style=\"font-weight: 400;\">\u6cf0\u570b\u6c11\u65cf\u53ef\u4ee5\u5206\u70ba\u5e7e\u5341\u500b\u4e0d\u540c\u7684\u4e9e\u7fa4\uff0c\u4f46\u4ed6\u5011\u7684\u50b3\u7d71\u3001\u8a9e\u8a00\u548c\u6587\u5316\u53ea\u6709\u8f15\u5fae\u7684\u5dee\u7570\u3002 \u9019\u5c0e\u81f4\u4e86\u5177\u6709 <strong>\u5f37\u70c8\u5171\u540c\u50b3\u7d71<\/strong> \u548c\u6587\u5316\u8a8d\u540c\u611f\u7684\u4eba\u53e3\u3002<\/span><\/p>\n<p><span style=\"font-weight: 400;\"><strong>\u5bb6\u5ead\u662f<\/strong> \u6cf0\u570b\u751f\u6d3b\u7684\u6838\u5fc3\u3002 \u5c0d\u8001\u5e74\u4eba\u548c\u64d4\u4efb\u8f03\u9ad8\u793e\u6703\u5730\u4f4d\u7684\u4eba\u7684\u5c0a\u91cd\u4e5f\u662f\u5982\u6b64\u3002 \u793e\u6703\u5730\u4f4d\u7b49\u7d1a\u5236\u5ea6\u5e7e\u4e4e\u662f\u6240\u6709\u4e92\u52d5\u7684\u7279\u5fb5\u3002  <\/span><\/p>\n<p><span style=\"font-weight: 400;\">\u4e00\u500b\u975e\u5e38\u91cd\u8981\u7684\u6982\u5ff5\u662f <\/span><strong><br \/>\n  <i>sanuk<\/i><br \/>\n<\/strong><span style=\"font-weight: 400;\">\uff0c\u9019\u662f\u4e00\u500b\u5f37\u5927\u7684\u60f3\u6cd5\uff0c\u9ad4\u73fe\u4e86 <strong>\u4fcf\u76ae<\/strong> \u548c <strong>\u5e7d\u9ed8\u611f<\/strong>\uff0c\u5c0d\u6cf0\u570b\u7684\u751f\u6d3b\u65b9\u5f0f\u81f3\u95dc\u91cd\u8981\u3002<\/span><\/p>\n<p><span style=\"font-weight: 400;\">\u6211\u5011\u5728\u9019\u88e1\u7684\u751f\u6d3b\u548c\u4eba\u969b\u95dc\u4fc2\u53d7\u5230\u6211\u5011\u7684\u9b45\u529b\u7684\u5f71\u97ff\u3002 \u6211\u5011\u5c0a\u91cd\u7576\u5c40\uff0c\u9075\u5b88\u6cf0\u570b\u6cd5\u5f8b\u4e26\u6176\u795d\u4ed6\u5011\u7684\u7bc0\u65e5\u3002 \u6211\u5011\u627f\u8a8d\u6bcf\u500b\u4eba\u7684\u5c0a\u56b4\uff0c\u4e26\u5c0a\u91cd\u6bcf\u4e00\u500b\u4eba\u3002  <strong>\u6211\u5011\u662f\u5e0c\u671b\u4e4b\u5149\u3002<\/strong><\/span><\/p>\n<p>[\/et_pb_text][\/et_pb_column][et_pb_column type=&#8221;2_5&#8243; _builder_version=&#8221;4.19.1&#8243; _module_preset=&#8221;default&#8221; global_colors_info=&#8221;{}&#8221;][\/et_pb_column][\/et_pb_row][\/et_pb_section][et_pb_section fb_built=&#8221;1&#8243; fullwidth=&#8221;on&#8221; _builder_version=&#8221;4.19.1&#8243; _module_preset=&#8221;default&#8221; global_colors_info=&#8221;{}&#8221;][et_pb_fullwidth_map address=&#8221;Tailandia&#8221; zoom_level=&#8221;6&#8243; address_lat=&#8221;17.301961094858&#8243; address_lng=&#8221;100.83873240625&#8243; mouse_wheel=&#8221;off&#8221; _builder_version=&#8221;4.19.2&#8243; _module_preset=&#8221;default&#8221; child_filter_hue_rotate=&#8221;257deg&#8221; child_filter_saturate=&#8221;0%&#8221; child_filter_brightness=&#8221;139%&#8221; custom_css_main_element=&#8221;color: black;&#8221; global_colors_info=&#8221;{}&#8221;][et_pb_map_pin title=&#8221;\u591c\u8c50\u980c&#8221; pin_address=&#8221;Provincia de Mae Hong Son, Tailandia&#8221; pin_address_lat=&#8221;19.3020296&#8243; pin_address_lng=&#8221;97.9654368&#8243; _builder_version=&#8221;4.19.2&#8243; _module_preset=&#8221;default&#8221; global_colors_info=&#8221;{}&#8221;]<\/p>\n<p><span style=\"font-weight: 400;\">\u6211\u5011\u8207\u8036\u7a4c\u6703\u96e3\u6c11\u670d\u52d9\u8655\uff08JRS\uff09\u5728\u7dec\u7538\u7684\u96e3\u6c11\u71df\u5408\u4f5c\u3002<\/span><\/p>\n<p>[\/et_pb_map_pin][\/et_pb_fullwidth_map][\/et_pb_section][et_pb_section fb_built=&#8221;1&#8243; _builder_version=&#8221;4.19.1&#8243; _module_preset=&#8221;default&#8221; background_enable_mask_style=&#8221;on&#8221; background_mask_style=&#8221;bean&#8221; background_mask_color=&#8221;#A7C957&#8243; background_mask_transform=&#8221;invert&#8221; custom_padding=&#8221;6vw||6vw||true|false&#8221; global_colors_info=&#8221;{}&#8221;][et_pb_row _builder_version=&#8221;4.19.1&#8243; _module_preset=&#8221;default&#8221; global_colors_info=&#8221;{}&#8221;][et_pb_column type=&#8221;4_4&#8243; _builder_version=&#8221;4.19.1&#8243; _module_preset=&#8221;default&#8221; global_colors_info=&#8221;{}&#8221;][et_pb_text _builder_version=&#8221;4.19.1&#8243; _module_preset=&#8221;default&#8221; header_2_text_color=&#8221;#364F7D&#8221; global_colors_info=&#8221;{}&#8221;]<\/p>\n<h2>\u77ad\u89e3\u6211\u5011\u7684\u65e5\u5e38\u5de5\u4f5c<\/h2>\n<p>[\/et_pb_text][et_pb_blog fullwidth=&#8221;off&#8221; posts_number=&#8221;3&#8243; include_categories=&#8221;33&#8243; excerpt_length=&#8221;0&#8243; show_author=&#8221;off&#8221; masonry_tile_background_color=&#8221;RGBA(255,255,255,0)&#8221; _builder_version=&#8221;4.19.2&#8243; _module_preset=&#8221;default&#8221; header_text_color=&#8221;#364F7D&#8221; border_width_all=&#8221;0px&#8221; border_radii_image=&#8221;on|30px|30px|30px|30px&#8221; global_colors_info=&#8221;{}&#8221;][\/et_pb_blog][\/et_pb_column][\/et_pb_row][et_pb_row _builder_version=&#8221;4.19.1&#8243; _module_preset=&#8221;default&#8221; global_colors_info=&#8221;{}&#8221;][et_pb_column type=&#8221;4_4&#8243; _builder_version=&#8221;4.19.1&#8243; _module_preset=&#8221;default&#8221; global_colors_info=&#8221;{}&#8221;][et_pb_text _builder_version=&#8221;4.20.4&#8243; _module_preset=&#8221;default&#8221; header_2_text_color=&#8221;#364F7D&#8221; hover_enabled=&#8221;0&#8243; global_colors_info=&#8221;{}&#8221; sticky_enabled=&#8221;0&#8243;]<\/p>\n<h2>\u77ad\u89e3\u8a72\u7701\u7684\u65e5\u5e38\u751f\u6d3b<\/h2>\n<p>[\/et_pb_text][et_pb_blog fullwidth=&#8221;off&#8221; posts_number=&#8221;3&#8243; include_categories=&#8221;631&#8243; excerpt_length=&#8221;0&#8243; show_author=&#8221;off&#8221; masonry_tile_background_color=&#8221;RGBA(255,255,255,0)&#8221; _builder_version=&#8221;4.20.4&#8243; _module_preset=&#8221;default&#8221; header_text_color=&#8221;#364F7D&#8221; hover_enabled=&#8221;0&#8243; border_width_all=&#8221;0px&#8221; border_radii_image=&#8221;on|30px|30px|30px|30px&#8221; global_colors_info=&#8221;{}&#8221; sticky_enabled=&#8221;0&#8243;][\/et_pb_blog][\/et_pb_column][\/et_pb_row][\/et_pb_section][et_pb_section fb_built=&#8221;1&#8243; _builder_version=&#8221;4.19.1&#8243; _module_preset=&#8221;default&#8221; global_colors_info=&#8221;{}&#8221;][et_pb_row column_structure=&#8221;1_4,1_2,1_4&#8243; _builder_version=&#8221;4.19.1&#8243; _module_preset=&#8221;default&#8221; global_colors_info=&#8221;{}&#8221;][et_pb_column type=&#8221;1_4&#8243; _builder_version=&#8221;4.19.1&#8243; _module_preset=&#8221;default&#8221; global_colors_info=&#8221;{}&#8221;][\/et_pb_column][et_pb_column type=&#8221;1_2&#8243; _builder_version=&#8221;4.19.1&#8243; _module_preset=&#8221;default&#8221; global_colors_info=&#8221;{}&#8221;][et_pb_text _builder_version=&#8221;4.19.1&#8243; _module_preset=&#8221;default&#8221; header_2_text_align=&#8221;center&#8221; header_2_text_color=&#8221;#364F7D&#8221; global_colors_info=&#8221;{}&#8221;]<\/p>\n<h2>\u8aaa\u8a71\uff1f<\/h2>\n<p>[\/et_pb_text][et_pb_contact_form email=&#8221;web+tailandia@hijasdejesus.org&#8221; custom_message=&#8221;\u6cf0\u570b\u7db2\u7ad9\u4e0a\u4f86\u81ea hijasdejesus.org \u7684\u65b0\u6d88\u606f||et_pb_line_break_holder||||et_pb_line_break_holder||\u59d3\u540d\uff1a %%Name%%||et_pb_line_break_holder||Email\uff1a %%Email%%||et_pb_line_break_holder||\u7559\u8a00\u5167\u5bb9\uff1a %%Message%%||et_pb_line_break_holder||||et_pb_line_break_holder||\u4e00\u500b\u64c1\u62b1&#8221; success_message=&#8221;\u975e\u5e38\u611f\u8b1d\u60a8\uff0c\u6211\u5011\u6703\u5118\u5feb\u8207\u60a8\u806f\u7e6b&#8221; _builder_version=&#8221;4.19.2&#8243; _module_preset=&#8221;default&#8221; _unique_id=&#8221;e9717e58-4ab0-4156-a2a5-c3d330243b7d&#8221; captcha_text_color=&#8221;#364F7D&#8221; custom_button=&#8221;on&#8221; button_text_color=&#8221;#FFFFFF&#8221; button_bg_color=&#8221;#364F7D&#8221; button_border_width=&#8221;0px&#8221; button_border_radius=&#8221;10px&#8221; global_colors_info=&#8221;{}&#8221;][et_pb_contact_field field_id=&#8221;Name&#8221; field_title=&#8221;\u540d\u5b57&#8221; _builder_version=&#8221;4.16&#8243; global_colors_info=&#8221;{}&#8221; button_text_size__hover_enabled=&#8221;off&#8221; button_one_text_size__hover_enabled=&#8221;off&#8221; button_two_text_size__hover_enabled=&#8221;off&#8221; button_text_color__hover_enabled=&#8221;off&#8221; button_one_text_color__hover_enabled=&#8221;off&#8221; button_two_text_color__hover_enabled=&#8221;off&#8221; button_border_width__hover_enabled=&#8221;off&#8221; button_one_border_width__hover_enabled=&#8221;off&#8221; button_two_border_width__hover_enabled=&#8221;off&#8221; button_border_color__hover_enabled=&#8221;off&#8221; button_one_border_color__hover_enabled=&#8221;off&#8221; button_two_border_color__hover_enabled=&#8221;off&#8221; button_border_radius__hover_enabled=&#8221;off&#8221; button_one_border_radius__hover_enabled=&#8221;off&#8221; button_two_border_radius__hover_enabled=&#8221;off&#8221; button_letter_spacing__hover_enabled=&#8221;off&#8221; button_one_letter_spacing__hover_enabled=&#8221;off&#8221; button_two_letter_spacing__hover_enabled=&#8221;off&#8221; button_bg_color__hover_enabled=&#8221;off&#8221; button_one_bg_color__hover_enabled=&#8221;off&#8221; button_two_bg_color__hover_enabled=&#8221;off&#8221;][\/et_pb_contact_field][et_pb_contact_field field_id=&#8221;Email&#8221; field_title=&#8221;\u96fb\u5b50\u90f5\u4ef6\u4f4d\u5740&#8221; field_type=&#8221;email&#8221; _builder_version=&#8221;4.16&#8243; global_colors_info=&#8221;{}&#8221; button_text_size__hover_enabled=&#8221;off&#8221; button_one_text_size__hover_enabled=&#8221;off&#8221; button_two_text_size__hover_enabled=&#8221;off&#8221; button_text_color__hover_enabled=&#8221;off&#8221; button_one_text_color__hover_enabled=&#8221;off&#8221; button_two_text_color__hover_enabled=&#8221;off&#8221; button_border_width__hover_enabled=&#8221;off&#8221; button_one_border_width__hover_enabled=&#8221;off&#8221; button_two_border_width__hover_enabled=&#8221;off&#8221; button_border_color__hover_enabled=&#8221;off&#8221; button_one_border_color__hover_enabled=&#8221;off&#8221; button_two_border_color__hover_enabled=&#8221;off&#8221; button_border_radius__hover_enabled=&#8221;off&#8221; button_one_border_radius__hover_enabled=&#8221;off&#8221; button_two_border_radius__hover_enabled=&#8221;off&#8221; button_letter_spacing__hover_enabled=&#8221;off&#8221; button_one_letter_spacing__hover_enabled=&#8221;off&#8221; button_two_letter_spacing__hover_enabled=&#8221;off&#8221; button_bg_color__hover_enabled=&#8221;off&#8221; button_one_bg_color__hover_enabled=&#8221;off&#8221; button_two_bg_color__hover_enabled=&#8221;off&#8221;][\/et_pb_contact_field][et_pb_contact_field field_id=&#8221;Message&#8221; field_title=&#8221;\u6d88\u606f&#8221; field_type=&#8221;text&#8221; fullwidth_field=&#8221;on&#8221; _builder_version=&#8221;4.16&#8243; global_colors_info=&#8221;{}&#8221; button_text_size__hover_enabled=&#8221;off&#8221; button_one_text_size__hover_enabled=&#8221;off&#8221; button_two_text_size__hover_enabled=&#8221;off&#8221; button_text_color__hover_enabled=&#8221;off&#8221; button_one_text_color__hover_enabled=&#8221;off&#8221; button_two_text_color__hover_enabled=&#8221;off&#8221; button_border_width__hover_enabled=&#8221;off&#8221; button_one_border_width__hover_enabled=&#8221;off&#8221; button_two_border_width__hover_enabled=&#8221;off&#8221; button_border_color__hover_enabled=&#8221;off&#8221; button_one_border_color__hover_enabled=&#8221;off&#8221; button_two_border_color__hover_enabled=&#8221;off&#8221; button_border_radius__hover_enabled=&#8221;off&#8221; button_one_border_radius__hover_enabled=&#8221;off&#8221; button_two_border_radius__hover_enabled=&#8221;off&#8221; button_letter_spacing__hover_enabled=&#8221;off&#8221; button_one_letter_spacing__hover_enabled=&#8221;off&#8221; button_two_letter_spacing__hover_enabled=&#8221;off&#8221; button_bg_color__hover_enabled=&#8221;off&#8221; button_one_bg_color__hover_enabled=&#8221;off&#8221; button_two_bg_color__hover_enabled=&#8221;off&#8221;][\/et_pb_contact_field][\/et_pb_contact_form][\/et_pb_column][et_pb_column type=&#8221;1_4&#8243; _builder_version=&#8221;4.19.1&#8243; _module_preset=&#8221;default&#8221; global_colors_info=&#8221;{}&#8221;][\/et_pb_column][\/et_pb_row][\/et_pb_section]<\/p>\n","protected":false},"excerpt":{"rendered":"<p>\u6cf0\u570b \u6211\u5011\u5728\u7dec\u7538\u7684\u96e3\u6c11\u71df\u4e2d\u6fc0\u767c\u6bcf\u500b\u4eba\u6700\u597d\u7684\u4e00\u9762\u3002 \u4e00\u500b\u5bb6\u5ead\u662f\u5fc5\u4e0d\u53ef\u5c11\u7684\u74b0\u5883\uff0c\u9019\u5c31\u662f\u70ba\u4ec0\u9ebc\u6211\u5011\u6709\u8cd3\u81f3\u5982\u6b78\u7684\u611f\u89ba\u3002 [&hellip;]<\/p>\n","protected":false},"author":1,"featured_media":0,"parent":0,"menu_order":0,"comment_status":"closed","ping_status":"closed","template":"","meta":{"_et_pb_use_builder":"on","_et_pb_old_content":"","_et_gb_content_width":"","footnotes":"","_links_to":"","_links_to_target":""},"class_list":["post-39883","page","type-page","status-publish","hentry"],"yoast_head":"<!-- This site is optimized with the Yoast SEO plugin v27.4 - https:\/\/yoast.com\/product\/yoast-seo-wordpress\/ -->\n<title>\u6cf0\u570b - Hijas de Jes\u00fas<\/title>\n<meta name=\"robots\" content=\"index, follow, max-snippet:-1, max-image-preview:large, max-video-preview:-1\" \/>\n<link rel=\"canonical\" href=\"https:\/\/hijasdejesus.org\/zh-hant\/%e6%b3%b0%e5%9c%8b\/\" \/>\n<meta property=\"og:locale\" content=\"zh_TW\" \/>\n<meta property=\"og:type\" content=\"article\" \/>\n<meta property=\"og:title\" content=\"\u6cf0\u570b - Hijas de Jes\u00fas\" \/>\n<meta property=\"og:description\" content=\"\u6cf0\u570b \u6211\u5011\u5728\u7dec\u7538\u7684\u96e3\u6c11\u71df\u4e2d\u6fc0\u767c\u6bcf\u500b\u4eba\u6700\u597d\u7684\u4e00\u9762\u3002 \u4e00\u500b\u5bb6\u5ead\u662f\u5fc5\u4e0d\u53ef\u5c11\u7684\u74b0\u5883\uff0c\u9019\u5c31\u662f\u70ba\u4ec0\u9ebc\u6211\u5011\u6709\u8cd3\u81f3\u5982\u6b78\u7684\u611f\u89ba\u3002 [&hellip;]\" \/>\n<meta property=\"og:url\" content=\"https:\/\/hijasdejesus.org\/zh-hant\/%e6%b3%b0%e5%9c%8b\/\" \/>\n<meta property=\"og:site_name\" content=\"Hijas de Jes\u00fas\" \/>\n<meta property=\"article:publisher\" content=\"https:\/\/www.facebook.com\/hijasdejesusenelmundo\/\" \/>\n<meta property=\"article:modified_time\" content=\"2024-07-04T11:02:30+00:00\" \/>\n<meta name=\"twitter:card\" content=\"summary_large_image\" \/>\n<meta name=\"twitter:site\" content=\"@hijasdjesus\" \/>\n<meta name=\"twitter:label1\" content=\"\u9810\u4f30\u95b1\u8b80\u6642\u9593\" \/>\n\t<meta name=\"twitter:data1\" content=\"6 \u5206\u9418\" \/>\n<script type=\"application\/ld+json\" class=\"yoast-schema-graph\">{\"@context\":\"https:\\\/\\\/schema.org\",\"@graph\":[{\"@type\":\"WebPage\",\"@id\":\"https:\\\/\\\/hijasdejesus.org\\\/zh-hant\\\/%e6%b3%b0%e5%9c%8b\\\/\",\"url\":\"https:\\\/\\\/hijasdejesus.org\\\/zh-hant\\\/%e6%b3%b0%e5%9c%8b\\\/\",\"name\":\"\u6cf0\u570b - Hijas de Jes\u00fas\",\"isPartOf\":{\"@id\":\"https:\\\/\\\/hijasdejesus.org\\\/zh-hant\\\/#website\"},\"datePublished\":\"2022-12-02T11:46:43+00:00\",\"dateModified\":\"2024-07-04T11:02:30+00:00\",\"breadcrumb\":{\"@id\":\"https:\\\/\\\/hijasdejesus.org\\\/zh-hant\\\/%e6%b3%b0%e5%9c%8b\\\/#breadcrumb\"},\"inLanguage\":\"zh-TW\",\"potentialAction\":[{\"@type\":\"ReadAction\",\"target\":[\"https:\\\/\\\/hijasdejesus.org\\\/zh-hant\\\/%e6%b3%b0%e5%9c%8b\\\/\"]}]},{\"@type\":\"BreadcrumbList\",\"@id\":\"https:\\\/\\\/hijasdejesus.org\\\/zh-hant\\\/%e6%b3%b0%e5%9c%8b\\\/#breadcrumb\",\"itemListElement\":[{\"@type\":\"ListItem\",\"position\":1,\"name\":\"Portada\",\"item\":\"https:\\\/\\\/hijasdejesus.org\\\/zh-hant\\\/%e8%80%b6%e7%a9%8c%e7%9a%84%e5%a5%b3%e5%85%92%e5%80%91\\\/\"},{\"@type\":\"ListItem\",\"position\":2,\"name\":\"\u6cf0\u570b\"}]},{\"@type\":\"WebSite\",\"@id\":\"https:\\\/\\\/hijasdejesus.org\\\/zh-hant\\\/#website\",\"url\":\"https:\\\/\\\/hijasdejesus.org\\\/zh-hant\\\/\",\"name\":\"Hijas de Jes\u00fas\",\"description\":\"Despertamos a Jes\u00fas en el coraz\u00f3n, sacando lo mejor de las personas. Somos una congregaci\u00f3n religiosa ignaciana fundada por la Madre Candida\",\"publisher\":{\"@id\":\"https:\\\/\\\/hijasdejesus.org\\\/zh-hant\\\/#organization\"},\"potentialAction\":[{\"@type\":\"SearchAction\",\"target\":{\"@type\":\"EntryPoint\",\"urlTemplate\":\"https:\\\/\\\/hijasdejesus.org\\\/zh-hant\\\/?s={search_term_string}\"},\"query-input\":{\"@type\":\"PropertyValueSpecification\",\"valueRequired\":true,\"valueName\":\"search_term_string\"}}],\"inLanguage\":\"zh-TW\"},{\"@type\":\"Organization\",\"@id\":\"https:\\\/\\\/hijasdejesus.org\\\/zh-hant\\\/#organization\",\"name\":\"Hijas de Jes\u00fas\",\"url\":\"https:\\\/\\\/hijasdejesus.org\\\/zh-hant\\\/\",\"logo\":{\"@type\":\"ImageObject\",\"inLanguage\":\"zh-TW\",\"@id\":\"https:\\\/\\\/hijasdejesus.org\\\/zh-hant\\\/#\\\/schema\\\/logo\\\/image\\\/\",\"url\":\"https:\\\/\\\/hijasdejesus.org\\\/wp-content\\\/uploads\\\/2023\\\/01\\\/Hijas-de-Jesus_hor-A7C957.png\",\"contentUrl\":\"https:\\\/\\\/hijasdejesus.org\\\/wp-content\\\/uploads\\\/2023\\\/01\\\/Hijas-de-Jesus_hor-A7C957.png\",\"width\":700,\"height\":360,\"caption\":\"Hijas de Jes\u00fas\"},\"image\":{\"@id\":\"https:\\\/\\\/hijasdejesus.org\\\/zh-hant\\\/#\\\/schema\\\/logo\\\/image\\\/\"},\"sameAs\":[\"https:\\\/\\\/www.facebook.com\\\/hijasdejesusenelmundo\\\/\",\"https:\\\/\\\/x.com\\\/hijasdjesus\"]}]}<\/script>\n<!-- \/ Yoast SEO plugin. -->","yoast_head_json":{"title":"\u6cf0\u570b - Hijas de Jes\u00fas","robots":{"index":"index","follow":"follow","max-snippet":"max-snippet:-1","max-image-preview":"max-image-preview:large","max-video-preview":"max-video-preview:-1"},"canonical":"https:\/\/hijasdejesus.org\/zh-hant\/%e6%b3%b0%e5%9c%8b\/","og_locale":"zh_TW","og_type":"article","og_title":"\u6cf0\u570b - Hijas de Jes\u00fas","og_description":"\u6cf0\u570b \u6211\u5011\u5728\u7dec\u7538\u7684\u96e3\u6c11\u71df\u4e2d\u6fc0\u767c\u6bcf\u500b\u4eba\u6700\u597d\u7684\u4e00\u9762\u3002 \u4e00\u500b\u5bb6\u5ead\u662f\u5fc5\u4e0d\u53ef\u5c11\u7684\u74b0\u5883\uff0c\u9019\u5c31\u662f\u70ba\u4ec0\u9ebc\u6211\u5011\u6709\u8cd3\u81f3\u5982\u6b78\u7684\u611f\u89ba\u3002 [&hellip;]","og_url":"https:\/\/hijasdejesus.org\/zh-hant\/%e6%b3%b0%e5%9c%8b\/","og_site_name":"Hijas de Jes\u00fas","article_publisher":"https:\/\/www.facebook.com\/hijasdejesusenelmundo\/","article_modified_time":"2024-07-04T11:02:30+00:00","twitter_card":"summary_large_image","twitter_site":"@hijasdjesus","twitter_misc":{"\u9810\u4f30\u95b1\u8b80\u6642\u9593":"6 \u5206\u9418"},"schema":{"@context":"https:\/\/schema.org","@graph":[{"@type":"WebPage","@id":"https:\/\/hijasdejesus.org\/zh-hant\/%e6%b3%b0%e5%9c%8b\/","url":"https:\/\/hijasdejesus.org\/zh-hant\/%e6%b3%b0%e5%9c%8b\/","name":"\u6cf0\u570b - Hijas de Jes\u00fas","isPartOf":{"@id":"https:\/\/hijasdejesus.org\/zh-hant\/#website"},"datePublished":"2022-12-02T11:46:43+00:00","dateModified":"2024-07-04T11:02:30+00:00","breadcrumb":{"@id":"https:\/\/hijasdejesus.org\/zh-hant\/%e6%b3%b0%e5%9c%8b\/#breadcrumb"},"inLanguage":"zh-TW","potentialAction":[{"@type":"ReadAction","target":["https:\/\/hijasdejesus.org\/zh-hant\/%e6%b3%b0%e5%9c%8b\/"]}]},{"@type":"BreadcrumbList","@id":"https:\/\/hijasdejesus.org\/zh-hant\/%e6%b3%b0%e5%9c%8b\/#breadcrumb","itemListElement":[{"@type":"ListItem","position":1,"name":"Portada","item":"https:\/\/hijasdejesus.org\/zh-hant\/%e8%80%b6%e7%a9%8c%e7%9a%84%e5%a5%b3%e5%85%92%e5%80%91\/"},{"@type":"ListItem","position":2,"name":"\u6cf0\u570b"}]},{"@type":"WebSite","@id":"https:\/\/hijasdejesus.org\/zh-hant\/#website","url":"https:\/\/hijasdejesus.org\/zh-hant\/","name":"Hijas de Jes\u00fas","description":"Despertamos a Jes\u00fas en el coraz\u00f3n, sacando lo mejor de las personas. Somos una congregaci\u00f3n religiosa ignaciana fundada por la Madre Candida","publisher":{"@id":"https:\/\/hijasdejesus.org\/zh-hant\/#organization"},"potentialAction":[{"@type":"SearchAction","target":{"@type":"EntryPoint","urlTemplate":"https:\/\/hijasdejesus.org\/zh-hant\/?s={search_term_string}"},"query-input":{"@type":"PropertyValueSpecification","valueRequired":true,"valueName":"search_term_string"}}],"inLanguage":"zh-TW"},{"@type":"Organization","@id":"https:\/\/hijasdejesus.org\/zh-hant\/#organization","name":"Hijas de Jes\u00fas","url":"https:\/\/hijasdejesus.org\/zh-hant\/","logo":{"@type":"ImageObject","inLanguage":"zh-TW","@id":"https:\/\/hijasdejesus.org\/zh-hant\/#\/schema\/logo\/image\/","url":"https:\/\/hijasdejesus.org\/wp-content\/uploads\/2023\/01\/Hijas-de-Jesus_hor-A7C957.png","contentUrl":"https:\/\/hijasdejesus.org\/wp-content\/uploads\/2023\/01\/Hijas-de-Jesus_hor-A7C957.png","width":700,"height":360,"caption":"Hijas de Jes\u00fas"},"image":{"@id":"https:\/\/hijasdejesus.org\/zh-hant\/#\/schema\/logo\/image\/"},"sameAs":["https:\/\/www.facebook.com\/hijasdejesusenelmundo\/","https:\/\/x.com\/hijasdjesus"]}]}},"_links":{"self":[{"href":"https:\/\/hijasdejesus.org\/zh-hant\/wp-json\/wp\/v2\/pages\/39883","targetHints":{"allow":["GET"]}}],"collection":[{"href":"https:\/\/hijasdejesus.org\/zh-hant\/wp-json\/wp\/v2\/pages"}],"about":[{"href":"https:\/\/hijasdejesus.org\/zh-hant\/wp-json\/wp\/v2\/types\/page"}],"author":[{"embeddable":true,"href":"https:\/\/hijasdejesus.org\/zh-hant\/wp-json\/wp\/v2\/users\/1"}],"replies":[{"embeddable":true,"href":"https:\/\/hijasdejesus.org\/zh-hant\/wp-json\/wp\/v2\/comments?post=39883"}],"version-history":[{"count":2,"href":"https:\/\/hijasdejesus.org\/zh-hant\/wp-json\/wp\/v2\/pages\/39883\/revisions"}],"predecessor-version":[{"id":39885,"href":"https:\/\/hijasdejesus.org\/zh-hant\/wp-json\/wp\/v2\/pages\/39883\/revisions\/39885"}],"wp:attachment":[{"href":"https:\/\/hijasdejesus.org\/zh-hant\/wp-json\/wp\/v2\/media?parent=39883"}],"curies":[{"name":"wp","href":"https:\/\/api.w.org\/{rel}","templated":true}]}}