{"id":39903,"date":"2022-11-27T11:11:46","date_gmt":"2022-11-27T10:11:46","guid":{"rendered":"https:\/\/hijasdejesus.org\/%e9%98%bf%e6%a0%b9%e5%bb%b7\/"},"modified":"2024-07-04T13:02:32","modified_gmt":"2024-07-04T11:02:32","slug":"%e9%98%bf%e6%a0%b9%e5%bb%b7","status":"publish","type":"page","link":"https:\/\/hijasdejesus.org\/zh-hant\/%e9%98%bf%e6%a0%b9%e5%bb%b7\/","title":{"rendered":"\u963f\u6839\u5ef7"},"content":{"rendered":"<p>[et_pb_section fb_built=&#8221;1&#8243; _builder_version=&#8221;4.19.1&#8243; _module_preset=&#8221;default&#8221; use_background_color_gradient=&#8221;on&#8221; background_color_gradient_stops=&#8221;#364f7d 0%|rgba(54,79,125,0.4) 100%&#8221; background_color_gradient_overlays_image=&#8221;on&#8221; background_image=&#8221;https:\/\/hijasdejesus.org\/wp-content\/uploads\/2022\/11\/argentina-1.jpeg&#8221; custom_padding=&#8221;12vw||12vw||true|false&#8221; global_colors_info=&#8221;{}&#8221;][et_pb_row _builder_version=&#8221;4.19.1&#8243; _module_preset=&#8221;default&#8221; global_colors_info=&#8221;{}&#8221;][et_pb_column type=&#8221;4_4&#8243; _builder_version=&#8221;4.19.1&#8243; _module_preset=&#8221;default&#8221; global_colors_info=&#8221;{}&#8221;][et_pb_text _builder_version=&#8221;4.19.1&#8243; _module_preset=&#8221;default&#8221; header_text_color=&#8221;#A7C957&#8243; header_font_size=&#8221;50px&#8221; max_width=&#8221;800px&#8221; global_colors_info=&#8221;{}&#8221;]<\/p>\n<h1>\u963f\u6839\u5ef7<\/h1>\n<p>\u7531\u65bc <span style=\"font-weight: 400;\">\u4e0d\u540c\u7684\u9077\u5f99\u6d6a\u6f6e<\/span>\uff0c\u6211\u5011\u5728\u591a\u5143\u6587\u5316\u74b0\u5883\u4e2d\u767c\u63ee\u51fa\u6bcf\u500b\u4eba\u6700\u597d\u7684\u4e00\u9762\u3002 \u60a8\u53ef\u4ee5\u5728 <span style=\"font-weight: 400;\">\u62c9\u666e\u62c9\u5854\u3001\u8499\u7279\u88e1\u79d1\u3001\u79d1\u723e\u591a\u74e6\u548c\u5967\u574e\u6ce2\u5225\u5885\u627e\u5230\u6211\u5011\u7684\u5de5\u4f5c\u3002<\/span><\/p>\n<p>[\/et_pb_text][\/et_pb_column][\/et_pb_row][\/et_pb_section][et_pb_section fb_built=&#8221;1&#8243; _builder_version=&#8221;4.19.1&#8243; _module_preset=&#8221;default&#8221; use_background_color_gradient=&#8221;on&#8221; background_color_gradient_direction=&#8221;90deg&#8221; background_color_gradient_stops=&#8221;#fdfcfa 0%|#fdfcfa 29%|rgba(253,252,250,0.7) 99%&#8221; background_color_gradient_overlays_image=&#8221;on&#8221; background_image=&#8221;https:\/\/hijasdejesus.org\/wp-content\/uploads\/2022\/11\/fi_buenosaires.jpeg&#8221; custom_padding=&#8221;6vw||6vw||true|false&#8221; global_colors_info=&#8221;{}&#8221;][et_pb_row column_structure=&#8221;3_5,2_5&#8243; _builder_version=&#8221;4.19.1&#8243; _module_preset=&#8221;default&#8221; global_colors_info=&#8221;{}&#8221;][et_pb_column type=&#8221;3_5&#8243; _builder_version=&#8221;4.19.1&#8243; _module_preset=&#8221;default&#8221; global_colors_info=&#8221;{}&#8221;][et_pb_text _builder_version=&#8221;4.19.1&#8243; _module_preset=&#8221;default&#8221; text_text_color=&#8221;#364F7D&#8221; global_colors_info=&#8221;{}&#8221;]<\/p>\n<p><span style=\"font-weight: 400;\">\u4f4f\u5728\u9019\u88e1\u7684\u8036\u7a4c\u7684\u5973\u5152\u5011\u5c0d\u6bcf\u4e00\u500b\u73fe\u5be6\u90fd\u6301\u958b\u653e\u614b\u5ea6\u3002 \u6211\u5011\u6df1\u6df1\u5730\u6e34\u671b\u6587\u5316\u5316\uff0c\u7406\u89e3\u4e26\u5c0a\u91cd\u6bcf\u4e00\u7a2e\u6587\u5316\uff0c\u4e26\u5728 <strong>\u5176\u4e2d\u64ad\u4e0b\u7cbe\u795e<\/strong> \u5f9e\u6211\u5011\u81ea\u5df1\u7684\u9b45\u529b\u4e2d\u6307\u51fa\u7684\u50f9\u503c\u89c0\u3002  <\/span><\/p>\n<p><span style=\"font-weight: 400;\">\u6211\u5011\u57f7\u884c\u8036\u7a4c\u5973\u5152\u4f7f\u547d\u7684\u73fe\u5be6\u4e5f\u975e\u5e38\u591a\u6a23\u5316\uff0c\u4f46\u5728\u6bcf\u4e00\u500b\u73fe\u5be6\u4e2d\uff0c <strong>\u666e\u904d\u4e3b\u7fa9\u548c\u559c\u6a02<\/strong>\u90fd\u662f\u986f\u800c\u6613\u898b\u7684\u3002  <\/span><\/p>\n<p><span style=\"font-weight: 400;\">\u4e0d\u65b7\u7684\u8fa8\u5225\u529b\uff0c\u767c\u73fe\u3001\u91cd\u65b0\u767c\u73fe\u4e26\u5fe0\u65bc\u4e0a\u5e1d\u7684\u65e8\u610f\uff0c\u4ee5\u53ca\u63d0\u4f9b\u8aac\u660e\u7684\u9858\u671b\uff0c\u4f7f\u6211\u5011\u63a5\u89f8\u5230\u6700\u9700\u8981\u6211\u5011\u7684\u7a7a\u9593\u548c\u4eba\u3002  <\/span><\/p>\n<p><span style=\"font-weight: 400;\">\u6211\u5011\u8a8d\u540c\u5728\u76f8\u9047\u3001\u89aa\u8fd1\u548c\u89aa\u5207\u6b61\u8fce\u4e2d\u8868\u9054\u7684\u5144\u5f1f\u60c5\u8abc\u3002 \u56e0\u5c0d\u4e0a\u5e1d\u7684\u4fe1\u4ef0\u548c\u4fe1\u4efb\u800c\u7d66\u4e88\u7684\u6df1\u6df1\u7684\u559c\u6a02\u3002 \u6b64\u5916\uff0c\u9084\u5177\u6709\u5efa\u7acb\u6d41\u7a0b\u548c\u793e\u5340\u7684\u80fd\u529b\u3002  <\/span><\/p>\n<p>&nbsp;<\/p>\n<p>[\/et_pb_text][\/et_pb_column][et_pb_column type=&#8221;2_5&#8243; _builder_version=&#8221;4.19.1&#8243; _module_preset=&#8221;default&#8221; global_colors_info=&#8221;{}&#8221;][\/et_pb_column][\/et_pb_row][\/et_pb_section][et_pb_section fb_built=&#8221;1&#8243; fullwidth=&#8221;on&#8221; _builder_version=&#8221;4.19.1&#8243; _module_preset=&#8221;default&#8221; global_colors_info=&#8221;{}&#8221;][et_pb_fullwidth_map address=&#8221;Argentina&#8221; zoom_level=&#8221;5&#8243; address_lat=&#8221;-30.345400688775&#8243; address_lng=&#8221;-62.805940103734&#8243; mouse_wheel=&#8221;off&#8221; _builder_version=&#8221;4.20.4&#8243; _module_preset=&#8221;default&#8221; child_filter_hue_rotate=&#8221;257deg&#8221; child_filter_saturate=&#8221;0%&#8221; child_filter_brightness=&#8221;139%&#8221; hover_enabled=&#8221;0&#8243; custom_css_main_element=&#8221;color: black;&#8221; global_colors_info=&#8221;{}&#8221; sticky_enabled=&#8221;0&#8243;][et_pb_map_pin title=&#8221;\u62c9\u666e\u62c9\u5854&#8221; pin_address=&#8221;La Plata, Provincia de Buenos Aires, Argentina&#8221; pin_address_lat=&#8221;-34.9204948&#8243; pin_address_lng=&#8221;-57.9535657&#8243; _builder_version=&#8221;4.20.4&#8243; _module_preset=&#8221;default&#8221; global_colors_info=&#8221;{}&#8221; hover_enabled=&#8221;0&#8243; sticky_enabled=&#8221;0&#8243;]<\/p>\n<p><span style=\"font-weight: 400;\">\u300c\u8036\u7a4c\u8056\u5fc3\u300d\u5b78\u6821<\/span><\/p>\n<p>[\/et_pb_map_pin][et_pb_map_pin title=&#8221;\u8499\u7279\u88e1\u79d1&#8221; pin_address=&#8221;Monterrico, Jujuy, Argentina&#8221; zoom_level=&#8221;9&#8243; pin_address_lat=&#8221;-24.4429822&#8243; pin_address_lng=&#8221;-65.1663478&#8243; _builder_version=&#8221;4.19.1&#8243; _module_preset=&#8221;default&#8221; global_colors_info=&#8221;{}&#8221;]<\/p>\n<p><span style=\"font-weight: 400;\">\u5b78\u6821\uff0c\u201cNuestra Se\u00f1ora de las Mercedes<\/span><\/p>\n<p>[\/et_pb_map_pin][et_pb_map_pin title=&#8221;\u79d1\u723e\u591a\u74e6&#8221; pin_address=&#8221;C\u00f3rdoba, Argentina&#8221; pin_address_lat=&#8221;-31.4200833&#8243; pin_address_lng=&#8221;-64.1887761&#8243; _builder_version=&#8221;4.19.1&#8243; _module_preset=&#8221;default&#8221; global_colors_info=&#8221;{}&#8221;]<\/p>\n<p><span style=\"font-weight: 400;\">\u5728\u79d1\u723e\u591a\u74e6\uff0c\u6709\u570b\u969b\u65b0\u751f\uff0c\u5e74\u8f15\u5973\u6027\u5728\u90a3\u88e1\u7e7c\u7e8c\u5979\u5011\u7684\u65c5\u7a0b\uff0c\u5728\u8207\u4e0a\u5e1d\u7684\u95dc\u4fc2\u4e2d\uff0c\u5728\u5c0d\u8036\u7a4c\u7684\u8a8d\u8b58\u4ee5\u53ca\u4f5c\u70ba\u8036\u7a4c\u7684\u5973\u5152\u8ddf\u96a8\u4ed6\u7684\u65b9\u5f0f\u4e0a\uff0c\u5728\u9748\u6027\u4e0a\u6210\u9577\u3002<\/span><\/p>\n<p><span style=\"font-weight: 400;\">\u9084\u6709\u201cMater Purissima\u201d\u5b78\u6821<\/span><\/p>\n<p>[\/et_pb_map_pin][et_pb_map_pin title=&#8221;Villa Ocampo\uff08\u5967\u574e\u6ce2\u5225\u5885\uff09&#8221; pin_address=&#8221;Villa Ocampo, Santa Fe, Argentina&#8221; pin_address_lat=&#8221;-28.4862435&#8243; pin_address_lng=&#8221;-59.3554247&#8243; _builder_version=&#8221;4.19.1&#8243; _module_preset=&#8221;default&#8221; global_colors_info=&#8221;{}&#8221;][\/et_pb_map_pin][\/et_pb_fullwidth_map][\/et_pb_section][et_pb_section fb_built=&#8221;1&#8243; _builder_version=&#8221;4.19.1&#8243; _module_preset=&#8221;default&#8221; background_enable_mask_style=&#8221;on&#8221; background_mask_style=&#8221;bean&#8221; background_mask_color=&#8221;#A7C957&#8243; background_mask_transform=&#8221;invert&#8221; custom_padding=&#8221;6vw||6vw||true|false&#8221; global_colors_info=&#8221;{}&#8221;][et_pb_row _builder_version=&#8221;4.19.1&#8243; _module_preset=&#8221;default&#8221; global_colors_info=&#8221;{}&#8221;][et_pb_column type=&#8221;4_4&#8243; _builder_version=&#8221;4.19.1&#8243; _module_preset=&#8221;default&#8221; global_colors_info=&#8221;{}&#8221;][et_pb_text _builder_version=&#8221;4.19.4&#8243; _module_preset=&#8221;default&#8221; header_2_text_color=&#8221;#364F7D&#8221; global_colors_info=&#8221;{}&#8221;]<\/p>\n<h2>\u77ad\u89e3\u6211\u5011\u5728\u963f\u6839\u5ef7\u7684\u65e5\u5e38\u751f\u6d3b<\/h2>\n<p>[\/et_pb_text][et_pb_blog fullwidth=&#8221;off&#8221; posts_number=&#8221;3&#8243; include_categories=&#8221;23&#8243; excerpt_length=&#8221;0&#8243; show_author=&#8221;off&#8221; masonry_tile_background_color=&#8221;RGBA(255,255,255,0)&#8221; _builder_version=&#8221;4.19.2&#8243; _module_preset=&#8221;default&#8221; header_text_color=&#8221;#364F7D&#8221; border_width_all=&#8221;0px&#8221; border_radii_image=&#8221;on|30px|30px|30px|30px&#8221; global_colors_info=&#8221;{}&#8221;][\/et_pb_blog][\/et_pb_column][\/et_pb_row][et_pb_row _builder_version=&#8221;4.19.4&#8243; _module_preset=&#8221;default&#8221; custom_margin=&#8221;6vw||||false|false&#8221; global_colors_info=&#8221;{}&#8221;][et_pb_column type=&#8221;4_4&#8243; _builder_version=&#8221;4.19.1&#8243; _module_preset=&#8221;default&#8221; global_colors_info=&#8221;{}&#8221;][et_pb_text _builder_version=&#8221;4.19.4&#8243; _module_preset=&#8221;default&#8221; header_2_text_color=&#8221;#364F7D&#8221; global_colors_info=&#8221;{}&#8221;]<\/p>\n<h2>\u77ad\u89e3\u6211\u5011\u5728\u7701\u5167\u7684\u65e5\u5e38\u751f\u6d3b<\/h2>\n<p>[\/et_pb_text][et_pb_blog fullwidth=&#8221;off&#8221; posts_number=&#8221;3&#8243; include_categories=&#8221;472&#8243; excerpt_length=&#8221;0&#8243; show_author=&#8221;off&#8221; masonry_tile_background_color=&#8221;RGBA(255,255,255,0)&#8221; _builder_version=&#8221;4.19.4&#8243; _module_preset=&#8221;default&#8221; header_text_color=&#8221;#364F7D&#8221; border_width_all=&#8221;0px&#8221; border_radii_image=&#8221;on|30px|30px|30px|30px&#8221; global_colors_info=&#8221;{}&#8221;][\/et_pb_blog][\/et_pb_column][\/et_pb_row][\/et_pb_section][et_pb_section fb_built=&#8221;1&#8243; _builder_version=&#8221;4.19.1&#8243; _module_preset=&#8221;default&#8221; global_colors_info=&#8221;{}&#8221;][et_pb_row column_structure=&#8221;1_4,1_2,1_4&#8243; _builder_version=&#8221;4.19.1&#8243; _module_preset=&#8221;default&#8221; global_colors_info=&#8221;{}&#8221;][et_pb_column type=&#8221;1_4&#8243; _builder_version=&#8221;4.19.1&#8243; _module_preset=&#8221;default&#8221; global_colors_info=&#8221;{}&#8221;][\/et_pb_column][et_pb_column type=&#8221;1_2&#8243; _builder_version=&#8221;4.19.1&#8243; _module_preset=&#8221;default&#8221; global_colors_info=&#8221;{}&#8221;][et_pb_text _builder_version=&#8221;4.19.1&#8243; _module_preset=&#8221;default&#8221; header_2_text_align=&#8221;center&#8221; header_2_text_color=&#8221;#364F7D&#8221; global_colors_info=&#8221;{}&#8221;]<\/p>\n<h2>\u8aaa\u8a71\uff1f<\/h2>\n<p>[\/et_pb_text][et_pb_contact_form email=&#8221;web+argentina@hijasdejesus.org&#8221; custom_message=&#8221;\u963f\u6839\u5ef7 Hijasdejesus.org \u7db2\u7ad9\u4e0a\u7684\u65b0\u6d88\u606f||et_pb_line_break_holder||||et_pb_line_break_holder||\u59d3\u540d\uff1a %%Name%%||et_pb_line_break_holder||Email\uff1a %%Email%%||et_pb_line_break_holder||\u7559\u8a00\u5167\u5bb9\uff1a %%Message%%||et_pb_line_break_holder||||et_pb_line_break_holder||\u4e00\u500b\u64c1\u62b1&#8221; success_message=&#8221;\u975e\u5e38\u611f\u8b1d\u60a8\uff0c\u6211\u5011\u6703\u5118\u5feb\u8207\u60a8\u806f\u7e6b&#8221; _builder_version=&#8221;4.19.1&#8243; _module_preset=&#8221;default&#8221; _unique_id=&#8221;e9717e58-4ab0-4156-a2a5-c3d330243b7d&#8221; captcha_text_color=&#8221;#364F7D&#8221; custom_button=&#8221;on&#8221; button_text_color=&#8221;#FFFFFF&#8221; button_bg_color=&#8221;#364F7D&#8221; button_border_width=&#8221;0px&#8221; button_border_radius=&#8221;10px&#8221; global_colors_info=&#8221;{}&#8221;][et_pb_contact_field field_id=&#8221;Name&#8221; field_title=&#8221;\u540d\u5b57&#8221; _builder_version=&#8221;4.16&#8243; global_colors_info=&#8221;{}&#8221; button_text_size__hover_enabled=&#8221;off&#8221; button_one_text_size__hover_enabled=&#8221;off&#8221; button_two_text_size__hover_enabled=&#8221;off&#8221; button_text_color__hover_enabled=&#8221;off&#8221; button_one_text_color__hover_enabled=&#8221;off&#8221; button_two_text_color__hover_enabled=&#8221;off&#8221; button_border_width__hover_enabled=&#8221;off&#8221; button_one_border_width__hover_enabled=&#8221;off&#8221; button_two_border_width__hover_enabled=&#8221;off&#8221; button_border_color__hover_enabled=&#8221;off&#8221; button_one_border_color__hover_enabled=&#8221;off&#8221; button_two_border_color__hover_enabled=&#8221;off&#8221; button_border_radius__hover_enabled=&#8221;off&#8221; button_one_border_radius__hover_enabled=&#8221;off&#8221; button_two_border_radius__hover_enabled=&#8221;off&#8221; button_letter_spacing__hover_enabled=&#8221;off&#8221; button_one_letter_spacing__hover_enabled=&#8221;off&#8221; button_two_letter_spacing__hover_enabled=&#8221;off&#8221; button_bg_color__hover_enabled=&#8221;off&#8221; button_one_bg_color__hover_enabled=&#8221;off&#8221; button_two_bg_color__hover_enabled=&#8221;off&#8221;][\/et_pb_contact_field][et_pb_contact_field field_id=&#8221;Email&#8221; field_title=&#8221;\u96fb\u5b50\u90f5\u4ef6\u4f4d\u5740&#8221; field_type=&#8221;email&#8221; _builder_version=&#8221;4.16&#8243; global_colors_info=&#8221;{}&#8221; button_text_size__hover_enabled=&#8221;off&#8221; button_one_text_size__hover_enabled=&#8221;off&#8221; button_two_text_size__hover_enabled=&#8221;off&#8221; button_text_color__hover_enabled=&#8221;off&#8221; button_one_text_color__hover_enabled=&#8221;off&#8221; button_two_text_color__hover_enabled=&#8221;off&#8221; button_border_width__hover_enabled=&#8221;off&#8221; button_one_border_width__hover_enabled=&#8221;off&#8221; button_two_border_width__hover_enabled=&#8221;off&#8221; button_border_color__hover_enabled=&#8221;off&#8221; button_one_border_color__hover_enabled=&#8221;off&#8221; button_two_border_color__hover_enabled=&#8221;off&#8221; button_border_radius__hover_enabled=&#8221;off&#8221; button_one_border_radius__hover_enabled=&#8221;off&#8221; button_two_border_radius__hover_enabled=&#8221;off&#8221; button_letter_spacing__hover_enabled=&#8221;off&#8221; button_one_letter_spacing__hover_enabled=&#8221;off&#8221; button_two_letter_spacing__hover_enabled=&#8221;off&#8221; button_bg_color__hover_enabled=&#8221;off&#8221; button_one_bg_color__hover_enabled=&#8221;off&#8221; button_two_bg_color__hover_enabled=&#8221;off&#8221;][\/et_pb_contact_field][et_pb_contact_field field_id=&#8221;Message&#8221; field_title=&#8221;\u6d88\u606f&#8221; field_type=&#8221;text&#8221; fullwidth_field=&#8221;on&#8221; _builder_version=&#8221;4.16&#8243; global_colors_info=&#8221;{}&#8221; button_text_size__hover_enabled=&#8221;off&#8221; button_one_text_size__hover_enabled=&#8221;off&#8221; button_two_text_size__hover_enabled=&#8221;off&#8221; button_text_color__hover_enabled=&#8221;off&#8221; button_one_text_color__hover_enabled=&#8221;off&#8221; button_two_text_color__hover_enabled=&#8221;off&#8221; button_border_width__hover_enabled=&#8221;off&#8221; button_one_border_width__hover_enabled=&#8221;off&#8221; button_two_border_width__hover_enabled=&#8221;off&#8221; button_border_color__hover_enabled=&#8221;off&#8221; button_one_border_color__hover_enabled=&#8221;off&#8221; button_two_border_color__hover_enabled=&#8221;off&#8221; button_border_radius__hover_enabled=&#8221;off&#8221; button_one_border_radius__hover_enabled=&#8221;off&#8221; button_two_border_radius__hover_enabled=&#8221;off&#8221; button_letter_spacing__hover_enabled=&#8221;off&#8221; button_one_letter_spacing__hover_enabled=&#8221;off&#8221; button_two_letter_spacing__hover_enabled=&#8221;off&#8221; button_bg_color__hover_enabled=&#8221;off&#8221; button_one_bg_color__hover_enabled=&#8221;off&#8221; button_two_bg_color__hover_enabled=&#8221;off&#8221;][\/et_pb_contact_field][\/et_pb_contact_form][\/et_pb_column][et_pb_column type=&#8221;1_4&#8243; _builder_version=&#8221;4.19.1&#8243; _module_preset=&#8221;default&#8221; global_colors_info=&#8221;{}&#8221;][\/et_pb_column][\/et_pb_row][\/et_pb_section]<\/p>\n","protected":false},"excerpt":{"rendered":"<p>\u963f\u6839\u5ef7 \u7531\u65bc \u4e0d\u540c\u7684\u9077\u5f99\u6d6a\u6f6e\uff0c\u6211\u5011\u5728\u591a\u5143\u6587\u5316\u74b0\u5883\u4e2d\u767c\u63ee\u51fa\u6bcf\u500b\u4eba\u6700\u597d\u7684\u4e00\u9762\u3002 \u60a8\u53ef\u4ee5\u5728 \u62c9\u666e\u62c9\u5854\u3001\u8499\u7279\u88e1\u79d1\u3001\u79d1\u723e [&hellip;]<\/p>\n","protected":false},"author":1,"featured_media":0,"parent":0,"menu_order":0,"comment_status":"closed","ping_status":"closed","template":"","meta":{"_et_pb_use_builder":"on","_et_pb_old_content":"","_et_gb_content_width":"","footnotes":"","_links_to":"","_links_to_target":""},"class_list":["post-39903","page","type-page","status-publish","hentry"],"yoast_head":"<!-- This site is optimized with the Yoast SEO plugin v27.4 - https:\/\/yoast.com\/product\/yoast-seo-wordpress\/ -->\n<title>\u963f\u6839\u5ef7 - Hijas de Jes\u00fas<\/title>\n<meta name=\"robots\" content=\"index, follow, max-snippet:-1, max-image-preview:large, max-video-preview:-1\" \/>\n<link rel=\"canonical\" href=\"https:\/\/hijasdejesus.org\/zh-hant\/%e9%98%bf%e6%a0%b9%e5%bb%b7\/\" \/>\n<meta property=\"og:locale\" content=\"zh_TW\" \/>\n<meta property=\"og:type\" content=\"article\" \/>\n<meta property=\"og:title\" content=\"\u963f\u6839\u5ef7 - Hijas de Jes\u00fas\" \/>\n<meta property=\"og:description\" content=\"\u963f\u6839\u5ef7 \u7531\u65bc \u4e0d\u540c\u7684\u9077\u5f99\u6d6a\u6f6e\uff0c\u6211\u5011\u5728\u591a\u5143\u6587\u5316\u74b0\u5883\u4e2d\u767c\u63ee\u51fa\u6bcf\u500b\u4eba\u6700\u597d\u7684\u4e00\u9762\u3002 \u60a8\u53ef\u4ee5\u5728 \u62c9\u666e\u62c9\u5854\u3001\u8499\u7279\u88e1\u79d1\u3001\u79d1\u723e [&hellip;]\" \/>\n<meta property=\"og:url\" content=\"https:\/\/hijasdejesus.org\/zh-hant\/%e9%98%bf%e6%a0%b9%e5%bb%b7\/\" \/>\n<meta property=\"og:site_name\" content=\"Hijas de Jes\u00fas\" \/>\n<meta property=\"article:publisher\" content=\"https:\/\/www.facebook.com\/hijasdejesusenelmundo\/\" \/>\n<meta property=\"article:modified_time\" content=\"2024-07-04T11:02:32+00:00\" \/>\n<meta name=\"twitter:card\" content=\"summary_large_image\" \/>\n<meta name=\"twitter:site\" content=\"@hijasdjesus\" \/>\n<meta name=\"twitter:label1\" content=\"\u9810\u4f30\u95b1\u8b80\u6642\u9593\" \/>\n\t<meta name=\"twitter:data1\" content=\"7 \u5206\u9418\" \/>\n<script type=\"application\/ld+json\" class=\"yoast-schema-graph\">{\"@context\":\"https:\\\/\\\/schema.org\",\"@graph\":[{\"@type\":\"WebPage\",\"@id\":\"https:\\\/\\\/hijasdejesus.org\\\/zh-hant\\\/%e9%98%bf%e6%a0%b9%e5%bb%b7\\\/\",\"url\":\"https:\\\/\\\/hijasdejesus.org\\\/zh-hant\\\/%e9%98%bf%e6%a0%b9%e5%bb%b7\\\/\",\"name\":\"\u963f\u6839\u5ef7 - Hijas de Jes\u00fas\",\"isPartOf\":{\"@id\":\"https:\\\/\\\/hijasdejesus.org\\\/zh-hant\\\/#website\"},\"datePublished\":\"2022-11-27T10:11:46+00:00\",\"dateModified\":\"2024-07-04T11:02:32+00:00\",\"breadcrumb\":{\"@id\":\"https:\\\/\\\/hijasdejesus.org\\\/zh-hant\\\/%e9%98%bf%e6%a0%b9%e5%bb%b7\\\/#breadcrumb\"},\"inLanguage\":\"zh-TW\",\"potentialAction\":[{\"@type\":\"ReadAction\",\"target\":[\"https:\\\/\\\/hijasdejesus.org\\\/zh-hant\\\/%e9%98%bf%e6%a0%b9%e5%bb%b7\\\/\"]}]},{\"@type\":\"BreadcrumbList\",\"@id\":\"https:\\\/\\\/hijasdejesus.org\\\/zh-hant\\\/%e9%98%bf%e6%a0%b9%e5%bb%b7\\\/#breadcrumb\",\"itemListElement\":[{\"@type\":\"ListItem\",\"position\":1,\"name\":\"Portada\",\"item\":\"https:\\\/\\\/hijasdejesus.org\\\/zh-hant\\\/%e8%80%b6%e7%a9%8c%e7%9a%84%e5%a5%b3%e5%85%92%e5%80%91\\\/\"},{\"@type\":\"ListItem\",\"position\":2,\"name\":\"\u963f\u6839\u5ef7\"}]},{\"@type\":\"WebSite\",\"@id\":\"https:\\\/\\\/hijasdejesus.org\\\/zh-hant\\\/#website\",\"url\":\"https:\\\/\\\/hijasdejesus.org\\\/zh-hant\\\/\",\"name\":\"Hijas de Jes\u00fas\",\"description\":\"Despertamos a Jes\u00fas en el coraz\u00f3n, sacando lo mejor de las personas. Somos una congregaci\u00f3n religiosa ignaciana fundada por la Madre Candida\",\"publisher\":{\"@id\":\"https:\\\/\\\/hijasdejesus.org\\\/zh-hant\\\/#organization\"},\"potentialAction\":[{\"@type\":\"SearchAction\",\"target\":{\"@type\":\"EntryPoint\",\"urlTemplate\":\"https:\\\/\\\/hijasdejesus.org\\\/zh-hant\\\/?s={search_term_string}\"},\"query-input\":{\"@type\":\"PropertyValueSpecification\",\"valueRequired\":true,\"valueName\":\"search_term_string\"}}],\"inLanguage\":\"zh-TW\"},{\"@type\":\"Organization\",\"@id\":\"https:\\\/\\\/hijasdejesus.org\\\/zh-hant\\\/#organization\",\"name\":\"Hijas de Jes\u00fas\",\"url\":\"https:\\\/\\\/hijasdejesus.org\\\/zh-hant\\\/\",\"logo\":{\"@type\":\"ImageObject\",\"inLanguage\":\"zh-TW\",\"@id\":\"https:\\\/\\\/hijasdejesus.org\\\/zh-hant\\\/#\\\/schema\\\/logo\\\/image\\\/\",\"url\":\"https:\\\/\\\/hijasdejesus.org\\\/wp-content\\\/uploads\\\/2023\\\/01\\\/Hijas-de-Jesus_hor-A7C957.png\",\"contentUrl\":\"https:\\\/\\\/hijasdejesus.org\\\/wp-content\\\/uploads\\\/2023\\\/01\\\/Hijas-de-Jesus_hor-A7C957.png\",\"width\":700,\"height\":360,\"caption\":\"Hijas de Jes\u00fas\"},\"image\":{\"@id\":\"https:\\\/\\\/hijasdejesus.org\\\/zh-hant\\\/#\\\/schema\\\/logo\\\/image\\\/\"},\"sameAs\":[\"https:\\\/\\\/www.facebook.com\\\/hijasdejesusenelmundo\\\/\",\"https:\\\/\\\/x.com\\\/hijasdjesus\"]}]}<\/script>\n<!-- \/ Yoast SEO plugin. -->","yoast_head_json":{"title":"\u963f\u6839\u5ef7 - Hijas de Jes\u00fas","robots":{"index":"index","follow":"follow","max-snippet":"max-snippet:-1","max-image-preview":"max-image-preview:large","max-video-preview":"max-video-preview:-1"},"canonical":"https:\/\/hijasdejesus.org\/zh-hant\/%e9%98%bf%e6%a0%b9%e5%bb%b7\/","og_locale":"zh_TW","og_type":"article","og_title":"\u963f\u6839\u5ef7 - Hijas de Jes\u00fas","og_description":"\u963f\u6839\u5ef7 \u7531\u65bc \u4e0d\u540c\u7684\u9077\u5f99\u6d6a\u6f6e\uff0c\u6211\u5011\u5728\u591a\u5143\u6587\u5316\u74b0\u5883\u4e2d\u767c\u63ee\u51fa\u6bcf\u500b\u4eba\u6700\u597d\u7684\u4e00\u9762\u3002 \u60a8\u53ef\u4ee5\u5728 \u62c9\u666e\u62c9\u5854\u3001\u8499\u7279\u88e1\u79d1\u3001\u79d1\u723e [&hellip;]","og_url":"https:\/\/hijasdejesus.org\/zh-hant\/%e9%98%bf%e6%a0%b9%e5%bb%b7\/","og_site_name":"Hijas de Jes\u00fas","article_publisher":"https:\/\/www.facebook.com\/hijasdejesusenelmundo\/","article_modified_time":"2024-07-04T11:02:32+00:00","twitter_card":"summary_large_image","twitter_site":"@hijasdjesus","twitter_misc":{"\u9810\u4f30\u95b1\u8b80\u6642\u9593":"7 \u5206\u9418"},"schema":{"@context":"https:\/\/schema.org","@graph":[{"@type":"WebPage","@id":"https:\/\/hijasdejesus.org\/zh-hant\/%e9%98%bf%e6%a0%b9%e5%bb%b7\/","url":"https:\/\/hijasdejesus.org\/zh-hant\/%e9%98%bf%e6%a0%b9%e5%bb%b7\/","name":"\u963f\u6839\u5ef7 - Hijas de Jes\u00fas","isPartOf":{"@id":"https:\/\/hijasdejesus.org\/zh-hant\/#website"},"datePublished":"2022-11-27T10:11:46+00:00","dateModified":"2024-07-04T11:02:32+00:00","breadcrumb":{"@id":"https:\/\/hijasdejesus.org\/zh-hant\/%e9%98%bf%e6%a0%b9%e5%bb%b7\/#breadcrumb"},"inLanguage":"zh-TW","potentialAction":[{"@type":"ReadAction","target":["https:\/\/hijasdejesus.org\/zh-hant\/%e9%98%bf%e6%a0%b9%e5%bb%b7\/"]}]},{"@type":"BreadcrumbList","@id":"https:\/\/hijasdejesus.org\/zh-hant\/%e9%98%bf%e6%a0%b9%e5%bb%b7\/#breadcrumb","itemListElement":[{"@type":"ListItem","position":1,"name":"Portada","item":"https:\/\/hijasdejesus.org\/zh-hant\/%e8%80%b6%e7%a9%8c%e7%9a%84%e5%a5%b3%e5%85%92%e5%80%91\/"},{"@type":"ListItem","position":2,"name":"\u963f\u6839\u5ef7"}]},{"@type":"WebSite","@id":"https:\/\/hijasdejesus.org\/zh-hant\/#website","url":"https:\/\/hijasdejesus.org\/zh-hant\/","name":"Hijas de Jes\u00fas","description":"Despertamos a Jes\u00fas en el coraz\u00f3n, sacando lo mejor de las personas. Somos una congregaci\u00f3n religiosa ignaciana fundada por la Madre Candida","publisher":{"@id":"https:\/\/hijasdejesus.org\/zh-hant\/#organization"},"potentialAction":[{"@type":"SearchAction","target":{"@type":"EntryPoint","urlTemplate":"https:\/\/hijasdejesus.org\/zh-hant\/?s={search_term_string}"},"query-input":{"@type":"PropertyValueSpecification","valueRequired":true,"valueName":"search_term_string"}}],"inLanguage":"zh-TW"},{"@type":"Organization","@id":"https:\/\/hijasdejesus.org\/zh-hant\/#organization","name":"Hijas de Jes\u00fas","url":"https:\/\/hijasdejesus.org\/zh-hant\/","logo":{"@type":"ImageObject","inLanguage":"zh-TW","@id":"https:\/\/hijasdejesus.org\/zh-hant\/#\/schema\/logo\/image\/","url":"https:\/\/hijasdejesus.org\/wp-content\/uploads\/2023\/01\/Hijas-de-Jesus_hor-A7C957.png","contentUrl":"https:\/\/hijasdejesus.org\/wp-content\/uploads\/2023\/01\/Hijas-de-Jesus_hor-A7C957.png","width":700,"height":360,"caption":"Hijas de Jes\u00fas"},"image":{"@id":"https:\/\/hijasdejesus.org\/zh-hant\/#\/schema\/logo\/image\/"},"sameAs":["https:\/\/www.facebook.com\/hijasdejesusenelmundo\/","https:\/\/x.com\/hijasdjesus"]}]}},"_links":{"self":[{"href":"https:\/\/hijasdejesus.org\/zh-hant\/wp-json\/wp\/v2\/pages\/39903","targetHints":{"allow":["GET"]}}],"collection":[{"href":"https:\/\/hijasdejesus.org\/zh-hant\/wp-json\/wp\/v2\/pages"}],"about":[{"href":"https:\/\/hijasdejesus.org\/zh-hant\/wp-json\/wp\/v2\/types\/page"}],"author":[{"embeddable":true,"href":"https:\/\/hijasdejesus.org\/zh-hant\/wp-json\/wp\/v2\/users\/1"}],"replies":[{"embeddable":true,"href":"https:\/\/hijasdejesus.org\/zh-hant\/wp-json\/wp\/v2\/comments?post=39903"}],"version-history":[{"count":2,"href":"https:\/\/hijasdejesus.org\/zh-hant\/wp-json\/wp\/v2\/pages\/39903\/revisions"}],"predecessor-version":[{"id":39905,"href":"https:\/\/hijasdejesus.org\/zh-hant\/wp-json\/wp\/v2\/pages\/39903\/revisions\/39905"}],"wp:attachment":[{"href":"https:\/\/hijasdejesus.org\/zh-hant\/wp-json\/wp\/v2\/media?parent=39903"}],"curies":[{"name":"wp","href":"https:\/\/api.w.org\/{rel}","templated":true}]}}