{"id":39919,"date":"2023-01-09T14:29:44","date_gmt":"2023-01-09T13:29:44","guid":{"rendered":"https:\/\/hijasdejesus.org\/%e5%93%a5%e5%80%ab%e6%af%94%e4%ba%9e\/"},"modified":"2024-07-04T13:02:35","modified_gmt":"2024-07-04T11:02:35","slug":"%e5%93%a5%e5%80%ab%e6%af%94%e4%ba%9e","status":"publish","type":"page","link":"https:\/\/hijasdejesus.org\/zh-hant\/%e5%93%a5%e5%80%ab%e6%af%94%e4%ba%9e\/","title":{"rendered":"\u54e5\u502b\u6bd4\u4e9e"},"content":{"rendered":"<p>[et_pb_section fb_built=&#8221;1&#8243; _builder_version=&#8221;4.19.4&#8243; _module_preset=&#8221;default&#8221; use_background_color_gradient=&#8221;on&#8221; background_color_gradient_stops=&#8221;#364f7d 0%|rgba(54,79,125,0.4) 100%&#8221; background_color_gradient_overlays_image=&#8221;on&#8221; background_image=&#8221;https:\/\/hijasdejesus.org\/wp-content\/uploads\/2023\/01\/colombia-1.jpeg&#8221; custom_padding=&#8221;12vw||12vw||true|false&#8221; global_colors_info=&#8221;{}&#8221;][et_pb_row _builder_version=&#8221;4.19.1&#8243; _module_preset=&#8221;default&#8221; global_colors_info=&#8221;{}&#8221;][et_pb_column type=&#8221;4_4&#8243; _builder_version=&#8221;4.19.1&#8243; _module_preset=&#8221;default&#8221; global_colors_info=&#8221;{}&#8221;][et_pb_text _builder_version=&#8221;4.19.1&#8243; _module_preset=&#8221;default&#8221; header_text_color=&#8221;#A7C957&#8243; header_font_size=&#8221;50px&#8221; max_width=&#8221;800px&#8221; global_colors_info=&#8221;{}&#8221;]<\/p>\n<h1>\u54e5\u502b\u6bd4\u4e9e<\/h1>\n<p>\u6211\u5011\u5728\u4e00\u500b\u5145\u6eff<span style=\"font-weight: 400;\">\u50b3\u7d71\u3001\u96c6\u5e02\u548c\u7bc0\u65e5<\/span>\u7684\u6b61\u6a02\u570b\u5bb6\u4e2d\uff0c\u6fc0\u767c\u6bcf\u500b\u4eba\u6700\u597d\u7684\u4e00\u9762\u3002<\/p>\n<p>[\/et_pb_text][\/et_pb_column][\/et_pb_row][\/et_pb_section][et_pb_section fb_built=&#8221;1&#8243; _builder_version=&#8221;4.19.4&#8243; _module_preset=&#8221;default&#8221; use_background_color_gradient=&#8221;on&#8221; background_color_gradient_direction=&#8221;90deg&#8221; background_color_gradient_stops=&#8221;#fdfcfa 0%|#fdfcfa 29%|rgba(253,252,250,0.7) 99%&#8221; background_color_gradient_overlays_image=&#8221;on&#8221; background_image=&#8221;https:\/\/hijasdejesus.org\/wp-content\/uploads\/2023\/01\/DSC_1192-1.jpg&#8221; custom_padding=&#8221;6vw||6vw||true|false&#8221; global_colors_info=&#8221;{}&#8221;][et_pb_row column_structure=&#8221;3_5,2_5&#8243; _builder_version=&#8221;4.19.1&#8243; _module_preset=&#8221;default&#8221; global_colors_info=&#8221;{}&#8221;][et_pb_column type=&#8221;3_5&#8243; _builder_version=&#8221;4.19.1&#8243; _module_preset=&#8221;default&#8221; global_colors_info=&#8221;{}&#8221;][et_pb_text _builder_version=&#8221;4.19.4&#8243; _module_preset=&#8221;default&#8221; text_text_color=&#8221;#364F7D&#8221; global_colors_info=&#8221;{}&#8221;]<\/p>\n<p><span style=\"font-weight: 400;\">\u54e5\u502b\u6bd4\u4e9e\u6587\u5316 <strong>\u662f\u4e00\u500b\u6709\u5f85\u767c\u73fe\u7684\u5bf6\u85cf<\/strong>\u3002 \u4eca\u5929\uff0c\u5b83\u662f\u6b50\u6d32\u3001\u975e\u6d32\u548c\u571f\u8457\u7fd2\u4fd7\u548c\u50b3\u7d71\u7684\u6df7\u5408\u9ad4\uff0c\u901a\u904e\u97f3\u6a02\u3001\u85dd\u8853\u3001\u6587\u5b78\u4ee5\u53ca\u8207\u81ea\u7136\u7684\u95dc\u4fc2\u53cd\u6620\u51fa\u4f86\u3002 \u6240\u6709\u9019\u4e9b\u90fd\u4f7f\u54e5\u502b\u6bd4\u4e9e\u4eba\u6210\u70ba\u958b\u6717\u3001\u7d30\u5fc3\u3001\u597d\u5ba2\u3001\u52e4\u596e\u3001\u6709\u5275\u9020\u529b\u548c\u9032\u53d6\u5fc3\u7684\u4eba\u3002  <\/span><\/p>\n<p><span style=\"font-weight: 400;\">\u9019\u88e1\u7684\u8036\u7a4c\u5973\u5152\u5011 <strong>\u5c0d\u5152\u7ae5\u3001\u5e74\u8f15\u4eba\u548c\u5bb6\u5ead\u7684\u751f\u6d3b\u7522\u751f\u4e86\u5de8\u5927\u7684\u5f71\u97ff\uff0c<\/strong>\u5411\u5979\u5011\u6240\u6709\u4eba\u704c\u8f38\u4e86\u8056\u6bcd\u746a\u5229\u4e9e\u7684\u611b\uff0c\u4e26\u4ee5\u8036\u7a4c\u7684\u8056\u5ff5\u73e0\u83cc\u746a\u5229\u4e9e\u70ba\u53c3\u8003\u3002  <\/span><\/p>\n<p><span style=\"font-weight: 400;\"><strong>\u6211\u5011\u7528\u611b\u3001\u6eab\u67d4\u3001\u771f\u8aa0\u3001\u7c21\u55ae\u548c\u8207\u6700\u9700\u8981\u8aac\u660e\u7684\u4eba\u5718\u7d50\u4e00\u81f4\u4f86\u6559\u80b2<\/strong>\u3002 \u9019\u7a2e\u751f\u6d3b\u7d93\u6b77\u5df2\u7d93\u901a\u904e\u8a31\u591a\u4eba\u88ab\u8d85\u8d8a\u4e86\uff0c\u6211\u5011\u8207\u4ed6\u5011\u4e00\u8d77\u751f\u6d3b\u904e\u7684\u6642\u523b\u4f7f\u6211\u5011\u80fd\u5920\u52a0\u5f37\u6211\u5011\u7684\u751f\u6d3b\u5c08\u6848\u3002<\/span><\/p>\n<p><span style=\"font-weight: 400;\">\u54e5\u502b\u6bd4\u4e9e\u6587\u5316\u548c\u8036\u7a4c\u5973\u5152\u7684\u795e\u6069\u8207\u90a3\u4e9b\u6700\u9700\u8981\u5b83\u7684\u4eba\u6709\u8457 <strong>\u76f8\u4f3c\u4e4b\u8655\u3001\u5144\u5f1f\u60c5\u8abc\u548c\u540c\u60c5\u5fc3<\/strong> \u3002 \u5206\u4eab\u7d93\u9a57\u7684\u7c21\u55ae\u548c\u5feb\u6a02\uff0c\u8b93\u6240\u6709\u5c6c\u65bc\u4f0a\u683c\u7d0d\u7235\u9748\u6027\u793e\u5340\u7684\u4eba\u90fd\u53c3\u8207\u9032\u4f86\u3002<\/span><\/p>\n<p>[\/et_pb_text][\/et_pb_column][et_pb_column type=&#8221;2_5&#8243; _builder_version=&#8221;4.19.1&#8243; _module_preset=&#8221;default&#8221; global_colors_info=&#8221;{}&#8221;][\/et_pb_column][\/et_pb_row][\/et_pb_section][et_pb_section fb_built=&#8221;1&#8243; fullwidth=&#8221;on&#8221; _builder_version=&#8221;4.19.1&#8243; _module_preset=&#8221;default&#8221; global_colors_info=&#8221;{}&#8221;][et_pb_fullwidth_map address=&#8221;Colombia&#8221; zoom_level=&#8221;6&#8243; address_lat=&#8221;4.7520552469608&#8243; address_lng=&#8221;-74.108358424562&#8243; mouse_wheel=&#8221;off&#8221; _builder_version=&#8221;4.19.4&#8243; _module_preset=&#8221;default&#8221; child_filter_hue_rotate=&#8221;257deg&#8221; child_filter_saturate=&#8221;0%&#8221; child_filter_brightness=&#8221;139%&#8221; custom_css_main_element=&#8221;color: black;&#8221; global_colors_info=&#8221;{}&#8221;][et_pb_map_pin title=&#8221;\u5e03\u5361\u62c9\u66fc\u52a0&#8221; pin_address=&#8221;Bucaramanga, Santander, Colombia&#8221; pin_address_lat=&#8221;7.119349&#8243; pin_address_lng=&#8221;-73.1227416&#8243; _builder_version=&#8221;4.19.4&#8243; _module_preset=&#8221;default&#8221; global_colors_info=&#8221;{}&#8221;]<\/p>\n<p>\u64c1\u6709\u793e\u5340\u548c\u300c\u548c\u5e73\u5973\u738b\u300d\u5b78\u6821<\/p>\n<p>[\/et_pb_map_pin][\/et_pb_fullwidth_map][\/et_pb_section][et_pb_section fb_built=&#8221;1&#8243; _builder_version=&#8221;4.19.1&#8243; _module_preset=&#8221;default&#8221; background_enable_mask_style=&#8221;on&#8221; background_mask_style=&#8221;bean&#8221; background_mask_color=&#8221;#A7C957&#8243; background_mask_transform=&#8221;invert&#8221; custom_padding=&#8221;6vw||6vw||true|false&#8221; global_colors_info=&#8221;{}&#8221;][et_pb_row _builder_version=&#8221;4.19.1&#8243; _module_preset=&#8221;default&#8221; global_colors_info=&#8221;{}&#8221;][et_pb_column type=&#8221;4_4&#8243; _builder_version=&#8221;4.19.1&#8243; _module_preset=&#8221;default&#8221; global_colors_info=&#8221;{}&#8221;][et_pb_text _builder_version=&#8221;4.19.4&#8243; _module_preset=&#8221;default&#8221; header_2_text_color=&#8221;#364F7D&#8221; global_colors_info=&#8221;{}&#8221;]<\/p>\n<h2>\u77ad\u89e3\u6211\u5011\u5728\u54e5\u502b\u6bd4\u4e9e\u7684\u65e5\u5e38\u751f\u6d3b<\/h2>\n<p>[\/et_pb_text][et_pb_blog fullwidth=&#8221;off&#8221; posts_number=&#8221;3&#8243; include_categories=&#8221;487&#8243; excerpt_length=&#8221;0&#8243; show_author=&#8221;off&#8221; masonry_tile_background_color=&#8221;RGBA(255,255,255,0)&#8221; _builder_version=&#8221;4.19.4&#8243; _module_preset=&#8221;default&#8221; header_text_color=&#8221;#364F7D&#8221; border_width_all=&#8221;0px&#8221; border_radii_image=&#8221;on|30px|30px|30px|30px&#8221; global_colors_info=&#8221;{}&#8221;][\/et_pb_blog][\/et_pb_column][\/et_pb_row][et_pb_row _builder_version=&#8221;4.19.4&#8243; _module_preset=&#8221;default&#8221; custom_padding=&#8221;2vw||0px||false|false&#8221; global_colors_info=&#8221;{}&#8221;][et_pb_column type=&#8221;4_4&#8243; _builder_version=&#8221;4.19.1&#8243; _module_preset=&#8221;default&#8221; global_colors_info=&#8221;{}&#8221;][et_pb_text _builder_version=&#8221;4.19.4&#8243; _module_preset=&#8221;default&#8221; header_2_text_color=&#8221;#364F7D&#8221; global_colors_info=&#8221;{}&#8221;]<\/p>\n<h2>\u77ad\u89e3\u6211\u5011\u5728\u7701\u5167\u7684\u65e5\u5e38\u751f\u6d3b<\/h2>\n<p>[\/et_pb_text][et_pb_blog fullwidth=&#8221;off&#8221; posts_number=&#8221;3&#8243; include_categories=&#8221;472&#8243; excerpt_length=&#8221;0&#8243; show_author=&#8221;off&#8221; masonry_tile_background_color=&#8221;RGBA(255,255,255,0)&#8221; _builder_version=&#8221;4.19.4&#8243; _module_preset=&#8221;default&#8221; header_text_color=&#8221;#364F7D&#8221; hover_enabled=&#8221;0&#8243; border_width_all=&#8221;0px&#8221; border_radii_image=&#8221;on|30px|30px|30px|30px&#8221; global_colors_info=&#8221;{}&#8221; sticky_enabled=&#8221;0&#8243;][\/et_pb_blog][\/et_pb_column][\/et_pb_row][\/et_pb_section][et_pb_section fb_built=&#8221;1&#8243; _builder_version=&#8221;4.19.1&#8243; _module_preset=&#8221;default&#8221; global_colors_info=&#8221;{}&#8221;][et_pb_row column_structure=&#8221;1_4,1_2,1_4&#8243; _builder_version=&#8221;4.19.1&#8243; _module_preset=&#8221;default&#8221; global_colors_info=&#8221;{}&#8221;][et_pb_column type=&#8221;1_4&#8243; _builder_version=&#8221;4.19.1&#8243; _module_preset=&#8221;default&#8221; global_colors_info=&#8221;{}&#8221;][\/et_pb_column][et_pb_column type=&#8221;1_2&#8243; _builder_version=&#8221;4.19.1&#8243; _module_preset=&#8221;default&#8221; global_colors_info=&#8221;{}&#8221;][et_pb_text _builder_version=&#8221;4.19.1&#8243; _module_preset=&#8221;default&#8221; header_2_text_align=&#8221;center&#8221; header_2_text_color=&#8221;#364F7D&#8221; global_colors_info=&#8221;{}&#8221;]<\/p>\n<h2>\u8aaa\u8a71\uff1f<\/h2>\n<p>[\/et_pb_text][et_pb_contact_form email=&#8221;web+colombia@hijasdejesus.org&#8221; custom_message=&#8221;\u54e5\u502b\u6bd4\u4e9e\u7db2\u7ad9\u4e0a\u7684\u65b0\u6d88\u606f hijasdejesus.org||et_pb_line_break_holder||||et_pb_line_break_holder||\u59d3\u540d\uff1a %%Name%%||et_pb_line_break_holder||Email\uff1a %%Email%%||et_pb_line_break_holder||\u7559\u8a00\u5167\u5bb9\uff1a %%Message%%||et_pb_line_break_holder||||et_pb_line_break_holder||\u4e00\u500b\u64c1\u62b1&#8221; success_message=&#8221;\u975e\u5e38\u611f\u8b1d\u60a8\uff0c\u6211\u5011\u6703\u5118\u5feb\u8207\u60a8\u806f\u7e6b&#8221; _builder_version=&#8221;4.19.4&#8243; _module_preset=&#8221;default&#8221; _unique_id=&#8221;e9717e58-4ab0-4156-a2a5-c3d330243b7d&#8221; captcha_text_color=&#8221;#364F7D&#8221; custom_button=&#8221;on&#8221; button_text_color=&#8221;#FFFFFF&#8221; button_bg_color=&#8221;#364F7D&#8221; button_border_width=&#8221;0px&#8221; button_border_radius=&#8221;10px&#8221; global_colors_info=&#8221;{}&#8221;][et_pb_contact_field field_id=&#8221;Name&#8221; field_title=&#8221;\u540d\u5b57&#8221; _builder_version=&#8221;4.16&#8243; global_colors_info=&#8221;{}&#8221; button_text_size__hover_enabled=&#8221;off&#8221; button_one_text_size__hover_enabled=&#8221;off&#8221; button_two_text_size__hover_enabled=&#8221;off&#8221; button_text_color__hover_enabled=&#8221;off&#8221; button_one_text_color__hover_enabled=&#8221;off&#8221; button_two_text_color__hover_enabled=&#8221;off&#8221; button_border_width__hover_enabled=&#8221;off&#8221; button_one_border_width__hover_enabled=&#8221;off&#8221; button_two_border_width__hover_enabled=&#8221;off&#8221; button_border_color__hover_enabled=&#8221;off&#8221; button_one_border_color__hover_enabled=&#8221;off&#8221; button_two_border_color__hover_enabled=&#8221;off&#8221; button_border_radius__hover_enabled=&#8221;off&#8221; button_one_border_radius__hover_enabled=&#8221;off&#8221; button_two_border_radius__hover_enabled=&#8221;off&#8221; button_letter_spacing__hover_enabled=&#8221;off&#8221; button_one_letter_spacing__hover_enabled=&#8221;off&#8221; button_two_letter_spacing__hover_enabled=&#8221;off&#8221; button_bg_color__hover_enabled=&#8221;off&#8221; button_one_bg_color__hover_enabled=&#8221;off&#8221; button_two_bg_color__hover_enabled=&#8221;off&#8221;][\/et_pb_contact_field][et_pb_contact_field field_id=&#8221;Email&#8221; field_title=&#8221;\u96fb\u5b50\u90f5\u4ef6\u4f4d\u5740&#8221; field_type=&#8221;email&#8221; _builder_version=&#8221;4.16&#8243; global_colors_info=&#8221;{}&#8221; button_text_size__hover_enabled=&#8221;off&#8221; button_one_text_size__hover_enabled=&#8221;off&#8221; button_two_text_size__hover_enabled=&#8221;off&#8221; button_text_color__hover_enabled=&#8221;off&#8221; button_one_text_color__hover_enabled=&#8221;off&#8221; button_two_text_color__hover_enabled=&#8221;off&#8221; button_border_width__hover_enabled=&#8221;off&#8221; button_one_border_width__hover_enabled=&#8221;off&#8221; button_two_border_width__hover_enabled=&#8221;off&#8221; button_border_color__hover_enabled=&#8221;off&#8221; button_one_border_color__hover_enabled=&#8221;off&#8221; button_two_border_color__hover_enabled=&#8221;off&#8221; button_border_radius__hover_enabled=&#8221;off&#8221; button_one_border_radius__hover_enabled=&#8221;off&#8221; button_two_border_radius__hover_enabled=&#8221;off&#8221; button_letter_spacing__hover_enabled=&#8221;off&#8221; button_one_letter_spacing__hover_enabled=&#8221;off&#8221; button_two_letter_spacing__hover_enabled=&#8221;off&#8221; button_bg_color__hover_enabled=&#8221;off&#8221; button_one_bg_color__hover_enabled=&#8221;off&#8221; button_two_bg_color__hover_enabled=&#8221;off&#8221;][\/et_pb_contact_field][et_pb_contact_field field_id=&#8221;Message&#8221; field_title=&#8221;\u6d88\u606f&#8221; field_type=&#8221;text&#8221; fullwidth_field=&#8221;on&#8221; _builder_version=&#8221;4.16&#8243; global_colors_info=&#8221;{}&#8221; button_text_size__hover_enabled=&#8221;off&#8221; button_one_text_size__hover_enabled=&#8221;off&#8221; button_two_text_size__hover_enabled=&#8221;off&#8221; button_text_color__hover_enabled=&#8221;off&#8221; button_one_text_color__hover_enabled=&#8221;off&#8221; button_two_text_color__hover_enabled=&#8221;off&#8221; button_border_width__hover_enabled=&#8221;off&#8221; button_one_border_width__hover_enabled=&#8221;off&#8221; button_two_border_width__hover_enabled=&#8221;off&#8221; button_border_color__hover_enabled=&#8221;off&#8221; button_one_border_color__hover_enabled=&#8221;off&#8221; button_two_border_color__hover_enabled=&#8221;off&#8221; button_border_radius__hover_enabled=&#8221;off&#8221; button_one_border_radius__hover_enabled=&#8221;off&#8221; button_two_border_radius__hover_enabled=&#8221;off&#8221; button_letter_spacing__hover_enabled=&#8221;off&#8221; button_one_letter_spacing__hover_enabled=&#8221;off&#8221; button_two_letter_spacing__hover_enabled=&#8221;off&#8221; button_bg_color__hover_enabled=&#8221;off&#8221; button_one_bg_color__hover_enabled=&#8221;off&#8221; button_two_bg_color__hover_enabled=&#8221;off&#8221;][\/et_pb_contact_field][\/et_pb_contact_form][\/et_pb_column][et_pb_column type=&#8221;1_4&#8243; _builder_version=&#8221;4.19.1&#8243; _module_preset=&#8221;default&#8221; global_colors_info=&#8221;{}&#8221;][\/et_pb_column][\/et_pb_row][\/et_pb_section]<\/p>\n","protected":false},"excerpt":{"rendered":"<p>\u54e5\u502b\u6bd4\u4e9e \u6211\u5011\u5728\u4e00\u500b\u5145\u6eff\u50b3\u7d71\u3001\u96c6\u5e02\u548c\u7bc0\u65e5\u7684\u6b61\u6a02\u570b\u5bb6\u4e2d\uff0c\u6fc0\u767c\u6bcf\u500b\u4eba\u6700\u597d\u7684\u4e00\u9762\u3002\u54e5\u502b\u6bd4\u4e9e\u6587\u5316 \u662f\u4e00\u500b\u6709\u5f85\u767c\u73fe\u7684\u5bf6\u85cf [&hellip;]<\/p>\n","protected":false},"author":1,"featured_media":39897,"parent":0,"menu_order":0,"comment_status":"closed","ping_status":"closed","template":"","meta":{"_et_pb_use_builder":"on","_et_pb_old_content":"","_et_gb_content_width":"","footnotes":"","_links_to":"","_links_to_target":""},"class_list":["post-39919","page","type-page","status-publish","has-post-thumbnail","hentry"],"yoast_head":"<!-- This site is optimized with the Yoast SEO plugin v27.5 - https:\/\/yoast.com\/product\/yoast-seo-wordpress\/ -->\n<title>\u54e5\u502b\u6bd4\u4e9e - Hijas de Jes\u00fas<\/title>\n<meta name=\"robots\" content=\"index, follow, max-snippet:-1, max-image-preview:large, max-video-preview:-1\" \/>\n<link rel=\"canonical\" href=\"https:\/\/hijasdejesus.org\/zh-hant\/%e5%93%a5%e5%80%ab%e6%af%94%e4%ba%9e\/\" \/>\n<meta property=\"og:locale\" content=\"zh_TW\" \/>\n<meta property=\"og:type\" content=\"article\" \/>\n<meta property=\"og:title\" content=\"\u54e5\u502b\u6bd4\u4e9e - Hijas de Jes\u00fas\" \/>\n<meta property=\"og:description\" content=\"\u54e5\u502b\u6bd4\u4e9e \u6211\u5011\u5728\u4e00\u500b\u5145\u6eff\u50b3\u7d71\u3001\u96c6\u5e02\u548c\u7bc0\u65e5\u7684\u6b61\u6a02\u570b\u5bb6\u4e2d\uff0c\u6fc0\u767c\u6bcf\u500b\u4eba\u6700\u597d\u7684\u4e00\u9762\u3002\u54e5\u502b\u6bd4\u4e9e\u6587\u5316 \u662f\u4e00\u500b\u6709\u5f85\u767c\u73fe\u7684\u5bf6\u85cf [&hellip;]\" \/>\n<meta property=\"og:url\" content=\"https:\/\/hijasdejesus.org\/zh-hant\/%e5%93%a5%e5%80%ab%e6%af%94%e4%ba%9e\/\" \/>\n<meta property=\"og:site_name\" content=\"Hijas de Jes\u00fas\" \/>\n<meta property=\"article:publisher\" content=\"https:\/\/www.facebook.com\/hijasdejesusenelmundo\/\" \/>\n<meta property=\"article:modified_time\" content=\"2024-07-04T11:02:35+00:00\" \/>\n<meta property=\"og:image\" content=\"https:\/\/hijasdejesus.org\/wp-content\/uploads\/2022\/11\/HJ.001.jpeg\" \/>\n\t<meta property=\"og:image:width\" content=\"1920\" \/>\n\t<meta property=\"og:image:height\" content=\"1080\" \/>\n\t<meta property=\"og:image:type\" content=\"image\/jpeg\" \/>\n<meta name=\"twitter:card\" content=\"summary_large_image\" \/>\n<meta name=\"twitter:site\" content=\"@hijasdjesus\" \/>\n<meta name=\"twitter:label1\" content=\"\u9810\u4f30\u95b1\u8b80\u6642\u9593\" \/>\n\t<meta name=\"twitter:data1\" content=\"6 \u5206\u9418\" \/>\n<script type=\"application\/ld+json\" class=\"yoast-schema-graph\">{\"@context\":\"https:\\\/\\\/schema.org\",\"@graph\":[{\"@type\":\"WebPage\",\"@id\":\"https:\\\/\\\/hijasdejesus.org\\\/zh-hant\\\/%e5%93%a5%e5%80%ab%e6%af%94%e4%ba%9e\\\/\",\"url\":\"https:\\\/\\\/hijasdejesus.org\\\/zh-hant\\\/%e5%93%a5%e5%80%ab%e6%af%94%e4%ba%9e\\\/\",\"name\":\"\u54e5\u502b\u6bd4\u4e9e - Hijas de Jes\u00fas\",\"isPartOf\":{\"@id\":\"https:\\\/\\\/hijasdejesus.org\\\/zh-hant\\\/#website\"},\"primaryImageOfPage\":{\"@id\":\"https:\\\/\\\/hijasdejesus.org\\\/zh-hant\\\/%e5%93%a5%e5%80%ab%e6%af%94%e4%ba%9e\\\/#primaryimage\"},\"image\":{\"@id\":\"https:\\\/\\\/hijasdejesus.org\\\/zh-hant\\\/%e5%93%a5%e5%80%ab%e6%af%94%e4%ba%9e\\\/#primaryimage\"},\"thumbnailUrl\":\"https:\\\/\\\/hijasdejesus.org\\\/wp-content\\\/uploads\\\/2022\\\/11\\\/HJ.001.jpeg\",\"datePublished\":\"2023-01-09T13:29:44+00:00\",\"dateModified\":\"2024-07-04T11:02:35+00:00\",\"breadcrumb\":{\"@id\":\"https:\\\/\\\/hijasdejesus.org\\\/zh-hant\\\/%e5%93%a5%e5%80%ab%e6%af%94%e4%ba%9e\\\/#breadcrumb\"},\"inLanguage\":\"zh-TW\",\"potentialAction\":[{\"@type\":\"ReadAction\",\"target\":[\"https:\\\/\\\/hijasdejesus.org\\\/zh-hant\\\/%e5%93%a5%e5%80%ab%e6%af%94%e4%ba%9e\\\/\"]}]},{\"@type\":\"ImageObject\",\"inLanguage\":\"zh-TW\",\"@id\":\"https:\\\/\\\/hijasdejesus.org\\\/zh-hant\\\/%e5%93%a5%e5%80%ab%e6%af%94%e4%ba%9e\\\/#primaryimage\",\"url\":\"https:\\\/\\\/hijasdejesus.org\\\/wp-content\\\/uploads\\\/2022\\\/11\\\/HJ.001.jpeg\",\"contentUrl\":\"https:\\\/\\\/hijasdejesus.org\\\/wp-content\\\/uploads\\\/2022\\\/11\\\/HJ.001.jpeg\",\"width\":1920,\"height\":1080},{\"@type\":\"BreadcrumbList\",\"@id\":\"https:\\\/\\\/hijasdejesus.org\\\/zh-hant\\\/%e5%93%a5%e5%80%ab%e6%af%94%e4%ba%9e\\\/#breadcrumb\",\"itemListElement\":[{\"@type\":\"ListItem\",\"position\":1,\"name\":\"Portada\",\"item\":\"https:\\\/\\\/hijasdejesus.org\\\/zh-hant\\\/%e8%80%b6%e7%a9%8c%e7%9a%84%e5%a5%b3%e5%85%92%e5%80%91\\\/\"},{\"@type\":\"ListItem\",\"position\":2,\"name\":\"\u54e5\u502b\u6bd4\u4e9e\"}]},{\"@type\":\"WebSite\",\"@id\":\"https:\\\/\\\/hijasdejesus.org\\\/zh-hant\\\/#website\",\"url\":\"https:\\\/\\\/hijasdejesus.org\\\/zh-hant\\\/\",\"name\":\"Hijas de Jes\u00fas\",\"description\":\"Despertamos a Jes\u00fas en el coraz\u00f3n, sacando lo mejor de las personas. Somos una congregaci\u00f3n religiosa ignaciana fundada por la Madre Candida\",\"publisher\":{\"@id\":\"https:\\\/\\\/hijasdejesus.org\\\/zh-hant\\\/#organization\"},\"potentialAction\":[{\"@type\":\"SearchAction\",\"target\":{\"@type\":\"EntryPoint\",\"urlTemplate\":\"https:\\\/\\\/hijasdejesus.org\\\/zh-hant\\\/?s={search_term_string}\"},\"query-input\":{\"@type\":\"PropertyValueSpecification\",\"valueRequired\":true,\"valueName\":\"search_term_string\"}}],\"inLanguage\":\"zh-TW\"},{\"@type\":\"Organization\",\"@id\":\"https:\\\/\\\/hijasdejesus.org\\\/zh-hant\\\/#organization\",\"name\":\"Hijas de Jes\u00fas\",\"url\":\"https:\\\/\\\/hijasdejesus.org\\\/zh-hant\\\/\",\"logo\":{\"@type\":\"ImageObject\",\"inLanguage\":\"zh-TW\",\"@id\":\"https:\\\/\\\/hijasdejesus.org\\\/zh-hant\\\/#\\\/schema\\\/logo\\\/image\\\/\",\"url\":\"https:\\\/\\\/hijasdejesus.org\\\/wp-content\\\/uploads\\\/2023\\\/01\\\/Hijas-de-Jesus_hor-A7C957.png\",\"contentUrl\":\"https:\\\/\\\/hijasdejesus.org\\\/wp-content\\\/uploads\\\/2023\\\/01\\\/Hijas-de-Jesus_hor-A7C957.png\",\"width\":700,\"height\":360,\"caption\":\"Hijas de Jes\u00fas\"},\"image\":{\"@id\":\"https:\\\/\\\/hijasdejesus.org\\\/zh-hant\\\/#\\\/schema\\\/logo\\\/image\\\/\"},\"sameAs\":[\"https:\\\/\\\/www.facebook.com\\\/hijasdejesusenelmundo\\\/\",\"https:\\\/\\\/x.com\\\/hijasdjesus\"]}]}<\/script>\n<!-- \/ Yoast SEO plugin. -->","yoast_head_json":{"title":"\u54e5\u502b\u6bd4\u4e9e - Hijas de Jes\u00fas","robots":{"index":"index","follow":"follow","max-snippet":"max-snippet:-1","max-image-preview":"max-image-preview:large","max-video-preview":"max-video-preview:-1"},"canonical":"https:\/\/hijasdejesus.org\/zh-hant\/%e5%93%a5%e5%80%ab%e6%af%94%e4%ba%9e\/","og_locale":"zh_TW","og_type":"article","og_title":"\u54e5\u502b\u6bd4\u4e9e - Hijas de Jes\u00fas","og_description":"\u54e5\u502b\u6bd4\u4e9e \u6211\u5011\u5728\u4e00\u500b\u5145\u6eff\u50b3\u7d71\u3001\u96c6\u5e02\u548c\u7bc0\u65e5\u7684\u6b61\u6a02\u570b\u5bb6\u4e2d\uff0c\u6fc0\u767c\u6bcf\u500b\u4eba\u6700\u597d\u7684\u4e00\u9762\u3002\u54e5\u502b\u6bd4\u4e9e\u6587\u5316 \u662f\u4e00\u500b\u6709\u5f85\u767c\u73fe\u7684\u5bf6\u85cf [&hellip;]","og_url":"https:\/\/hijasdejesus.org\/zh-hant\/%e5%93%a5%e5%80%ab%e6%af%94%e4%ba%9e\/","og_site_name":"Hijas de Jes\u00fas","article_publisher":"https:\/\/www.facebook.com\/hijasdejesusenelmundo\/","article_modified_time":"2024-07-04T11:02:35+00:00","og_image":[{"width":1920,"height":1080,"url":"https:\/\/hijasdejesus.org\/wp-content\/uploads\/2022\/11\/HJ.001.jpeg","type":"image\/jpeg"}],"twitter_card":"summary_large_image","twitter_site":"@hijasdjesus","twitter_misc":{"\u9810\u4f30\u95b1\u8b80\u6642\u9593":"6 \u5206\u9418"},"schema":{"@context":"https:\/\/schema.org","@graph":[{"@type":"WebPage","@id":"https:\/\/hijasdejesus.org\/zh-hant\/%e5%93%a5%e5%80%ab%e6%af%94%e4%ba%9e\/","url":"https:\/\/hijasdejesus.org\/zh-hant\/%e5%93%a5%e5%80%ab%e6%af%94%e4%ba%9e\/","name":"\u54e5\u502b\u6bd4\u4e9e - Hijas de Jes\u00fas","isPartOf":{"@id":"https:\/\/hijasdejesus.org\/zh-hant\/#website"},"primaryImageOfPage":{"@id":"https:\/\/hijasdejesus.org\/zh-hant\/%e5%93%a5%e5%80%ab%e6%af%94%e4%ba%9e\/#primaryimage"},"image":{"@id":"https:\/\/hijasdejesus.org\/zh-hant\/%e5%93%a5%e5%80%ab%e6%af%94%e4%ba%9e\/#primaryimage"},"thumbnailUrl":"https:\/\/hijasdejesus.org\/wp-content\/uploads\/2022\/11\/HJ.001.jpeg","datePublished":"2023-01-09T13:29:44+00:00","dateModified":"2024-07-04T11:02:35+00:00","breadcrumb":{"@id":"https:\/\/hijasdejesus.org\/zh-hant\/%e5%93%a5%e5%80%ab%e6%af%94%e4%ba%9e\/#breadcrumb"},"inLanguage":"zh-TW","potentialAction":[{"@type":"ReadAction","target":["https:\/\/hijasdejesus.org\/zh-hant\/%e5%93%a5%e5%80%ab%e6%af%94%e4%ba%9e\/"]}]},{"@type":"ImageObject","inLanguage":"zh-TW","@id":"https:\/\/hijasdejesus.org\/zh-hant\/%e5%93%a5%e5%80%ab%e6%af%94%e4%ba%9e\/#primaryimage","url":"https:\/\/hijasdejesus.org\/wp-content\/uploads\/2022\/11\/HJ.001.jpeg","contentUrl":"https:\/\/hijasdejesus.org\/wp-content\/uploads\/2022\/11\/HJ.001.jpeg","width":1920,"height":1080},{"@type":"BreadcrumbList","@id":"https:\/\/hijasdejesus.org\/zh-hant\/%e5%93%a5%e5%80%ab%e6%af%94%e4%ba%9e\/#breadcrumb","itemListElement":[{"@type":"ListItem","position":1,"name":"Portada","item":"https:\/\/hijasdejesus.org\/zh-hant\/%e8%80%b6%e7%a9%8c%e7%9a%84%e5%a5%b3%e5%85%92%e5%80%91\/"},{"@type":"ListItem","position":2,"name":"\u54e5\u502b\u6bd4\u4e9e"}]},{"@type":"WebSite","@id":"https:\/\/hijasdejesus.org\/zh-hant\/#website","url":"https:\/\/hijasdejesus.org\/zh-hant\/","name":"Hijas de Jes\u00fas","description":"Despertamos a Jes\u00fas en el coraz\u00f3n, sacando lo mejor de las personas. Somos una congregaci\u00f3n religiosa ignaciana fundada por la Madre Candida","publisher":{"@id":"https:\/\/hijasdejesus.org\/zh-hant\/#organization"},"potentialAction":[{"@type":"SearchAction","target":{"@type":"EntryPoint","urlTemplate":"https:\/\/hijasdejesus.org\/zh-hant\/?s={search_term_string}"},"query-input":{"@type":"PropertyValueSpecification","valueRequired":true,"valueName":"search_term_string"}}],"inLanguage":"zh-TW"},{"@type":"Organization","@id":"https:\/\/hijasdejesus.org\/zh-hant\/#organization","name":"Hijas de Jes\u00fas","url":"https:\/\/hijasdejesus.org\/zh-hant\/","logo":{"@type":"ImageObject","inLanguage":"zh-TW","@id":"https:\/\/hijasdejesus.org\/zh-hant\/#\/schema\/logo\/image\/","url":"https:\/\/hijasdejesus.org\/wp-content\/uploads\/2023\/01\/Hijas-de-Jesus_hor-A7C957.png","contentUrl":"https:\/\/hijasdejesus.org\/wp-content\/uploads\/2023\/01\/Hijas-de-Jesus_hor-A7C957.png","width":700,"height":360,"caption":"Hijas de Jes\u00fas"},"image":{"@id":"https:\/\/hijasdejesus.org\/zh-hant\/#\/schema\/logo\/image\/"},"sameAs":["https:\/\/www.facebook.com\/hijasdejesusenelmundo\/","https:\/\/x.com\/hijasdjesus"]}]}},"_links":{"self":[{"href":"https:\/\/hijasdejesus.org\/zh-hant\/wp-json\/wp\/v2\/pages\/39919","targetHints":{"allow":["GET"]}}],"collection":[{"href":"https:\/\/hijasdejesus.org\/zh-hant\/wp-json\/wp\/v2\/pages"}],"about":[{"href":"https:\/\/hijasdejesus.org\/zh-hant\/wp-json\/wp\/v2\/types\/page"}],"author":[{"embeddable":true,"href":"https:\/\/hijasdejesus.org\/zh-hant\/wp-json\/wp\/v2\/users\/1"}],"replies":[{"embeddable":true,"href":"https:\/\/hijasdejesus.org\/zh-hant\/wp-json\/wp\/v2\/comments?post=39919"}],"version-history":[{"count":2,"href":"https:\/\/hijasdejesus.org\/zh-hant\/wp-json\/wp\/v2\/pages\/39919\/revisions"}],"predecessor-version":[{"id":39923,"href":"https:\/\/hijasdejesus.org\/zh-hant\/wp-json\/wp\/v2\/pages\/39919\/revisions\/39923"}],"wp:featuredmedia":[{"embeddable":true,"href":"https:\/\/hijasdejesus.org\/zh-hant\/wp-json\/wp\/v2\/media\/39897"}],"wp:attachment":[{"href":"https:\/\/hijasdejesus.org\/zh-hant\/wp-json\/wp\/v2\/media?parent=39919"}],"curies":[{"name":"wp","href":"https:\/\/api.w.org\/{rel}","templated":true}]}}