{"id":39933,"date":"2023-01-23T19:36:01","date_gmt":"2023-01-23T18:36:01","guid":{"rendered":"https:\/\/hijasdejesus.org\/%e4%bb%bb%e5%91%bd%e4%ba%9e%e6%b4%b2%e7%9c%81%e6%94%bf%e5%ba%9c\/"},"modified":"2024-07-04T13:02:37","modified_gmt":"2024-07-04T11:02:37","slug":"%e4%bb%bb%e5%91%bd%e4%ba%9e%e6%b4%b2%e7%9c%81%e6%94%bf%e5%ba%9c","status":"publish","type":"page","link":"https:\/\/hijasdejesus.org\/zh-hant\/%e4%bb%bb%e5%91%bd%e4%ba%9e%e6%b4%b2%e7%9c%81%e6%94%bf%e5%ba%9c\/","title":{"rendered":"\u4efb\u547d\u4e9e\u6d32\u7701\u653f\u5e9c"},"content":{"rendered":"<p>[et_pb_section fb_built=&#8221;1&#8243; _builder_version=&#8221;4.19.4&#8243; _module_preset=&#8221;default&#8221; background_color=&#8221;#364F7D&#8221; background_image=&#8221;https:\/\/hijasdejesus.org\/wp-content\/uploads\/2022\/11\/corazon_fi.png&#8221; background_size=&#8221;contain&#8221; background_blend=&#8221;soft-light&#8221; custom_padding=&#8221;12vw||12vw||true|false&#8221; hover_enabled=&#8221;0&#8243; global_colors_info=&#8221;{}&#8221; theme_builder_area=&#8221;post_content&#8221; title_text=&#8221;corazon_fi&#8221; sticky_enabled=&#8221;0&#8243;][et_pb_row make_equal=&#8221;on&#8221; _builder_version=&#8221;4.18.1&#8243; _module_preset=&#8221;default&#8221; global_colors_info=&#8221;{}&#8221; theme_builder_area=&#8221;post_content&#8221;][et_pb_column type=&#8221;4_4&#8243; _builder_version=&#8221;4.17.4&#8243; _module_preset=&#8221;default&#8221; global_colors_info=&#8221;{}&#8221; theme_builder_area=&#8221;post_content&#8221;][et_pb_text _builder_version=&#8221;4.19.4&#8243; _module_preset=&#8221;default&#8221; text_text_color=&#8221;#FFFFFF&#8221; text_font_size=&#8221;18px&#8221; header_text_color=&#8221;#FDFCFA&#8221; text_orientation=&#8221;center&#8221; custom_padding=&#8221;3vw||3vw||true|false&#8221; hover_enabled=&#8221;0&#8243; global_colors_info=&#8221;{}&#8221; theme_builder_area=&#8221;post_content&#8221; sticky_enabled=&#8221;0&#8243;]<\/p>\n<h1>\u4efb\u547d\u4e9e\u6d32\u7701\u653f\u5e9c<\/h1>\n<p>Graciela \u5728\u7b2c 12 \u865f\u901a\u51fd\u4e2d\u544a\u77e5\u6211\u5011\u9019\u4e00\u9ede  <\/p>\n<p>&nbsp;<\/p>\n<p>[\/et_pb_text][\/et_pb_column][\/et_pb_row][\/et_pb_section][et_pb_section fb_built=&#8221;1&#8243; _builder_version=&#8221;4.19.4&#8243; _module_preset=&#8221;default&#8221; custom_padding=&#8221;12vw||12vw||true|false&#8221; hover_enabled=&#8221;0&#8243; global_colors_info=&#8221;{}&#8221; theme_builder_area=&#8221;post_content&#8221; background_color=&#8221;#FDFCFA&#8221; sticky_enabled=&#8221;0&#8243;][et_pb_row _builder_version=&#8221;4.19.4&#8243; _module_preset=&#8221;default&#8221; global_colors_info=&#8221;{}&#8221; theme_builder_area=&#8221;post_content&#8221;][et_pb_column type=&#8221;4_4&#8243; _builder_version=&#8221;4.19.4&#8243; _module_preset=&#8221;default&#8221; global_colors_info=&#8221;{}&#8221; theme_builder_area=&#8221;post_content&#8221;][et_pb_text _builder_version=&#8221;4.19.4&#8243; _module_preset=&#8221;default&#8221; text_text_color=&#8221;#364F7D&#8221; text_font_size=&#8221;1.4em&#8221; text_line_height=&#8221;1.6em&#8221; text_orientation=&#8221;center&#8221; max_width=&#8221;800px&#8221; module_alignment=&#8221;center&#8221; hover_enabled=&#8221;0&#8243; global_colors_info=&#8221;{}&#8221; theme_builder_area=&#8221;post_content&#8221; sticky_enabled=&#8221;0&#8243;]<\/p>\n<p>\u7701\u7d1a\u4e0a\u7d1a\uff1a Br. Sofia Chang<br \/>\u7b2c\u4e00\u59d4\u54e1\uff1a\u5f90\u82e5\u9a4a\u4fee\u5973<br \/>\u7b2c\u4e8c\u7406\u4e8b\uff1a\u5f35\u746a\u683c\u9054<br \/>\u7b2c\u4e09\u4efb\u7406\u4e8b\uff1aMar\u00eda Josefa Wang\u4fee\u5973<br \/>\u7b2c\u56db\u5c46\u7406\u4e8b\uff1a Br. Petra Wu<\/p>\n<p>[\/et_pb_text][\/et_pb_column][\/et_pb_row][\/et_pb_section]<\/p>\n","protected":false},"excerpt":{"rendered":"<p>\u4efb\u547d\u4e9e\u6d32\u7701\u653f\u5e9c Graciela \u5728\u7b2c 12 \u865f\u901a\u51fd\u4e2d\u544a\u77e5\u6211\u5011\u9019\u4e00\u9ede &nbsp;\u7701\u7d1a\u4e0a\u7d1a\uff1a Br. Sofi [&hellip;]<\/p>\n","protected":false},"author":1,"featured_media":0,"parent":0,"menu_order":0,"comment_status":"closed","ping_status":"closed","template":"","meta":{"_et_pb_use_builder":"on","_et_pb_old_content":"","_et_gb_content_width":"","footnotes":"","_links_to":"","_links_to_target":""},"class_list":["post-39933","page","type-page","status-publish","hentry"],"yoast_head":"<!-- This site is optimized with the Yoast SEO plugin v27.5 - https:\/\/yoast.com\/product\/yoast-seo-wordpress\/ -->\n<title>\u4efb\u547d\u4e9e\u6d32\u7701\u653f\u5e9c - Hijas de Jes\u00fas<\/title>\n<meta name=\"robots\" content=\"index, follow, max-snippet:-1, max-image-preview:large, max-video-preview:-1\" \/>\n<link rel=\"canonical\" href=\"https:\/\/hijasdejesus.org\/zh-hant\/%e4%bb%bb%e5%91%bd%e4%ba%9e%e6%b4%b2%e7%9c%81%e6%94%bf%e5%ba%9c\/\" \/>\n<meta property=\"og:locale\" content=\"zh_TW\" \/>\n<meta property=\"og:type\" content=\"article\" \/>\n<meta property=\"og:title\" content=\"\u4efb\u547d\u4e9e\u6d32\u7701\u653f\u5e9c - Hijas de Jes\u00fas\" \/>\n<meta property=\"og:description\" content=\"\u4efb\u547d\u4e9e\u6d32\u7701\u653f\u5e9c Graciela \u5728\u7b2c 12 \u865f\u901a\u51fd\u4e2d\u544a\u77e5\u6211\u5011\u9019\u4e00\u9ede &nbsp;\u7701\u7d1a\u4e0a\u7d1a\uff1a Br. Sofi [&hellip;]\" \/>\n<meta property=\"og:url\" content=\"https:\/\/hijasdejesus.org\/zh-hant\/%e4%bb%bb%e5%91%bd%e4%ba%9e%e6%b4%b2%e7%9c%81%e6%94%bf%e5%ba%9c\/\" \/>\n<meta property=\"og:site_name\" content=\"Hijas de Jes\u00fas\" \/>\n<meta property=\"article:publisher\" content=\"https:\/\/www.facebook.com\/hijasdejesusenelmundo\/\" \/>\n<meta property=\"article:modified_time\" content=\"2024-07-04T11:02:37+00:00\" \/>\n<meta name=\"twitter:card\" content=\"summary_large_image\" \/>\n<meta name=\"twitter:site\" content=\"@hijasdjesus\" \/>\n<meta name=\"twitter:label1\" content=\"\u9810\u4f30\u95b1\u8b80\u6642\u9593\" \/>\n\t<meta name=\"twitter:data1\" content=\"1 \u5206\u9418\" \/>\n<script type=\"application\/ld+json\" class=\"yoast-schema-graph\">{\"@context\":\"https:\\\/\\\/schema.org\",\"@graph\":[{\"@type\":\"WebPage\",\"@id\":\"https:\\\/\\\/hijasdejesus.org\\\/zh-hant\\\/%e4%bb%bb%e5%91%bd%e4%ba%9e%e6%b4%b2%e7%9c%81%e6%94%bf%e5%ba%9c\\\/\",\"url\":\"https:\\\/\\\/hijasdejesus.org\\\/zh-hant\\\/%e4%bb%bb%e5%91%bd%e4%ba%9e%e6%b4%b2%e7%9c%81%e6%94%bf%e5%ba%9c\\\/\",\"name\":\"\u4efb\u547d\u4e9e\u6d32\u7701\u653f\u5e9c - Hijas de Jes\u00fas\",\"isPartOf\":{\"@id\":\"https:\\\/\\\/hijasdejesus.org\\\/zh-hant\\\/#website\"},\"datePublished\":\"2023-01-23T18:36:01+00:00\",\"dateModified\":\"2024-07-04T11:02:37+00:00\",\"breadcrumb\":{\"@id\":\"https:\\\/\\\/hijasdejesus.org\\\/zh-hant\\\/%e4%bb%bb%e5%91%bd%e4%ba%9e%e6%b4%b2%e7%9c%81%e6%94%bf%e5%ba%9c\\\/#breadcrumb\"},\"inLanguage\":\"zh-TW\",\"potentialAction\":[{\"@type\":\"ReadAction\",\"target\":[\"https:\\\/\\\/hijasdejesus.org\\\/zh-hant\\\/%e4%bb%bb%e5%91%bd%e4%ba%9e%e6%b4%b2%e7%9c%81%e6%94%bf%e5%ba%9c\\\/\"]}]},{\"@type\":\"BreadcrumbList\",\"@id\":\"https:\\\/\\\/hijasdejesus.org\\\/zh-hant\\\/%e4%bb%bb%e5%91%bd%e4%ba%9e%e6%b4%b2%e7%9c%81%e6%94%bf%e5%ba%9c\\\/#breadcrumb\",\"itemListElement\":[{\"@type\":\"ListItem\",\"position\":1,\"name\":\"Portada\",\"item\":\"https:\\\/\\\/hijasdejesus.org\\\/zh-hant\\\/%e8%80%b6%e7%a9%8c%e7%9a%84%e5%a5%b3%e5%85%92%e5%80%91\\\/\"},{\"@type\":\"ListItem\",\"position\":2,\"name\":\"\u4efb\u547d\u4e9e\u6d32\u7701\u653f\u5e9c\"}]},{\"@type\":\"WebSite\",\"@id\":\"https:\\\/\\\/hijasdejesus.org\\\/zh-hant\\\/#website\",\"url\":\"https:\\\/\\\/hijasdejesus.org\\\/zh-hant\\\/\",\"name\":\"Hijas de Jes\u00fas\",\"description\":\"Despertamos a Jes\u00fas en el coraz\u00f3n, sacando lo mejor de las personas. Somos una congregaci\u00f3n religiosa ignaciana fundada por la Madre Candida\",\"publisher\":{\"@id\":\"https:\\\/\\\/hijasdejesus.org\\\/zh-hant\\\/#organization\"},\"potentialAction\":[{\"@type\":\"SearchAction\",\"target\":{\"@type\":\"EntryPoint\",\"urlTemplate\":\"https:\\\/\\\/hijasdejesus.org\\\/zh-hant\\\/?s={search_term_string}\"},\"query-input\":{\"@type\":\"PropertyValueSpecification\",\"valueRequired\":true,\"valueName\":\"search_term_string\"}}],\"inLanguage\":\"zh-TW\"},{\"@type\":\"Organization\",\"@id\":\"https:\\\/\\\/hijasdejesus.org\\\/zh-hant\\\/#organization\",\"name\":\"Hijas de Jes\u00fas\",\"url\":\"https:\\\/\\\/hijasdejesus.org\\\/zh-hant\\\/\",\"logo\":{\"@type\":\"ImageObject\",\"inLanguage\":\"zh-TW\",\"@id\":\"https:\\\/\\\/hijasdejesus.org\\\/zh-hant\\\/#\\\/schema\\\/logo\\\/image\\\/\",\"url\":\"https:\\\/\\\/hijasdejesus.org\\\/wp-content\\\/uploads\\\/2023\\\/01\\\/Hijas-de-Jesus_hor-A7C957.png\",\"contentUrl\":\"https:\\\/\\\/hijasdejesus.org\\\/wp-content\\\/uploads\\\/2023\\\/01\\\/Hijas-de-Jesus_hor-A7C957.png\",\"width\":700,\"height\":360,\"caption\":\"Hijas de Jes\u00fas\"},\"image\":{\"@id\":\"https:\\\/\\\/hijasdejesus.org\\\/zh-hant\\\/#\\\/schema\\\/logo\\\/image\\\/\"},\"sameAs\":[\"https:\\\/\\\/www.facebook.com\\\/hijasdejesusenelmundo\\\/\",\"https:\\\/\\\/x.com\\\/hijasdjesus\"]}]}<\/script>\n<!-- \/ Yoast SEO plugin. -->","yoast_head_json":{"title":"\u4efb\u547d\u4e9e\u6d32\u7701\u653f\u5e9c - Hijas de Jes\u00fas","robots":{"index":"index","follow":"follow","max-snippet":"max-snippet:-1","max-image-preview":"max-image-preview:large","max-video-preview":"max-video-preview:-1"},"canonical":"https:\/\/hijasdejesus.org\/zh-hant\/%e4%bb%bb%e5%91%bd%e4%ba%9e%e6%b4%b2%e7%9c%81%e6%94%bf%e5%ba%9c\/","og_locale":"zh_TW","og_type":"article","og_title":"\u4efb\u547d\u4e9e\u6d32\u7701\u653f\u5e9c - Hijas de Jes\u00fas","og_description":"\u4efb\u547d\u4e9e\u6d32\u7701\u653f\u5e9c Graciela \u5728\u7b2c 12 \u865f\u901a\u51fd\u4e2d\u544a\u77e5\u6211\u5011\u9019\u4e00\u9ede &nbsp;\u7701\u7d1a\u4e0a\u7d1a\uff1a Br. Sofi [&hellip;]","og_url":"https:\/\/hijasdejesus.org\/zh-hant\/%e4%bb%bb%e5%91%bd%e4%ba%9e%e6%b4%b2%e7%9c%81%e6%94%bf%e5%ba%9c\/","og_site_name":"Hijas de Jes\u00fas","article_publisher":"https:\/\/www.facebook.com\/hijasdejesusenelmundo\/","article_modified_time":"2024-07-04T11:02:37+00:00","twitter_card":"summary_large_image","twitter_site":"@hijasdjesus","twitter_misc":{"\u9810\u4f30\u95b1\u8b80\u6642\u9593":"1 \u5206\u9418"},"schema":{"@context":"https:\/\/schema.org","@graph":[{"@type":"WebPage","@id":"https:\/\/hijasdejesus.org\/zh-hant\/%e4%bb%bb%e5%91%bd%e4%ba%9e%e6%b4%b2%e7%9c%81%e6%94%bf%e5%ba%9c\/","url":"https:\/\/hijasdejesus.org\/zh-hant\/%e4%bb%bb%e5%91%bd%e4%ba%9e%e6%b4%b2%e7%9c%81%e6%94%bf%e5%ba%9c\/","name":"\u4efb\u547d\u4e9e\u6d32\u7701\u653f\u5e9c - Hijas de Jes\u00fas","isPartOf":{"@id":"https:\/\/hijasdejesus.org\/zh-hant\/#website"},"datePublished":"2023-01-23T18:36:01+00:00","dateModified":"2024-07-04T11:02:37+00:00","breadcrumb":{"@id":"https:\/\/hijasdejesus.org\/zh-hant\/%e4%bb%bb%e5%91%bd%e4%ba%9e%e6%b4%b2%e7%9c%81%e6%94%bf%e5%ba%9c\/#breadcrumb"},"inLanguage":"zh-TW","potentialAction":[{"@type":"ReadAction","target":["https:\/\/hijasdejesus.org\/zh-hant\/%e4%bb%bb%e5%91%bd%e4%ba%9e%e6%b4%b2%e7%9c%81%e6%94%bf%e5%ba%9c\/"]}]},{"@type":"BreadcrumbList","@id":"https:\/\/hijasdejesus.org\/zh-hant\/%e4%bb%bb%e5%91%bd%e4%ba%9e%e6%b4%b2%e7%9c%81%e6%94%bf%e5%ba%9c\/#breadcrumb","itemListElement":[{"@type":"ListItem","position":1,"name":"Portada","item":"https:\/\/hijasdejesus.org\/zh-hant\/%e8%80%b6%e7%a9%8c%e7%9a%84%e5%a5%b3%e5%85%92%e5%80%91\/"},{"@type":"ListItem","position":2,"name":"\u4efb\u547d\u4e9e\u6d32\u7701\u653f\u5e9c"}]},{"@type":"WebSite","@id":"https:\/\/hijasdejesus.org\/zh-hant\/#website","url":"https:\/\/hijasdejesus.org\/zh-hant\/","name":"Hijas de Jes\u00fas","description":"Despertamos a Jes\u00fas en el coraz\u00f3n, sacando lo mejor de las personas. Somos una congregaci\u00f3n religiosa ignaciana fundada por la Madre Candida","publisher":{"@id":"https:\/\/hijasdejesus.org\/zh-hant\/#organization"},"potentialAction":[{"@type":"SearchAction","target":{"@type":"EntryPoint","urlTemplate":"https:\/\/hijasdejesus.org\/zh-hant\/?s={search_term_string}"},"query-input":{"@type":"PropertyValueSpecification","valueRequired":true,"valueName":"search_term_string"}}],"inLanguage":"zh-TW"},{"@type":"Organization","@id":"https:\/\/hijasdejesus.org\/zh-hant\/#organization","name":"Hijas de Jes\u00fas","url":"https:\/\/hijasdejesus.org\/zh-hant\/","logo":{"@type":"ImageObject","inLanguage":"zh-TW","@id":"https:\/\/hijasdejesus.org\/zh-hant\/#\/schema\/logo\/image\/","url":"https:\/\/hijasdejesus.org\/wp-content\/uploads\/2023\/01\/Hijas-de-Jesus_hor-A7C957.png","contentUrl":"https:\/\/hijasdejesus.org\/wp-content\/uploads\/2023\/01\/Hijas-de-Jesus_hor-A7C957.png","width":700,"height":360,"caption":"Hijas de Jes\u00fas"},"image":{"@id":"https:\/\/hijasdejesus.org\/zh-hant\/#\/schema\/logo\/image\/"},"sameAs":["https:\/\/www.facebook.com\/hijasdejesusenelmundo\/","https:\/\/x.com\/hijasdjesus"]}]}},"_links":{"self":[{"href":"https:\/\/hijasdejesus.org\/zh-hant\/wp-json\/wp\/v2\/pages\/39933","targetHints":{"allow":["GET"]}}],"collection":[{"href":"https:\/\/hijasdejesus.org\/zh-hant\/wp-json\/wp\/v2\/pages"}],"about":[{"href":"https:\/\/hijasdejesus.org\/zh-hant\/wp-json\/wp\/v2\/types\/page"}],"author":[{"embeddable":true,"href":"https:\/\/hijasdejesus.org\/zh-hant\/wp-json\/wp\/v2\/users\/1"}],"replies":[{"embeddable":true,"href":"https:\/\/hijasdejesus.org\/zh-hant\/wp-json\/wp\/v2\/comments?post=39933"}],"version-history":[{"count":2,"href":"https:\/\/hijasdejesus.org\/zh-hant\/wp-json\/wp\/v2\/pages\/39933\/revisions"}],"predecessor-version":[{"id":39935,"href":"https:\/\/hijasdejesus.org\/zh-hant\/wp-json\/wp\/v2\/pages\/39933\/revisions\/39935"}],"wp:attachment":[{"href":"https:\/\/hijasdejesus.org\/zh-hant\/wp-json\/wp\/v2\/media?parent=39933"}],"curies":[{"name":"wp","href":"https:\/\/api.w.org\/{rel}","templated":true}]}}