{"id":39937,"date":"2023-04-04T09:56:12","date_gmt":"2023-04-04T07:56:12","guid":{"rendered":"https:\/\/hijasdejesus.org\/%e8%ad%b0%e7%a8%8b\/"},"modified":"2024-07-04T13:02:38","modified_gmt":"2024-07-04T11:02:38","slug":"%e8%ad%b0%e7%a8%8b","status":"publish","type":"page","link":"https:\/\/hijasdejesus.org\/zh-hant\/%e8%ad%b0%e7%a8%8b\/","title":{"rendered":"\u8b70\u7a0b"},"content":{"rendered":"<p>[et_pb_section admin_label=&#8221;section&#8221;]<br \/>\n\t\t\t[et_pb_row admin_label=&#8221;\u6392&#8221;]<br \/>\n\t\t\t\t[et_pb_column type=&#8221;4_4&#8243;][et_pb_text admin_label=&#8221;Text&#8221;]<\/p>\n\n<div class=\"mec-wrap mec-skin-list-container  \" id=\"mec_skin_33404\">\r\n\r\n    \r\n            <div class=\"mec-skin-list-events-container\" id=\"mec_skin_events_33404\">\r\n        <div class=\"mec-wrap colorskin-custom\">\r\n\t<div class=\"mec-event-list-standard\">\r\n\t\t\r\n                        <div class=\"mec-month-divider\" data-toggle-divider=\"mec-toggle-202605-33404\"><h5 style=\"display: inline;\">5 \u6708 2026<\/h5><i class=\"mec-sl-arrow-down\"><\/i><\/div>\r\n            \r\n                        <article class=\"mec-past-event mec-event-article  mec-clear  mec-divider-toggle mec-toggle-202605-33404\" itemscope>\r\n                                                        <div class=\"mec-topsec\">\r\n                    \r\n                        <div class=\"col-md-9 mec-col-table-c mec-event-content-wrap\">\r\n                            <div class=\"mec-event-content\">\r\n                                                                                                <h3 class=\"mec-event-title\"><a class=\"mec-color-hover\" data-event-id=\"43406\" href=\"https:\/\/hijasdejesus.org\/zh-hant\/events\/%e7%b4%80%e5%bf%b5%e5%9d%8e%e8%bf%aa%e9%81%94%c2%b7%e7%91%aa%e9%ba%97%e4%ba%9e%c2%b7%e5%be%b7%c2%b7%e8%b5%ab%e8%98%87%e6%96%af%e5%92%8c%e7%91%aa%e9%ba%97%e4%ba%9e%c2%b7%e5%ae%89%e6%9d%b1%e5%b0%bc\/\" target=\"_blank\" rel=\"noopener\">\u7d00\u5ff5\u574e\u8fea\u9054\u00b7\u746a\u9e97\u4e9e\u00b7\u5fb7\u00b7\u8d6b\u8607\u65af\u548c\u746a\u9e97\u4e9e\u00b7\u5b89\u6771\u5c3c\u5a6d\u00b7\u73ed\u5fb7\u65af\u7684\u771f\u798f<\/a><span class=\"event-color\" style=\"background: #8ac926\"><\/span><\/h3>\r\n                                <div class=\"mec-event-description\">1996 \u5e74 5 \u6708 12 \u65e5\u7684\u771f\u798f\u662f\u4e00\u500b\u6069\u5178\u7684\u6642\u523b\uff0c\u662f\u4e3b\u7684\u4e00\u6b65\uff0c\u4e0d\u50c5\u5c0d\u6211\u5011\u8036\u7a4c\u7684\u5973\u5152\u5011\uff0c\u800c\u4e14\u5c0d\u8a31\u591a\u4eba\u4f86\u8aaa\uff0c\u5979 [&hellip;]<\/div>\r\n                            <\/div>\r\n                        <\/div>\r\n                        <div class=\"col-md-3 mec-col-table-c mec-event-meta-wrap\">\r\n                            <div class=\"mec-event-meta mec-color-before\">\r\n                                <div class=\"mec-date-details\">\r\n                                                                            <span class=\"mec-event-d\"><i class=\"mec-sl-calendar\"><\/i><span class=\"mec-start-date-label\">12 5 \u6708<\/span><span class=\"mec-end-date-label\" itemprop=\"endDate\"> - 13 10 \u6708<\/span><\/span>\r\n                                                                    <\/div>\r\n                                                                <div class=\"mec-time-details\"><svg xmlns=\"http:\/\/www.w3.org\/2000\/svg\" width=\"16\" height=\"16\" viewBox=\"0 0 16 16\"><path id=\"clock\" d=\"M8,16a8,8,0,1,1,8-8A8.009,8.009,0,0,1,8,16ZM8,1.333A6.667,6.667,0,1,0,14.667,8,6.674,6.674,0,0,0,8,1.333Zm2.667,10a.665.665,0,0,1-.471-.2L7.529,8.471a.666.666,0,0,1-.144-.217A.673.673,0,0,1,7.333,8V3.333a.667.667,0,1,1,1.333,0V7.724L11.138,10.2a.667.667,0,0,1-.471,1.138Z\" fill=\"#60daf2\" \/><\/svg><span class=\"mec-start-time\">All Day<\/span><\/div>                                                                                                                                                                                                \r\n                                <!--                                -->                            <\/div>\r\n                        <\/div>\r\n                    <\/div>\r\n                    <div class=\"mec-event-footer\">\r\n                                                <ul class=\"mec-event-sharing-wrap\">\r\n                            <li class=\"mec-event-share\">\r\n                                <a href=\"#\" class=\"mec-event-share-icon\">\r\n                                    <i class=\"mec-sl-share\" title=\"Share\" alt=\"Share\"><\/i>\r\n                                <\/a>\r\n                            <\/li>\r\n                            <li>\r\n                                <ul class=\"mec-event-sharing\">\r\n                                    <li class=\"mec-event-social-icon\"><a class=\"facebook\" href=\"https:\/\/www.facebook.com\/sharer\/sharer.php?u=https%3A%2F%2Fhijasdejesus.org%2Fzh-hant%2Fevents%2F%25e7%25b4%2580%25e5%25bf%25b5%25e5%259d%258e%25e8%25bf%25aa%25e9%2581%2594%25c2%25b7%25e7%2591%25aa%25e9%25ba%2597%25e4%25ba%259e%25c2%25b7%25e5%25be%25b7%25c2%25b7%25e8%25b5%25ab%25e8%2598%2587%25e6%2596%25af%25e5%2592%258c%25e7%2591%25aa%25e9%25ba%2597%25e4%25ba%259e%25c2%25b7%25e5%25ae%2589%25e6%259d%25b1%25e5%25b0%25bc%2F\" onclick=\"javascript:window.open(this.href, '', 'menubar=no,toolbar=no,resizable=yes,scrollbars=yes,height=500,width=600'); return false;\" target=\"_blank\" title=\"Share on Facebook\"><i class=\"mec-fa-facebook\"><\/i><span class=\"mec-social-title\">Facebook<\/span><\/a><\/li><li class=\"mec-event-social-icon\"><a class=\"twitter\" href=\"https:\/\/x.com\/intent\/tweet?url=https%3A%2F%2Fhijasdejesus.org%2Fzh-hant%2Fevents%2F%25e7%25b4%2580%25e5%25bf%25b5%25e5%259d%258e%25e8%25bf%25aa%25e9%2581%2594%25c2%25b7%25e7%2591%25aa%25e9%25ba%2597%25e4%25ba%259e%25c2%25b7%25e5%25be%25b7%25c2%25b7%25e8%25b5%25ab%25e8%2598%2587%25e6%2596%25af%25e5%2592%258c%25e7%2591%25aa%25e9%25ba%2597%25e4%25ba%259e%25c2%25b7%25e5%25ae%2589%25e6%259d%25b1%25e5%25b0%25bc%2F\" onclick=\"javascript:window.open(this.href, '', 'menubar=no,toolbar=no,resizable=yes,scrollbars=yes,height=600,width=500'); return false;\" target=\"_blank\" title=\"X Social Network\"><svg xmlns=\"http:\/\/www.w3.org\/2000\/svg\" shape-rendering=\"geometricPrecision\" text-rendering=\"geometricPrecision\" image-rendering=\"optimizeQuality\" fill-rule=\"evenodd\" clip-rule=\"evenodd\" viewBox=\"0 0 512 462.799\"><path fill-rule=\"nonzero\" d=\"M403.229 0h78.506L310.219 196.04 512 462.799H354.002L230.261 301.007 88.669 462.799h-78.56l183.455-209.683L0 0h161.999l111.856 147.88L403.229 0zm-27.556 415.805h43.505L138.363 44.527h-46.68l283.99 371.278z\"\/><\/svg><span class=\"mec-social-title\">Twitter<\/span><\/a><\/li><li class=\"mec-event-social-icon\"><a class=\"linkedin\" href=\"https:\/\/www.linkedin.com\/shareArticle?mini=true&url=https%3A%2F%2Fhijasdejesus.org%2Fzh-hant%2Fevents%2F%25e7%25b4%2580%25e5%25bf%25b5%25e5%259d%258e%25e8%25bf%25aa%25e9%2581%2594%25c2%25b7%25e7%2591%25aa%25e9%25ba%2597%25e4%25ba%259e%25c2%25b7%25e5%25be%25b7%25c2%25b7%25e8%25b5%25ab%25e8%2598%2587%25e6%2596%25af%25e5%2592%258c%25e7%2591%25aa%25e9%25ba%2597%25e4%25ba%259e%25c2%25b7%25e5%25ae%2589%25e6%259d%25b1%25e5%25b0%25bc%2F\" onclick=\"javascript:window.open(this.href, '', 'menubar=no,toolbar=no,resizable=yes,scrollbars=yes,height=600,width=500'); return false;\" target=\"_blank\" title=\"Linkedin\"><i class=\"mec-fa-linkedin\"><\/i><span class=\"mec-social-title\">Linkedin<\/span><\/a><\/li><li class=\"mec-event-social-icon\"><a class=\"email\" href=\"mailto:?subject=%E7%B4%80%E5%BF%B5%E5%9D%8E%E8%BF%AA%E9%81%94%C2%B7%E7%91%AA%E9%BA%97%E4%BA%9E%C2%B7%E5%BE%B7%C2%B7%E8%B5%AB%E8%98%87%E6%96%AF%E5%92%8C%E7%91%AA%E9%BA%97%E4%BA%9E%C2%B7%E5%AE%89%E6%9D%B1%E5%B0%BC%E5%A9%AD%C2%B7%E7%8F%AD%E5%BE%B7%E6%96%AF%E7%9A%84%E7%9C%9F%E7%A6%8F&body=https%3A%2F%2Fhijasdejesus.org%2Fzh-hant%2Fevents%2F%25e7%25b4%2580%25e5%25bf%25b5%25e5%259d%258e%25e8%25bf%25aa%25e9%2581%2594%25c2%25b7%25e7%2591%25aa%25e9%25ba%2597%25e4%25ba%259e%25c2%25b7%25e5%25be%25b7%25c2%25b7%25e8%25b5%25ab%25e8%2598%2587%25e6%2596%25af%25e5%2592%258c%25e7%2591%25aa%25e9%25ba%2597%25e4%25ba%259e%25c2%25b7%25e5%25ae%2589%25e6%259d%25b1%25e5%25b0%25bc%2F\" title=\"Email\"><i class=\"mec-fa-envelope\"><\/i><span class=\"mec-social-title\">Email<\/span><\/a><\/li>                                <\/ul>\r\n                            <\/li>\r\n                        <\/ul>\r\n                                                                                                                        <a class=\"mec-booking-button\" data-event-id=\"43406\" href=\"https:\/\/hijasdejesus.org\/zh-hant\/events\/%e7%b4%80%e5%bf%b5%e5%9d%8e%e8%bf%aa%e9%81%94%c2%b7%e7%91%aa%e9%ba%97%e4%ba%9e%c2%b7%e5%be%b7%c2%b7%e8%b5%ab%e8%98%87%e6%96%af%e5%92%8c%e7%91%aa%e9%ba%97%e4%ba%9e%c2%b7%e5%ae%89%e6%9d%b1%e5%b0%bc\/\" target=\"_blank\" rel=\"noopener\">View Detail<\/a>                    <\/div>\r\n                            <\/article>\r\n            \t\t\t<\/div>\r\n<\/div>\r\n\r\n    <\/div>\r\n    <div class=\"mec-skin-list-no-events-container mec-util-hidden\" id=\"mec_skin_no_events_33404\">\r\n        No event found!    <\/div>\r\n    \r\n    <div class=\"mec-load-more-wrap\">\r\n                <div tabindex=\"0\" onkeydown=\"if(event.keyCode===13){jQuery(this).trigger('click');}\" class=\"mec-load-more-button \">Load More<\/div>\r\n            <\/div>\r\n<\/div>\r\n\n<p>[\/et_pb_text][\/et_pb_column]<br \/>\n\t\t\t[\/et_pb_row]<br \/>\n\t\t[\/et_pb_section]<\/p>\n","protected":false},"excerpt":{"rendered":"<p>[et_pb_section admin_label=&#8221;section&#8221;] [et_p [&hellip;]<\/p>\n","protected":false},"author":1,"featured_media":0,"parent":0,"menu_order":0,"comment_status":"closed","ping_status":"closed","template":"","meta":{"_et_pb_use_builder":"on","_et_pb_old_content":"","_et_gb_content_width":"","footnotes":"","_links_to":"","_links_to_target":""},"class_list":["post-39937","page","type-page","status-publish","hentry"],"yoast_head":"<!-- This site is optimized with the Yoast SEO plugin v27.5 - https:\/\/yoast.com\/product\/yoast-seo-wordpress\/ -->\n<title>\u8b70\u7a0b - Hijas de Jes\u00fas<\/title>\n<meta name=\"robots\" content=\"index, follow, max-snippet:-1, max-image-preview:large, max-video-preview:-1\" \/>\n<link rel=\"canonical\" href=\"https:\/\/hijasdejesus.org\/zh-hant\/%e8%ad%b0%e7%a8%8b\/\" \/>\n<meta property=\"og:locale\" content=\"zh_TW\" \/>\n<meta property=\"og:type\" content=\"article\" \/>\n<meta property=\"og:title\" content=\"\u8b70\u7a0b - Hijas de Jes\u00fas\" \/>\n<meta property=\"og:description\" content=\"[et_pb_section admin_label=&#8221;section&#8221;] [et_p [&hellip;]\" \/>\n<meta property=\"og:url\" content=\"https:\/\/hijasdejesus.org\/zh-hant\/%e8%ad%b0%e7%a8%8b\/\" \/>\n<meta property=\"og:site_name\" content=\"Hijas de Jes\u00fas\" \/>\n<meta property=\"article:publisher\" content=\"https:\/\/www.facebook.com\/hijasdejesusenelmundo\/\" \/>\n<meta property=\"article:modified_time\" content=\"2024-07-04T11:02:38+00:00\" \/>\n<meta name=\"twitter:card\" content=\"summary_large_image\" \/>\n<meta name=\"twitter:site\" content=\"@hijasdjesus\" \/>\n<script type=\"application\/ld+json\" class=\"yoast-schema-graph\">{\"@context\":\"https:\\\/\\\/schema.org\",\"@graph\":[{\"@type\":\"WebPage\",\"@id\":\"https:\\\/\\\/hijasdejesus.org\\\/zh-hant\\\/%e8%ad%b0%e7%a8%8b\\\/\",\"url\":\"https:\\\/\\\/hijasdejesus.org\\\/zh-hant\\\/%e8%ad%b0%e7%a8%8b\\\/\",\"name\":\"\u8b70\u7a0b - Hijas de Jes\u00fas\",\"isPartOf\":{\"@id\":\"https:\\\/\\\/hijasdejesus.org\\\/zh-hant\\\/#website\"},\"datePublished\":\"2023-04-04T07:56:12+00:00\",\"dateModified\":\"2024-07-04T11:02:38+00:00\",\"breadcrumb\":{\"@id\":\"https:\\\/\\\/hijasdejesus.org\\\/zh-hant\\\/%e8%ad%b0%e7%a8%8b\\\/#breadcrumb\"},\"inLanguage\":\"zh-TW\",\"potentialAction\":[{\"@type\":\"ReadAction\",\"target\":[\"https:\\\/\\\/hijasdejesus.org\\\/zh-hant\\\/%e8%ad%b0%e7%a8%8b\\\/\"]}]},{\"@type\":\"BreadcrumbList\",\"@id\":\"https:\\\/\\\/hijasdejesus.org\\\/zh-hant\\\/%e8%ad%b0%e7%a8%8b\\\/#breadcrumb\",\"itemListElement\":[{\"@type\":\"ListItem\",\"position\":1,\"name\":\"Portada\",\"item\":\"https:\\\/\\\/hijasdejesus.org\\\/zh-hant\\\/\"},{\"@type\":\"ListItem\",\"position\":2,\"name\":\"\u8b70\u7a0b\"}]},{\"@type\":\"WebSite\",\"@id\":\"https:\\\/\\\/hijasdejesus.org\\\/zh-hant\\\/#website\",\"url\":\"https:\\\/\\\/hijasdejesus.org\\\/zh-hant\\\/\",\"name\":\"Hijas de Jes\u00fas\",\"description\":\"Despertamos a Jes\u00fas en el coraz\u00f3n, sacando lo mejor de las personas. Somos una congregaci\u00f3n religiosa ignaciana fundada por la Madre Candida\",\"publisher\":{\"@id\":\"https:\\\/\\\/hijasdejesus.org\\\/zh-hant\\\/#organization\"},\"potentialAction\":[{\"@type\":\"SearchAction\",\"target\":{\"@type\":\"EntryPoint\",\"urlTemplate\":\"https:\\\/\\\/hijasdejesus.org\\\/zh-hant\\\/?s={search_term_string}\"},\"query-input\":{\"@type\":\"PropertyValueSpecification\",\"valueRequired\":true,\"valueName\":\"search_term_string\"}}],\"inLanguage\":\"zh-TW\"},{\"@type\":\"Organization\",\"@id\":\"https:\\\/\\\/hijasdejesus.org\\\/zh-hant\\\/#organization\",\"name\":\"Hijas de Jes\u00fas\",\"url\":\"https:\\\/\\\/hijasdejesus.org\\\/zh-hant\\\/\",\"logo\":{\"@type\":\"ImageObject\",\"inLanguage\":\"zh-TW\",\"@id\":\"https:\\\/\\\/hijasdejesus.org\\\/zh-hant\\\/#\\\/schema\\\/logo\\\/image\\\/\",\"url\":\"https:\\\/\\\/hijasdejesus.org\\\/wp-content\\\/uploads\\\/2023\\\/01\\\/Hijas-de-Jesus_hor-A7C957.png\",\"contentUrl\":\"https:\\\/\\\/hijasdejesus.org\\\/wp-content\\\/uploads\\\/2023\\\/01\\\/Hijas-de-Jesus_hor-A7C957.png\",\"width\":700,\"height\":360,\"caption\":\"Hijas de Jes\u00fas\"},\"image\":{\"@id\":\"https:\\\/\\\/hijasdejesus.org\\\/zh-hant\\\/#\\\/schema\\\/logo\\\/image\\\/\"},\"sameAs\":[\"https:\\\/\\\/www.facebook.com\\\/hijasdejesusenelmundo\\\/\",\"https:\\\/\\\/x.com\\\/hijasdjesus\"]}]}<\/script>\n<!-- \/ Yoast SEO plugin. -->","yoast_head_json":{"title":"\u8b70\u7a0b - Hijas de Jes\u00fas","robots":{"index":"index","follow":"follow","max-snippet":"max-snippet:-1","max-image-preview":"max-image-preview:large","max-video-preview":"max-video-preview:-1"},"canonical":"https:\/\/hijasdejesus.org\/zh-hant\/%e8%ad%b0%e7%a8%8b\/","og_locale":"zh_TW","og_type":"article","og_title":"\u8b70\u7a0b - Hijas de Jes\u00fas","og_description":"[et_pb_section admin_label=&#8221;section&#8221;] [et_p [&hellip;]","og_url":"https:\/\/hijasdejesus.org\/zh-hant\/%e8%ad%b0%e7%a8%8b\/","og_site_name":"Hijas de Jes\u00fas","article_publisher":"https:\/\/www.facebook.com\/hijasdejesusenelmundo\/","article_modified_time":"2024-07-04T11:02:38+00:00","twitter_card":"summary_large_image","twitter_site":"@hijasdjesus","schema":{"@context":"https:\/\/schema.org","@graph":[{"@type":"WebPage","@id":"https:\/\/hijasdejesus.org\/zh-hant\/%e8%ad%b0%e7%a8%8b\/","url":"https:\/\/hijasdejesus.org\/zh-hant\/%e8%ad%b0%e7%a8%8b\/","name":"\u8b70\u7a0b - Hijas de Jes\u00fas","isPartOf":{"@id":"https:\/\/hijasdejesus.org\/zh-hant\/#website"},"datePublished":"2023-04-04T07:56:12+00:00","dateModified":"2024-07-04T11:02:38+00:00","breadcrumb":{"@id":"https:\/\/hijasdejesus.org\/zh-hant\/%e8%ad%b0%e7%a8%8b\/#breadcrumb"},"inLanguage":"zh-TW","potentialAction":[{"@type":"ReadAction","target":["https:\/\/hijasdejesus.org\/zh-hant\/%e8%ad%b0%e7%a8%8b\/"]}]},{"@type":"BreadcrumbList","@id":"https:\/\/hijasdejesus.org\/zh-hant\/%e8%ad%b0%e7%a8%8b\/#breadcrumb","itemListElement":[{"@type":"ListItem","position":1,"name":"Portada","item":"https:\/\/hijasdejesus.org\/zh-hant\/"},{"@type":"ListItem","position":2,"name":"\u8b70\u7a0b"}]},{"@type":"WebSite","@id":"https:\/\/hijasdejesus.org\/zh-hant\/#website","url":"https:\/\/hijasdejesus.org\/zh-hant\/","name":"Hijas de Jes\u00fas","description":"Despertamos a Jes\u00fas en el coraz\u00f3n, sacando lo mejor de las personas. Somos una congregaci\u00f3n religiosa ignaciana fundada por la Madre Candida","publisher":{"@id":"https:\/\/hijasdejesus.org\/zh-hant\/#organization"},"potentialAction":[{"@type":"SearchAction","target":{"@type":"EntryPoint","urlTemplate":"https:\/\/hijasdejesus.org\/zh-hant\/?s={search_term_string}"},"query-input":{"@type":"PropertyValueSpecification","valueRequired":true,"valueName":"search_term_string"}}],"inLanguage":"zh-TW"},{"@type":"Organization","@id":"https:\/\/hijasdejesus.org\/zh-hant\/#organization","name":"Hijas de Jes\u00fas","url":"https:\/\/hijasdejesus.org\/zh-hant\/","logo":{"@type":"ImageObject","inLanguage":"zh-TW","@id":"https:\/\/hijasdejesus.org\/zh-hant\/#\/schema\/logo\/image\/","url":"https:\/\/hijasdejesus.org\/wp-content\/uploads\/2023\/01\/Hijas-de-Jesus_hor-A7C957.png","contentUrl":"https:\/\/hijasdejesus.org\/wp-content\/uploads\/2023\/01\/Hijas-de-Jesus_hor-A7C957.png","width":700,"height":360,"caption":"Hijas de Jes\u00fas"},"image":{"@id":"https:\/\/hijasdejesus.org\/zh-hant\/#\/schema\/logo\/image\/"},"sameAs":["https:\/\/www.facebook.com\/hijasdejesusenelmundo\/","https:\/\/x.com\/hijasdjesus"]}]}},"_links":{"self":[{"href":"https:\/\/hijasdejesus.org\/zh-hant\/wp-json\/wp\/v2\/pages\/39937","targetHints":{"allow":["GET"]}}],"collection":[{"href":"https:\/\/hijasdejesus.org\/zh-hant\/wp-json\/wp\/v2\/pages"}],"about":[{"href":"https:\/\/hijasdejesus.org\/zh-hant\/wp-json\/wp\/v2\/types\/page"}],"author":[{"embeddable":true,"href":"https:\/\/hijasdejesus.org\/zh-hant\/wp-json\/wp\/v2\/users\/1"}],"replies":[{"embeddable":true,"href":"https:\/\/hijasdejesus.org\/zh-hant\/wp-json\/wp\/v2\/comments?post=39937"}],"version-history":[{"count":1,"href":"https:\/\/hijasdejesus.org\/zh-hant\/wp-json\/wp\/v2\/pages\/39937\/revisions"}],"predecessor-version":[{"id":39941,"href":"https:\/\/hijasdejesus.org\/zh-hant\/wp-json\/wp\/v2\/pages\/39937\/revisions\/39941"}],"wp:attachment":[{"href":"https:\/\/hijasdejesus.org\/zh-hant\/wp-json\/wp\/v2\/media?parent=39937"}],"curies":[{"name":"wp","href":"https:\/\/api.w.org\/{rel}","templated":true}]}}