{"id":44713,"date":"2024-11-29T13:37:34","date_gmt":"2024-11-29T12:37:34","guid":{"rendered":"https:\/\/hijasdejesus.org\/%e6%a8%99%e8%aa%8c-gc-xix\/"},"modified":"2025-03-20T07:19:36","modified_gmt":"2025-03-20T06:19:36","slug":"%e6%a8%99%e8%aa%8c-gc-xix","status":"publish","type":"page","link":"https:\/\/hijasdejesus.org\/zh-hant\/%e7%ac%ac%e5%8d%81%e4%b9%9d%e5%b1%86%e7%b8%bd%e6%9c%83\/%e6%a8%99%e8%aa%8c-gc-xix\/","title":{"rendered":"\u6a19\u8a8c GC XIX"},"content":{"rendered":"<p>[et_pb_section fb_built=&#8221;1&#8243; make_equal=&#8221;on&#8221; specialty=&#8221;on&#8221; background_size_1=&#8221;contain&#8221; background_position_1=&#8221;bottom_left&#8221; _builder_version=&#8221;4.27.4&#8243; _module_preset=&#8221;default&#8221; background_color=&#8221;#364F7D&#8221; background_enable_image=&#8221;off&#8221; background_size=&#8221;contain&#8221; background_position=&#8221;center_left&#8221; background_blend=&#8221;soft-light&#8221; global_colors_info=&#8221;{}&#8221;][et_pb_column type=&#8221;1_2&#8243; _builder_version=&#8221;4.16&#8243; custom_padding=&#8221;|||&#8221; global_colors_info=&#8221;{}&#8221; custom_padding__hover=&#8221;|||&#8221;][et_pb_image src=&#8221;https:\/\/hijasdejesus.org\/wp-content\/uploads\/2023\/02\/logo-HdeJ-CGXIX_ESP_bl.png&#8221; title_text=&#8221;HdeJ \u6a19\u8a8c CGXIX_ESP_bl&#8221; _builder_version=&#8221;4.27.4&#8243; _module_preset=&#8221;default&#8221; global_colors_info=&#8221;{}&#8221;][\/et_pb_image][\/et_pb_column][et_pb_column type=&#8221;1_2&#8243; specialty_columns=&#8221;2&#8243; _builder_version=&#8221;4.16&#8243; custom_padding=&#8221;|||&#8221; global_colors_info=&#8221;{}&#8221; custom_padding__hover=&#8221;|||&#8221;][et_pb_row_inner _builder_version=&#8221;4.27.4&#8243; _module_preset=&#8221;default&#8221; global_colors_info=&#8221;{}&#8221;][et_pb_column_inner saved_specialty_column_type=&#8221;1_2&#8243; _builder_version=&#8221;4.27.4&#8243; _module_preset=&#8221;default&#8221; global_colors_info=&#8221;{}&#8221;][et_pb_text _builder_version=&#8221;4.27.3&#8243; _module_preset=&#8221;default&#8221; text_text_color=&#8221;#000000&#8243; header_font=&#8221;||||||||&#8221; header_text_color=&#8221;#FFFFFF&#8221; header_font_size=&#8221;50px&#8221; header_2_font=&#8221;|||on|||||&#8221; header_2_text_color=&#8221;#A7C957&#8243; header_2_font_size=&#8221;24px&#8221; header_2_letter_spacing=&#8221;4px&#8221; global_colors_info=&#8221;{}&#8221;]<\/p>\n<h2>\u8207\u4ed6\u540c\u5728\uff0c\u5e0c\u671b\u4e4b\u8def<\/h2>\n<h1>\u7b2c\u5341\u4e5d\u5c46\u7e3d\u5927\u6703<\/h1>\n<p>[\/et_pb_text][\/et_pb_column_inner][\/et_pb_row_inner][\/et_pb_column][\/et_pb_section][et_pb_section fb_built=&#8221;1&#8243; _builder_version=&#8221;4.27.4&#8243; _module_preset=&#8221;default&#8221; background_color=&#8221;rgba(253,252,250,0.9)&#8221; background_image=&#8221;https:\/\/hijasdejesus.org\/wp-content\/uploads\/2024\/05\/Portada-web-2-2.jpg&#8221; background_size=&#8221;contain&#8221; background_blend=&#8221;screen&#8221; global_colors_info=&#8221;{}&#8221;][et_pb_row column_structure=&#8221;1_2,1_2&#8243; _builder_version=&#8221;4.17.4&#8243; _module_preset=&#8221;default&#8221; custom_padding=&#8221;80px||0px||false|false&#8221; global_colors_info=&#8221;{}&#8221;][et_pb_column type=&#8221;1_2&#8243; _builder_version=&#8221;4.17.4&#8243; _module_preset=&#8221;default&#8221; global_colors_info=&#8221;{}&#8221;][et_pb_text _builder_version=&#8221;4.27.4&#8243; _module_preset=&#8221;default&#8221; header_text_color=&#8221;#004151&#8243; header_2_text_align=&#8221;left&#8221; header_2_text_color=&#8221;#364F7D&#8221; header_2_font_size=&#8221;32px&#8221; custom_padding=&#8221;||||false|false&#8221; global_colors_info=&#8221;{}&#8221;]<\/p>\n<h2>\u9858\u8036\u7a4c\u559a\u9192\u6211\u5011\u7684\u5275\u9020\u529b<\/h2>\n<p>[\/et_pb_text][\/et_pb_column][et_pb_column type=&#8221;1_2&#8243; _builder_version=&#8221;4.17.4&#8243; _module_preset=&#8221;default&#8221; global_colors_info=&#8221;{}&#8221;][\/et_pb_column][\/et_pb_row][et_pb_row _builder_version=&#8221;4.27.3&#8243; _module_preset=&#8221;default&#8221; global_colors_info=&#8221;{}&#8221;][et_pb_column type=&#8221;4_4&#8243; _builder_version=&#8221;4.27.3&#8243; _module_preset=&#8221;default&#8221; global_colors_info=&#8221;{}&#8221;][et_pb_text _builder_version=&#8221;4.27.4&#8243; _module_preset=&#8221;default&#8221; text_font=&#8221;|300|||||||&#8221; text_text_color=&#8221;#364F7D&#8221; text_font_size=&#8221;22px&#8221; text_line_height=&#8221;1.8em&#8221; max_width_tablet=&#8221;80%&#8221; max_width_phone=&#8221;80%&#8221; max_width_last_edited=&#8221;on|tablet&#8221; animation_style=&#8221;fade&#8221; animation_delay=&#8221;300ms&#8221; global_colors_info=&#8221;{}&#8221;]<\/p>\n<p><strong>LOGO<\/strong><span> <\/span><span> <\/span>\u805a\u96c6\u4e86\u6211\u5011\u6e34\u671b\u8207\u4ed6\u540c\u884c\uff0c<span><strong>\u671d\u8457\u6211\u5011\u7684\u8eab\u4efd<\/strong><span>\u524d\u9032\uff0c\u4ee5\u4fbf\u4eca\u5929\u6210\u70ba\u8056\u9748\u5728\u6211\u5011\u88e1\u9762\u559a\u9192\u7684\u540c\u5728\u3002<\/span><\/span><\/p>\n<p>\u8b93\u6211\u5011<span><strong>\u8b93\u8036\u7a4c\u559a\u9192\u6211\u5011\u7684\u5275\u9020\u529b<\/strong><span>\uff0c\u4e26\u85c9\u6b64\u4f7f\u6211\u5011\u5728\u4e00\u500b\u5982\u6b64\u9700\u8981\u5e0c\u671b\u7406\u7531\u7684\u4e16\u754c\u4e2d\u6210\u70ba\u5e0c\u671b\u7684\u627f\u8f09\u8005\u3002<\/span><\/span><\/p>\n<p><strong><span> <\/span>\u6709\u4e09\u500b\u6578\u4f4d<\/strong><span> <\/span>\u9019\u5f88\u53ef\u80fd\u662f\u6211\u5011\u7684\u6bcf\u4e00\u500b\u793e\u5340\uff0c\u6211\u5011\u8207\u4ed6\u4eba\u540c\u884c\uff0c\u6216\u8005\u6211\u5011\u8207\u8036\u7a4c\u4e00\u8d77\u6cbf\u9014\u7684\u5c0d\u8a71\uff0c\u5c31\u50cf\u56de\u5230\u4ee5\u99ac\u5fe4\u65af\u7684\u9580\u5f92\u4e00\u6a23\u3002\u4ed6\u5011\u8d70\u5411\u8eab\u4efd <span> <\/span><strong>\u5728\u4e00\u689d\u652f\u6301\u3001\u6b61\u8fce\u3001\u5f15\u5c0e\u4ed6\u5011\u7684\u7dda\u8def\u4e0a\u3002<\/strong><span> <\/span>\u5118\u7ba1\u6211\u5011\u6e34\u671b\u5fe0\u8aa0\uff0c\u4f46\u56f0\u96e3\u4f7f\u6211\u5011\u7684\u65c5\u7a0b\u7d93\u5e38\u4e0a\u5761\uff0c\u5145\u6eff\u5f4e\u9053\u548c\u969c\u7919\u3002 \u6709\u4e86\u4ed6\uff0c\u9053\u8def\u5c31\u8b8a\u5f97\u5e73\u5766\u4e86\u3002 <\/p>\n<p>\u6211\u5011\u628a<strong>\u5e0c\u671b\u5bc4<span>\u8a17\u5728\u8036\u7a4c\u8eab\u4e0a<\/span>\uff0c\u800c\u4e0d\u662f\u5bc4\u8a17\u5728\u6211\u5011\u81ea\u5df1\u8eab\u4e0a\uff0c\u4e5f\u4e0d\u5bc4\u8a17\u5728\u6211\u5011\u7684\u624b\u6bb5\u548c\u80fd\u529b\u4e0a\u3002 \u9019\u7a2e\u5e0c\u671b\u53cd\u6620\u5728<\/strong> <span> <\/span>\u4f86\u81ea\u5341\u5b57\u67b6<strong>\u7684\u5149\u7dda<span><\/span>\u3002<\/strong><\/p>\n<p>\u540c\u6a23\uff0c\u6211\u5011\u7684<span> <\/span>\u6253\u958b\u9080\u8acb\u60a8\u9032\u5165\u7684<strong>\u5713\u5708<span><\/span>\uff0c\u90a3\u500b<\/strong><span> <\/span><strong>\u6b61\u8fce<\/strong>\u3002 \u4ed6\u4ee5\u7c21\u55ae\u7684\u65b9\u5f0f\u8868\u660e\u6211\u5011\u662f\u4e00\u5bb6\u4eba\u3002 <\/p>\n<p style=\"padding-left: 40px; text-align: right;\"><em>\u4f86\u81ea\u4e0a\u7d1a\u5c07\u8ecd\u7684\u7b2c 36 \u865f\u4fe1\u3002<\/em><\/p>\n<p>[\/et_pb_text][\/et_pb_column][\/et_pb_row][\/et_pb_section][et_pb_section fb_built=&#8221;1&#8243; theme_builder_area=&#8221;post_content&#8221; _builder_version=&#8221;4.27.4&#8243; _module_preset=&#8221;default&#8221;][et_pb_row _builder_version=&#8221;4.27.4&#8243; _module_preset=&#8221;default&#8221; theme_builder_area=&#8221;post_content&#8221;][et_pb_column _builder_version=&#8221;4.27.4&#8243; _module_preset=&#8221;default&#8221; type=&#8221;4_4&#8243; theme_builder_area=&#8221;post_content&#8221;][et_pb_blog fullwidth=&#8221;off&#8221; posts_number=&#8221;6&#8243; include_categories=&#8221;1325&#8243; excerpt_length=&#8221;0&#8243; show_author=&#8221;off&#8221; show_pagination=&#8221;off&#8221; masonry_tile_background_color=&#8221;RGBA(255,255,255,0)&#8221; module_class=&#8221;actualidad&#8221; _builder_version=&#8221;4.27.4&#8243; _module_preset=&#8221;default&#8221; header_font=&#8221;||||||||&#8221; header_text_color=&#8221;#364F7D&#8221; meta_font=&#8221;|300|||||||&#8221; meta_text_color=&#8221;#000000&#8243; background_enable_color=&#8221;off&#8221; custom_margin=&#8221;||||false|false&#8221; custom_padding=&#8221;5px|5px|5px|5px|true|true&#8221; child_filter_saturate=&#8221;120%&#8221; hover_enabled=&#8221;0&#8243; border_width_all=&#8221;0px&#8221; border_color_top=&#8221;#FF3500&#8243; border_color_bottom=&#8221;#FF3500&#8243; border_color_left=&#8221;#FF3500&#8243; border_radii_image=&#8221;on|30px|30px|30px|30px&#8221; global_colors_info=&#8221;{}&#8221; theme_builder_area=&#8221;post_content&#8221; sticky_enabled=&#8221;0&#8243;][\/et_pb_blog][\/et_pb_column][\/et_pb_row][\/et_pb_section]<\/p>\n","protected":false},"excerpt":{"rendered":"<p>\u8207\u4ed6\u540c\u5728\uff0c\u5e0c\u671b\u4e4b\u8def \u7b2c\u5341\u4e5d\u5c46\u7e3d\u5927\u6703\u9858\u8036\u7a4c\u559a\u9192\u6211\u5011\u7684\u5275\u9020\u529bLOGO \u805a\u96c6\u4e86\u6211\u5011\u6e34\u671b\u8207\u4ed6\u540c\u884c\uff0c\u671d\u8457\u6211\u5011\u7684\u8eab\u4efd\u524d\u9032\uff0c [&hellip;]<\/p>\n","protected":false},"author":1,"featured_media":0,"parent":44594,"menu_order":0,"comment_status":"closed","ping_status":"closed","template":"","meta":{"_et_pb_use_builder":"on","_et_pb_old_content":"","_et_gb_content_width":"","footnotes":"","_links_to":"","_links_to_target":""},"class_list":["post-44713","page","type-page","status-publish","hentry"],"yoast_head":"<!-- This site is optimized with the Yoast SEO plugin v27.5 - https:\/\/yoast.com\/product\/yoast-seo-wordpress\/ -->\n<title>\u6a19\u8a8c GC XIX - Hijas de Jes\u00fas<\/title>\n<meta name=\"robots\" content=\"index, follow, max-snippet:-1, max-image-preview:large, max-video-preview:-1\" \/>\n<link rel=\"canonical\" href=\"https:\/\/hijasdejesus.org\/zh-hant\/%e7%ac%ac%e5%8d%81%e4%b9%9d%e5%b1%86%e7%b8%bd%e6%9c%83\/%e6%a8%99%e8%aa%8c-gc-xix\/\" \/>\n<meta property=\"og:locale\" content=\"zh_TW\" \/>\n<meta property=\"og:type\" content=\"article\" \/>\n<meta property=\"og:title\" content=\"\u6a19\u8a8c GC XIX - Hijas de Jes\u00fas\" \/>\n<meta property=\"og:description\" content=\"\u8207\u4ed6\u540c\u5728\uff0c\u5e0c\u671b\u4e4b\u8def \u7b2c\u5341\u4e5d\u5c46\u7e3d\u5927\u6703\u9858\u8036\u7a4c\u559a\u9192\u6211\u5011\u7684\u5275\u9020\u529bLOGO \u805a\u96c6\u4e86\u6211\u5011\u6e34\u671b\u8207\u4ed6\u540c\u884c\uff0c\u671d\u8457\u6211\u5011\u7684\u8eab\u4efd\u524d\u9032\uff0c [&hellip;]\" \/>\n<meta property=\"og:url\" content=\"https:\/\/hijasdejesus.org\/zh-hant\/%e7%ac%ac%e5%8d%81%e4%b9%9d%e5%b1%86%e7%b8%bd%e6%9c%83\/%e6%a8%99%e8%aa%8c-gc-xix\/\" \/>\n<meta property=\"og:site_name\" content=\"Hijas de Jes\u00fas\" \/>\n<meta property=\"article:publisher\" content=\"https:\/\/www.facebook.com\/hijasdejesusenelmundo\/\" \/>\n<meta property=\"article:modified_time\" content=\"2025-03-20T06:19:36+00:00\" \/>\n<meta name=\"twitter:card\" content=\"summary_large_image\" \/>\n<meta name=\"twitter:site\" content=\"@hijasdjesus\" \/>\n<meta name=\"twitter:label1\" content=\"\u9810\u4f30\u95b1\u8b80\u6642\u9593\" \/>\n\t<meta name=\"twitter:data1\" content=\"3 \u5206\u9418\" \/>\n<script type=\"application\/ld+json\" class=\"yoast-schema-graph\">{\"@context\":\"https:\\\/\\\/schema.org\",\"@graph\":[{\"@type\":\"WebPage\",\"@id\":\"https:\\\/\\\/hijasdejesus.org\\\/zh-hant\\\/%e7%ac%ac%e5%8d%81%e4%b9%9d%e5%b1%86%e7%b8%bd%e6%9c%83\\\/%e6%a8%99%e8%aa%8c-gc-xix\\\/\",\"url\":\"https:\\\/\\\/hijasdejesus.org\\\/zh-hant\\\/%e7%ac%ac%e5%8d%81%e4%b9%9d%e5%b1%86%e7%b8%bd%e6%9c%83\\\/%e6%a8%99%e8%aa%8c-gc-xix\\\/\",\"name\":\"\u6a19\u8a8c GC XIX - Hijas de Jes\u00fas\",\"isPartOf\":{\"@id\":\"https:\\\/\\\/hijasdejesus.org\\\/zh-hant\\\/#website\"},\"datePublished\":\"2024-11-29T12:37:34+00:00\",\"dateModified\":\"2025-03-20T06:19:36+00:00\",\"breadcrumb\":{\"@id\":\"https:\\\/\\\/hijasdejesus.org\\\/zh-hant\\\/%e7%ac%ac%e5%8d%81%e4%b9%9d%e5%b1%86%e7%b8%bd%e6%9c%83\\\/%e6%a8%99%e8%aa%8c-gc-xix\\\/#breadcrumb\"},\"inLanguage\":\"zh-TW\",\"potentialAction\":[{\"@type\":\"ReadAction\",\"target\":[\"https:\\\/\\\/hijasdejesus.org\\\/zh-hant\\\/%e7%ac%ac%e5%8d%81%e4%b9%9d%e5%b1%86%e7%b8%bd%e6%9c%83\\\/%e6%a8%99%e8%aa%8c-gc-xix\\\/\"]}]},{\"@type\":\"BreadcrumbList\",\"@id\":\"https:\\\/\\\/hijasdejesus.org\\\/zh-hant\\\/%e7%ac%ac%e5%8d%81%e4%b9%9d%e5%b1%86%e7%b8%bd%e6%9c%83\\\/%e6%a8%99%e8%aa%8c-gc-xix\\\/#breadcrumb\",\"itemListElement\":[{\"@type\":\"ListItem\",\"position\":1,\"name\":\"Portada\",\"item\":\"https:\\\/\\\/hijasdejesus.org\\\/zh-hant\\\/%e8%80%b6%e7%a9%8c%e7%9a%84%e5%a5%b3%e5%85%92%e5%80%91\\\/\"},{\"@type\":\"ListItem\",\"position\":2,\"name\":\"\u7b2c\u5341\u4e5d\u5c46\u7e3d\u5927\u6703\",\"item\":\"https:\\\/\\\/hijasdejesus.org\\\/zh-hant\\\/congregacion-general-xix\\\/\"},{\"@type\":\"ListItem\",\"position\":3,\"name\":\"\u6a19\u8a8c GC XIX\"}]},{\"@type\":\"WebSite\",\"@id\":\"https:\\\/\\\/hijasdejesus.org\\\/zh-hant\\\/#website\",\"url\":\"https:\\\/\\\/hijasdejesus.org\\\/zh-hant\\\/\",\"name\":\"Hijas de Jes\u00fas\",\"description\":\"Despertamos a Jes\u00fas en el coraz\u00f3n, sacando lo mejor de las personas. Somos una congregaci\u00f3n religiosa ignaciana fundada por la Madre Candida\",\"publisher\":{\"@id\":\"https:\\\/\\\/hijasdejesus.org\\\/zh-hant\\\/#organization\"},\"potentialAction\":[{\"@type\":\"SearchAction\",\"target\":{\"@type\":\"EntryPoint\",\"urlTemplate\":\"https:\\\/\\\/hijasdejesus.org\\\/zh-hant\\\/?s={search_term_string}\"},\"query-input\":{\"@type\":\"PropertyValueSpecification\",\"valueRequired\":true,\"valueName\":\"search_term_string\"}}],\"inLanguage\":\"zh-TW\"},{\"@type\":\"Organization\",\"@id\":\"https:\\\/\\\/hijasdejesus.org\\\/zh-hant\\\/#organization\",\"name\":\"Hijas de Jes\u00fas\",\"url\":\"https:\\\/\\\/hijasdejesus.org\\\/zh-hant\\\/\",\"logo\":{\"@type\":\"ImageObject\",\"inLanguage\":\"zh-TW\",\"@id\":\"https:\\\/\\\/hijasdejesus.org\\\/zh-hant\\\/#\\\/schema\\\/logo\\\/image\\\/\",\"url\":\"https:\\\/\\\/hijasdejesus.org\\\/wp-content\\\/uploads\\\/2023\\\/01\\\/Hijas-de-Jesus_hor-A7C957.png\",\"contentUrl\":\"https:\\\/\\\/hijasdejesus.org\\\/wp-content\\\/uploads\\\/2023\\\/01\\\/Hijas-de-Jesus_hor-A7C957.png\",\"width\":700,\"height\":360,\"caption\":\"Hijas de Jes\u00fas\"},\"image\":{\"@id\":\"https:\\\/\\\/hijasdejesus.org\\\/zh-hant\\\/#\\\/schema\\\/logo\\\/image\\\/\"},\"sameAs\":[\"https:\\\/\\\/www.facebook.com\\\/hijasdejesusenelmundo\\\/\",\"https:\\\/\\\/x.com\\\/hijasdjesus\"]}]}<\/script>\n<!-- \/ Yoast SEO plugin. -->","yoast_head_json":{"title":"\u6a19\u8a8c GC XIX - Hijas de Jes\u00fas","robots":{"index":"index","follow":"follow","max-snippet":"max-snippet:-1","max-image-preview":"max-image-preview:large","max-video-preview":"max-video-preview:-1"},"canonical":"https:\/\/hijasdejesus.org\/zh-hant\/%e7%ac%ac%e5%8d%81%e4%b9%9d%e5%b1%86%e7%b8%bd%e6%9c%83\/%e6%a8%99%e8%aa%8c-gc-xix\/","og_locale":"zh_TW","og_type":"article","og_title":"\u6a19\u8a8c GC XIX - Hijas de Jes\u00fas","og_description":"\u8207\u4ed6\u540c\u5728\uff0c\u5e0c\u671b\u4e4b\u8def \u7b2c\u5341\u4e5d\u5c46\u7e3d\u5927\u6703\u9858\u8036\u7a4c\u559a\u9192\u6211\u5011\u7684\u5275\u9020\u529bLOGO \u805a\u96c6\u4e86\u6211\u5011\u6e34\u671b\u8207\u4ed6\u540c\u884c\uff0c\u671d\u8457\u6211\u5011\u7684\u8eab\u4efd\u524d\u9032\uff0c [&hellip;]","og_url":"https:\/\/hijasdejesus.org\/zh-hant\/%e7%ac%ac%e5%8d%81%e4%b9%9d%e5%b1%86%e7%b8%bd%e6%9c%83\/%e6%a8%99%e8%aa%8c-gc-xix\/","og_site_name":"Hijas de Jes\u00fas","article_publisher":"https:\/\/www.facebook.com\/hijasdejesusenelmundo\/","article_modified_time":"2025-03-20T06:19:36+00:00","twitter_card":"summary_large_image","twitter_site":"@hijasdjesus","twitter_misc":{"\u9810\u4f30\u95b1\u8b80\u6642\u9593":"3 \u5206\u9418"},"schema":{"@context":"https:\/\/schema.org","@graph":[{"@type":"WebPage","@id":"https:\/\/hijasdejesus.org\/zh-hant\/%e7%ac%ac%e5%8d%81%e4%b9%9d%e5%b1%86%e7%b8%bd%e6%9c%83\/%e6%a8%99%e8%aa%8c-gc-xix\/","url":"https:\/\/hijasdejesus.org\/zh-hant\/%e7%ac%ac%e5%8d%81%e4%b9%9d%e5%b1%86%e7%b8%bd%e6%9c%83\/%e6%a8%99%e8%aa%8c-gc-xix\/","name":"\u6a19\u8a8c GC XIX - Hijas de Jes\u00fas","isPartOf":{"@id":"https:\/\/hijasdejesus.org\/zh-hant\/#website"},"datePublished":"2024-11-29T12:37:34+00:00","dateModified":"2025-03-20T06:19:36+00:00","breadcrumb":{"@id":"https:\/\/hijasdejesus.org\/zh-hant\/%e7%ac%ac%e5%8d%81%e4%b9%9d%e5%b1%86%e7%b8%bd%e6%9c%83\/%e6%a8%99%e8%aa%8c-gc-xix\/#breadcrumb"},"inLanguage":"zh-TW","potentialAction":[{"@type":"ReadAction","target":["https:\/\/hijasdejesus.org\/zh-hant\/%e7%ac%ac%e5%8d%81%e4%b9%9d%e5%b1%86%e7%b8%bd%e6%9c%83\/%e6%a8%99%e8%aa%8c-gc-xix\/"]}]},{"@type":"BreadcrumbList","@id":"https:\/\/hijasdejesus.org\/zh-hant\/%e7%ac%ac%e5%8d%81%e4%b9%9d%e5%b1%86%e7%b8%bd%e6%9c%83\/%e6%a8%99%e8%aa%8c-gc-xix\/#breadcrumb","itemListElement":[{"@type":"ListItem","position":1,"name":"Portada","item":"https:\/\/hijasdejesus.org\/zh-hant\/%e8%80%b6%e7%a9%8c%e7%9a%84%e5%a5%b3%e5%85%92%e5%80%91\/"},{"@type":"ListItem","position":2,"name":"\u7b2c\u5341\u4e5d\u5c46\u7e3d\u5927\u6703","item":"https:\/\/hijasdejesus.org\/zh-hant\/congregacion-general-xix\/"},{"@type":"ListItem","position":3,"name":"\u6a19\u8a8c GC XIX"}]},{"@type":"WebSite","@id":"https:\/\/hijasdejesus.org\/zh-hant\/#website","url":"https:\/\/hijasdejesus.org\/zh-hant\/","name":"Hijas de Jes\u00fas","description":"Despertamos a Jes\u00fas en el coraz\u00f3n, sacando lo mejor de las personas. Somos una congregaci\u00f3n religiosa ignaciana fundada por la Madre Candida","publisher":{"@id":"https:\/\/hijasdejesus.org\/zh-hant\/#organization"},"potentialAction":[{"@type":"SearchAction","target":{"@type":"EntryPoint","urlTemplate":"https:\/\/hijasdejesus.org\/zh-hant\/?s={search_term_string}"},"query-input":{"@type":"PropertyValueSpecification","valueRequired":true,"valueName":"search_term_string"}}],"inLanguage":"zh-TW"},{"@type":"Organization","@id":"https:\/\/hijasdejesus.org\/zh-hant\/#organization","name":"Hijas de Jes\u00fas","url":"https:\/\/hijasdejesus.org\/zh-hant\/","logo":{"@type":"ImageObject","inLanguage":"zh-TW","@id":"https:\/\/hijasdejesus.org\/zh-hant\/#\/schema\/logo\/image\/","url":"https:\/\/hijasdejesus.org\/wp-content\/uploads\/2023\/01\/Hijas-de-Jesus_hor-A7C957.png","contentUrl":"https:\/\/hijasdejesus.org\/wp-content\/uploads\/2023\/01\/Hijas-de-Jesus_hor-A7C957.png","width":700,"height":360,"caption":"Hijas de Jes\u00fas"},"image":{"@id":"https:\/\/hijasdejesus.org\/zh-hant\/#\/schema\/logo\/image\/"},"sameAs":["https:\/\/www.facebook.com\/hijasdejesusenelmundo\/","https:\/\/x.com\/hijasdjesus"]}]}},"_links":{"self":[{"href":"https:\/\/hijasdejesus.org\/zh-hant\/wp-json\/wp\/v2\/pages\/44713","targetHints":{"allow":["GET"]}}],"collection":[{"href":"https:\/\/hijasdejesus.org\/zh-hant\/wp-json\/wp\/v2\/pages"}],"about":[{"href":"https:\/\/hijasdejesus.org\/zh-hant\/wp-json\/wp\/v2\/types\/page"}],"author":[{"embeddable":true,"href":"https:\/\/hijasdejesus.org\/zh-hant\/wp-json\/wp\/v2\/users\/1"}],"replies":[{"embeddable":true,"href":"https:\/\/hijasdejesus.org\/zh-hant\/wp-json\/wp\/v2\/comments?post=44713"}],"version-history":[{"count":6,"href":"https:\/\/hijasdejesus.org\/zh-hant\/wp-json\/wp\/v2\/pages\/44713\/revisions"}],"predecessor-version":[{"id":46859,"href":"https:\/\/hijasdejesus.org\/zh-hant\/wp-json\/wp\/v2\/pages\/44713\/revisions\/46859"}],"up":[{"embeddable":true,"href":"https:\/\/hijasdejesus.org\/zh-hant\/wp-json\/wp\/v2\/pages\/44594"}],"wp:attachment":[{"href":"https:\/\/hijasdejesus.org\/zh-hant\/wp-json\/wp\/v2\/media?parent=44713"}],"curies":[{"name":"wp","href":"https:\/\/api.w.org\/{rel}","templated":true}]}}