{"id":46154,"date":"2025-03-05T10:12:02","date_gmt":"2025-03-05T09:12:02","guid":{"rendered":"https:\/\/hijasdejesus.org\/%e7%ac%ac%e5%8d%81%e4%b9%9d%e5%b1%86%e7%b8%bd%e6%9c%83\/%e7%a6%b1%e5%91%8a-gc-xix\/"},"modified":"2025-03-20T07:19:42","modified_gmt":"2025-03-20T06:19:42","slug":"%e7%a6%b1%e5%91%8a-gc-xix","status":"publish","type":"page","link":"https:\/\/hijasdejesus.org\/zh-hant\/%e7%ac%ac%e5%8d%81%e4%b9%9d%e5%b1%86%e7%b8%bd%e6%9c%83\/%e7%a6%b1%e5%91%8a-gc-xix\/","title":{"rendered":"\u79b1\u544a GC XIX"},"content":{"rendered":"<p>[et_pb_section fb_built=&#8221;1&#8243; _builder_version=&#8221;4.27.4&#8243; _module_preset=&#8221;default&#8221; background_color=&#8221;#364F7D&#8221; background_image=&#8221;https:\/\/hijasdejesus.org\/wp-content\/uploads\/2022\/11\/discernir.png&#8221; background_size=&#8221;contain&#8221; background_position=&#8221;center_left&#8221; background_blend=&#8221;overlay&#8221; global_colors_info=&#8221;{}&#8221;][et_pb_row _builder_version=&#8221;4.27.4&#8243; _module_preset=&#8221;default&#8221; global_colors_info=&#8221;{}&#8221;][et_pb_column type=&#8221;4_4&#8243; _builder_version=&#8221;4.27.4&#8243; _module_preset=&#8221;default&#8221; global_colors_info=&#8221;{}&#8221;][et_pb_text _builder_version=&#8221;4.27.4&#8243; _module_preset=&#8221;default&#8221; text_text_color=&#8221;#000000&#8243; header_font=&#8221;||||||||&#8221; header_text_color=&#8221;#FFFFFF&#8221; header_font_size=&#8221;50px&#8221; header_2_font=&#8221;|||on|||||&#8221; header_2_text_color=&#8221;#A7C957&#8243; header_2_font_size=&#8221;24px&#8221; header_2_letter_spacing=&#8221;4px&#8221; global_colors_info=&#8221;{}&#8221;]<\/p>\n<h2>\u8207\u4ed6\u540c\u5728\uff0c\u5e0c\u671b\u4e4b\u8def<\/h2>\n<h1>\u6211\u5011\u70ba\u5168\u9ad4\u6703\u773e\u7948\u79b1<\/h1>\n<p>[\/et_pb_text][\/et_pb_column][\/et_pb_row][\/et_pb_section][et_pb_section fb_built=&#8221;1&#8243; _builder_version=&#8221;4.27.4&#8243; _module_preset=&#8221;default&#8221; background_color=&#8221;rgba(253,252,250,0.9)&#8221; background_image=&#8221;https:\/\/hijasdejesus.org\/wp-content\/uploads\/2022\/11\/abrazo.png&#8221; background_size=&#8221;contain&#8221; background_position=&#8221;center_right&#8221; background_blend=&#8221;screen&#8221; global_colors_info=&#8221;{}&#8221;][et_pb_row _builder_version=&#8221;4.27.3&#8243; _module_preset=&#8221;default&#8221; global_colors_info=&#8221;{}&#8221;][et_pb_column type=&#8221;4_4&#8243; _builder_version=&#8221;4.27.3&#8243; _module_preset=&#8221;default&#8221; global_colors_info=&#8221;{}&#8221;][et_pb_text _builder_version=&#8221;4.27.4&#8243; _module_preset=&#8221;default&#8221; text_font=&#8221;|300|||||||&#8221; text_text_color=&#8221;#364F7D&#8221; text_font_size=&#8221;22px&#8221; text_line_height=&#8221;1.8em&#8221; max_width_tablet=&#8221;80%&#8221; max_width_phone=&#8221;80%&#8221; max_width_last_edited=&#8221;on|tablet&#8221; animation_style=&#8221;fade&#8221; animation_delay=&#8221;300ms&#8221; global_colors_info=&#8221;{}&#8221;]<\/p>\n<p>\u7236\u554a\uff0c\u6211\u5011\u70ba\u8036\u7a4c\u5b5d\u5973\u5011\u7948\u6c42\u60a8\uff0c<br \/>\u5728\u9019\u603b\u5927\u6703\u7684\u6642\u671f\u3002<\/p>\n<div aria-hidden=\"true\" class=\"wp-block-spacer\"><\/div>\n<p>\u6c42\u4f60\u8cdc\u4e88\u6211\u5011\u9806\u670d\u8056\u795e\uff0c<br \/>\u8fa8\u5225\u529b\u7684\u6069\u5178<br \/>\u9019\u9080\u8acb\u6211\u5011\u5be9\u8996\u6240\u8d70\u904e\u7684\u9053\u8def<br \/>\u4e26\u9078\u64c7\u4eca\u5929\u80fd\u70ba\u9019\u500b\u8eab\u4f53\u5728\u4f7f\u547d\u4e2d\u5e36\u4f86\u66f4\u591a\u6d3b\u529b\u7684\u6771\u897f\u3002<\/p>\n<div aria-hidden=\"true\" class=\"wp-block-spacer\"><\/div>\n<p>\u795d\u798f\u6211\u5011\u771f\u6b63\u50be\u807d\u7684\u79ae\u7269\uff1a<br \/>\u4ee5\u8654\u656c\u7684\u5fc3\u5728\u7948\u79b1\u4e2d\u63a5\u53d7\u4f60\u7684\u8a71\u8a9e\uff0c<br \/>\u5728\u5f9e\u4e16\u754c\u7684\u5275\u50b7\u4e2d\u50b3\u4f86\u7684\u8072\u97f3\u4e2d<br \/>\u4ee5\u53ca\u6bcf\u500b\u59d0\u59b9\u7684\u5206\u4eab\u3002<\/p>\n<div aria-hidden=\"true\" class=\"wp-block-spacer\"><\/div>\n<p>\u8cdc\u4e88\u6211\u5011\u4f60\u7684\u667a\u6167\uff0c\u6210\u70ba\u65b0\u7684\u76ae\u56ca\uff0c<br \/>\u9748\u6d3b\u958b\u653e\uff0c<br \/>\u63a5\u6536\u6539\u8b8a\u7684\u65b0\u8461\u8404\u9152<br \/>\u6211\u5011\u5728\u53ef\u80fd\u6027\u4e2d\u7684\u8106\u5f31\u6027<br \/>\u548c\u6211\u5011\u7684\u9858\u671b<br \/>\u70ba\u795e\u6069\u6ce8\u5165\u66f4\u5927\u7684\u6d3b\u529b\u3002<\/p>\n<div aria-hidden=\"true\" class=\"wp-block-spacer\"><\/div>\n<p>\u9858\u746a\u5229\u4e9e\u6210\u70ba\u6211\u5011\u9053\u8def\u4e0a\u7684\u661f\u661f\u3002<br \/>\u5c31\u50cf\u8036\u7a4c\u7684\u8056\u574e\u8fea\u9054\u8056\u6bcd\u746a\u5229\u4e9e\u4e00\u6a23\u3002<br \/>\u6211\u5011\u5c07\u8207\u8036\u7a4c\u4e00\u8d77\u8e0f\u4e0a\u5e0c\u671b\u7684\u65c5\u7a0b<br \/>\u8207\u6240\u6709\u52aa\u529b\u6210\u70ba\u4eba\u985e\u7684\u4eba\u4e00\u8d77\uff0c<br \/>\u6210\u70ba\u6559\u6703\u548c\u5144\u5f1f\u3002<\/p>\n<div aria-hidden=\"true\" class=\"wp-block-spacer\"><\/div>\n<p>\u69ae\u8000\u6b78\u65bc\u8056\u7236\u3001\u8056\u5b50\u3001\u8056\u795e&#8230;<\/p>\n<p>[\/et_pb_text][\/et_pb_column][\/et_pb_row][\/et_pb_section][et_pb_section fb_built=&#8221;1&#8243; theme_builder_area=&#8221;post_content&#8221; _builder_version=&#8221;4.27.4&#8243; _module_preset=&#8221;default&#8221;][et_pb_row _builder_version=&#8221;4.27.4&#8243; _module_preset=&#8221;default&#8221; theme_builder_area=&#8221;post_content&#8221;][et_pb_column _builder_version=&#8221;4.27.4&#8243; _module_preset=&#8221;default&#8221; type=&#8221;4_4&#8243; theme_builder_area=&#8221;post_content&#8221;][et_pb_blog fullwidth=&#8221;off&#8221; posts_number=&#8221;6&#8243; include_categories=&#8221;1321&#8243; excerpt_length=&#8221;0&#8243; show_author=&#8221;off&#8221; show_pagination=&#8221;off&#8221; masonry_tile_background_color=&#8221;RGBA(255,255,255,0)&#8221; module_class=&#8221;actualidad&#8221; _builder_version=&#8221;4.27.4&#8243; _module_preset=&#8221;default&#8221; header_font=&#8221;||||||||&#8221; header_text_color=&#8221;#364F7D&#8221; meta_font=&#8221;|300|||||||&#8221; meta_text_color=&#8221;#000000&#8243; background_enable_color=&#8221;off&#8221; custom_margin=&#8221;||||false|false&#8221; custom_padding=&#8221;5px|5px|5px|5px|true|true&#8221; child_filter_saturate=&#8221;120%&#8221; hover_enabled=&#8221;0&#8243; border_width_all=&#8221;0px&#8221; border_color_top=&#8221;#FF3500&#8243; border_color_bottom=&#8221;#FF3500&#8243; border_color_left=&#8221;#FF3500&#8243; border_radii_image=&#8221;on|30px|30px|30px|30px&#8221; global_colors_info=&#8221;{}&#8221; theme_builder_area=&#8221;post_content&#8221; sticky_enabled=&#8221;0&#8243;][\/et_pb_blog][\/et_pb_column][\/et_pb_row][\/et_pb_section]<\/p>\n","protected":false},"excerpt":{"rendered":"<p>\u8207\u4ed6\u540c\u5728\uff0c\u5e0c\u671b\u4e4b\u8def \u6211\u5011\u70ba\u5168\u9ad4\u6703\u773e\u7948\u79b1\u7236\u554a\uff0c\u6211\u5011\u70ba\u8036\u7a4c\u5b5d\u5973\u5011\u7948\u6c42\u60a8\uff0c\u5728\u9019\u603b\u5927\u6703\u7684\u6642\u671f\u3002 \u6c42\u4f60\u8cdc\u4e88\u6211\u5011\u9806\u670d\u8056\u795e\uff0c [&hellip;]<\/p>\n","protected":false},"author":1,"featured_media":0,"parent":44594,"menu_order":0,"comment_status":"closed","ping_status":"closed","template":"","meta":{"_et_pb_use_builder":"on","_et_pb_old_content":"","_et_gb_content_width":"","footnotes":"","_links_to":"","_links_to_target":""},"class_list":["post-46154","page","type-page","status-publish","hentry"],"yoast_head":"<!-- This site is optimized with the Yoast SEO plugin v27.5 - https:\/\/yoast.com\/product\/yoast-seo-wordpress\/ -->\n<title>\u79b1\u544a GC XIX - Hijas de Jes\u00fas<\/title>\n<meta name=\"robots\" content=\"index, follow, max-snippet:-1, max-image-preview:large, max-video-preview:-1\" \/>\n<link rel=\"canonical\" href=\"https:\/\/hijasdejesus.org\/zh-hant\/%e7%ac%ac%e5%8d%81%e4%b9%9d%e5%b1%86%e7%b8%bd%e6%9c%83\/%e7%a6%b1%e5%91%8a-gc-xix\/\" \/>\n<meta property=\"og:locale\" content=\"zh_TW\" \/>\n<meta property=\"og:type\" content=\"article\" \/>\n<meta property=\"og:title\" content=\"\u79b1\u544a GC XIX - Hijas de Jes\u00fas\" \/>\n<meta property=\"og:description\" content=\"\u8207\u4ed6\u540c\u5728\uff0c\u5e0c\u671b\u4e4b\u8def \u6211\u5011\u70ba\u5168\u9ad4\u6703\u773e\u7948\u79b1\u7236\u554a\uff0c\u6211\u5011\u70ba\u8036\u7a4c\u5b5d\u5973\u5011\u7948\u6c42\u60a8\uff0c\u5728\u9019\u603b\u5927\u6703\u7684\u6642\u671f\u3002 \u6c42\u4f60\u8cdc\u4e88\u6211\u5011\u9806\u670d\u8056\u795e\uff0c [&hellip;]\" \/>\n<meta property=\"og:url\" content=\"https:\/\/hijasdejesus.org\/zh-hant\/%e7%ac%ac%e5%8d%81%e4%b9%9d%e5%b1%86%e7%b8%bd%e6%9c%83\/%e7%a6%b1%e5%91%8a-gc-xix\/\" \/>\n<meta property=\"og:site_name\" content=\"Hijas de Jes\u00fas\" \/>\n<meta property=\"article:publisher\" content=\"https:\/\/www.facebook.com\/hijasdejesusenelmundo\/\" \/>\n<meta property=\"article:modified_time\" content=\"2025-03-20T06:19:42+00:00\" \/>\n<meta name=\"twitter:card\" content=\"summary_large_image\" \/>\n<meta name=\"twitter:site\" content=\"@hijasdjesus\" \/>\n<meta name=\"twitter:label1\" content=\"\u9810\u4f30\u95b1\u8b80\u6642\u9593\" \/>\n\t<meta name=\"twitter:data1\" content=\"2 \u5206\u9418\" \/>\n<script type=\"application\/ld+json\" class=\"yoast-schema-graph\">{\"@context\":\"https:\\\/\\\/schema.org\",\"@graph\":[{\"@type\":\"WebPage\",\"@id\":\"https:\\\/\\\/hijasdejesus.org\\\/zh-hant\\\/%e7%ac%ac%e5%8d%81%e4%b9%9d%e5%b1%86%e7%b8%bd%e6%9c%83\\\/%e7%a6%b1%e5%91%8a-gc-xix\\\/\",\"url\":\"https:\\\/\\\/hijasdejesus.org\\\/zh-hant\\\/%e7%ac%ac%e5%8d%81%e4%b9%9d%e5%b1%86%e7%b8%bd%e6%9c%83\\\/%e7%a6%b1%e5%91%8a-gc-xix\\\/\",\"name\":\"\u79b1\u544a GC XIX - Hijas de Jes\u00fas\",\"isPartOf\":{\"@id\":\"https:\\\/\\\/hijasdejesus.org\\\/zh-hant\\\/#website\"},\"datePublished\":\"2025-03-05T09:12:02+00:00\",\"dateModified\":\"2025-03-20T06:19:42+00:00\",\"breadcrumb\":{\"@id\":\"https:\\\/\\\/hijasdejesus.org\\\/zh-hant\\\/%e7%ac%ac%e5%8d%81%e4%b9%9d%e5%b1%86%e7%b8%bd%e6%9c%83\\\/%e7%a6%b1%e5%91%8a-gc-xix\\\/#breadcrumb\"},\"inLanguage\":\"zh-TW\",\"potentialAction\":[{\"@type\":\"ReadAction\",\"target\":[\"https:\\\/\\\/hijasdejesus.org\\\/zh-hant\\\/%e7%ac%ac%e5%8d%81%e4%b9%9d%e5%b1%86%e7%b8%bd%e6%9c%83\\\/%e7%a6%b1%e5%91%8a-gc-xix\\\/\"]}]},{\"@type\":\"BreadcrumbList\",\"@id\":\"https:\\\/\\\/hijasdejesus.org\\\/zh-hant\\\/%e7%ac%ac%e5%8d%81%e4%b9%9d%e5%b1%86%e7%b8%bd%e6%9c%83\\\/%e7%a6%b1%e5%91%8a-gc-xix\\\/#breadcrumb\",\"itemListElement\":[{\"@type\":\"ListItem\",\"position\":1,\"name\":\"Portada\",\"item\":\"https:\\\/\\\/hijasdejesus.org\\\/zh-hant\\\/\"},{\"@type\":\"ListItem\",\"position\":2,\"name\":\"\u7b2c\u5341\u4e5d\u5c46\u7e3d\u5927\u6703\",\"item\":\"https:\\\/\\\/hijasdejesus.org\\\/zh-hant\\\/congregacion-general-xix\\\/\"},{\"@type\":\"ListItem\",\"position\":3,\"name\":\"\u79b1\u544a GC XIX\"}]},{\"@type\":\"WebSite\",\"@id\":\"https:\\\/\\\/hijasdejesus.org\\\/zh-hant\\\/#website\",\"url\":\"https:\\\/\\\/hijasdejesus.org\\\/zh-hant\\\/\",\"name\":\"Hijas de Jes\u00fas\",\"description\":\"Despertamos a Jes\u00fas en el coraz\u00f3n, sacando lo mejor de las personas. Somos una congregaci\u00f3n religiosa ignaciana fundada por la Madre Candida\",\"publisher\":{\"@id\":\"https:\\\/\\\/hijasdejesus.org\\\/zh-hant\\\/#organization\"},\"potentialAction\":[{\"@type\":\"SearchAction\",\"target\":{\"@type\":\"EntryPoint\",\"urlTemplate\":\"https:\\\/\\\/hijasdejesus.org\\\/zh-hant\\\/?s={search_term_string}\"},\"query-input\":{\"@type\":\"PropertyValueSpecification\",\"valueRequired\":true,\"valueName\":\"search_term_string\"}}],\"inLanguage\":\"zh-TW\"},{\"@type\":\"Organization\",\"@id\":\"https:\\\/\\\/hijasdejesus.org\\\/zh-hant\\\/#organization\",\"name\":\"Hijas de Jes\u00fas\",\"url\":\"https:\\\/\\\/hijasdejesus.org\\\/zh-hant\\\/\",\"logo\":{\"@type\":\"ImageObject\",\"inLanguage\":\"zh-TW\",\"@id\":\"https:\\\/\\\/hijasdejesus.org\\\/zh-hant\\\/#\\\/schema\\\/logo\\\/image\\\/\",\"url\":\"https:\\\/\\\/hijasdejesus.org\\\/wp-content\\\/uploads\\\/2023\\\/01\\\/Hijas-de-Jesus_hor-A7C957.png\",\"contentUrl\":\"https:\\\/\\\/hijasdejesus.org\\\/wp-content\\\/uploads\\\/2023\\\/01\\\/Hijas-de-Jesus_hor-A7C957.png\",\"width\":700,\"height\":360,\"caption\":\"Hijas de Jes\u00fas\"},\"image\":{\"@id\":\"https:\\\/\\\/hijasdejesus.org\\\/zh-hant\\\/#\\\/schema\\\/logo\\\/image\\\/\"},\"sameAs\":[\"https:\\\/\\\/www.facebook.com\\\/hijasdejesusenelmundo\\\/\",\"https:\\\/\\\/x.com\\\/hijasdjesus\"]}]}<\/script>\n<!-- \/ Yoast SEO plugin. -->","yoast_head_json":{"title":"\u79b1\u544a GC XIX - Hijas de Jes\u00fas","robots":{"index":"index","follow":"follow","max-snippet":"max-snippet:-1","max-image-preview":"max-image-preview:large","max-video-preview":"max-video-preview:-1"},"canonical":"https:\/\/hijasdejesus.org\/zh-hant\/%e7%ac%ac%e5%8d%81%e4%b9%9d%e5%b1%86%e7%b8%bd%e6%9c%83\/%e7%a6%b1%e5%91%8a-gc-xix\/","og_locale":"zh_TW","og_type":"article","og_title":"\u79b1\u544a GC XIX - Hijas de Jes\u00fas","og_description":"\u8207\u4ed6\u540c\u5728\uff0c\u5e0c\u671b\u4e4b\u8def \u6211\u5011\u70ba\u5168\u9ad4\u6703\u773e\u7948\u79b1\u7236\u554a\uff0c\u6211\u5011\u70ba\u8036\u7a4c\u5b5d\u5973\u5011\u7948\u6c42\u60a8\uff0c\u5728\u9019\u603b\u5927\u6703\u7684\u6642\u671f\u3002 \u6c42\u4f60\u8cdc\u4e88\u6211\u5011\u9806\u670d\u8056\u795e\uff0c [&hellip;]","og_url":"https:\/\/hijasdejesus.org\/zh-hant\/%e7%ac%ac%e5%8d%81%e4%b9%9d%e5%b1%86%e7%b8%bd%e6%9c%83\/%e7%a6%b1%e5%91%8a-gc-xix\/","og_site_name":"Hijas de Jes\u00fas","article_publisher":"https:\/\/www.facebook.com\/hijasdejesusenelmundo\/","article_modified_time":"2025-03-20T06:19:42+00:00","twitter_card":"summary_large_image","twitter_site":"@hijasdjesus","twitter_misc":{"\u9810\u4f30\u95b1\u8b80\u6642\u9593":"2 \u5206\u9418"},"schema":{"@context":"https:\/\/schema.org","@graph":[{"@type":"WebPage","@id":"https:\/\/hijasdejesus.org\/zh-hant\/%e7%ac%ac%e5%8d%81%e4%b9%9d%e5%b1%86%e7%b8%bd%e6%9c%83\/%e7%a6%b1%e5%91%8a-gc-xix\/","url":"https:\/\/hijasdejesus.org\/zh-hant\/%e7%ac%ac%e5%8d%81%e4%b9%9d%e5%b1%86%e7%b8%bd%e6%9c%83\/%e7%a6%b1%e5%91%8a-gc-xix\/","name":"\u79b1\u544a GC XIX - Hijas de Jes\u00fas","isPartOf":{"@id":"https:\/\/hijasdejesus.org\/zh-hant\/#website"},"datePublished":"2025-03-05T09:12:02+00:00","dateModified":"2025-03-20T06:19:42+00:00","breadcrumb":{"@id":"https:\/\/hijasdejesus.org\/zh-hant\/%e7%ac%ac%e5%8d%81%e4%b9%9d%e5%b1%86%e7%b8%bd%e6%9c%83\/%e7%a6%b1%e5%91%8a-gc-xix\/#breadcrumb"},"inLanguage":"zh-TW","potentialAction":[{"@type":"ReadAction","target":["https:\/\/hijasdejesus.org\/zh-hant\/%e7%ac%ac%e5%8d%81%e4%b9%9d%e5%b1%86%e7%b8%bd%e6%9c%83\/%e7%a6%b1%e5%91%8a-gc-xix\/"]}]},{"@type":"BreadcrumbList","@id":"https:\/\/hijasdejesus.org\/zh-hant\/%e7%ac%ac%e5%8d%81%e4%b9%9d%e5%b1%86%e7%b8%bd%e6%9c%83\/%e7%a6%b1%e5%91%8a-gc-xix\/#breadcrumb","itemListElement":[{"@type":"ListItem","position":1,"name":"Portada","item":"https:\/\/hijasdejesus.org\/zh-hant\/"},{"@type":"ListItem","position":2,"name":"\u7b2c\u5341\u4e5d\u5c46\u7e3d\u5927\u6703","item":"https:\/\/hijasdejesus.org\/zh-hant\/congregacion-general-xix\/"},{"@type":"ListItem","position":3,"name":"\u79b1\u544a GC XIX"}]},{"@type":"WebSite","@id":"https:\/\/hijasdejesus.org\/zh-hant\/#website","url":"https:\/\/hijasdejesus.org\/zh-hant\/","name":"Hijas de Jes\u00fas","description":"Despertamos a Jes\u00fas en el coraz\u00f3n, sacando lo mejor de las personas. Somos una congregaci\u00f3n religiosa ignaciana fundada por la Madre Candida","publisher":{"@id":"https:\/\/hijasdejesus.org\/zh-hant\/#organization"},"potentialAction":[{"@type":"SearchAction","target":{"@type":"EntryPoint","urlTemplate":"https:\/\/hijasdejesus.org\/zh-hant\/?s={search_term_string}"},"query-input":{"@type":"PropertyValueSpecification","valueRequired":true,"valueName":"search_term_string"}}],"inLanguage":"zh-TW"},{"@type":"Organization","@id":"https:\/\/hijasdejesus.org\/zh-hant\/#organization","name":"Hijas de Jes\u00fas","url":"https:\/\/hijasdejesus.org\/zh-hant\/","logo":{"@type":"ImageObject","inLanguage":"zh-TW","@id":"https:\/\/hijasdejesus.org\/zh-hant\/#\/schema\/logo\/image\/","url":"https:\/\/hijasdejesus.org\/wp-content\/uploads\/2023\/01\/Hijas-de-Jesus_hor-A7C957.png","contentUrl":"https:\/\/hijasdejesus.org\/wp-content\/uploads\/2023\/01\/Hijas-de-Jesus_hor-A7C957.png","width":700,"height":360,"caption":"Hijas de Jes\u00fas"},"image":{"@id":"https:\/\/hijasdejesus.org\/zh-hant\/#\/schema\/logo\/image\/"},"sameAs":["https:\/\/www.facebook.com\/hijasdejesusenelmundo\/","https:\/\/x.com\/hijasdjesus"]}]}},"_links":{"self":[{"href":"https:\/\/hijasdejesus.org\/zh-hant\/wp-json\/wp\/v2\/pages\/46154","targetHints":{"allow":["GET"]}}],"collection":[{"href":"https:\/\/hijasdejesus.org\/zh-hant\/wp-json\/wp\/v2\/pages"}],"about":[{"href":"https:\/\/hijasdejesus.org\/zh-hant\/wp-json\/wp\/v2\/types\/page"}],"author":[{"embeddable":true,"href":"https:\/\/hijasdejesus.org\/zh-hant\/wp-json\/wp\/v2\/users\/1"}],"replies":[{"embeddable":true,"href":"https:\/\/hijasdejesus.org\/zh-hant\/wp-json\/wp\/v2\/comments?post=46154"}],"version-history":[{"count":9,"href":"https:\/\/hijasdejesus.org\/zh-hant\/wp-json\/wp\/v2\/pages\/46154\/revisions"}],"predecessor-version":[{"id":46882,"href":"https:\/\/hijasdejesus.org\/zh-hant\/wp-json\/wp\/v2\/pages\/46154\/revisions\/46882"}],"up":[{"embeddable":true,"href":"https:\/\/hijasdejesus.org\/zh-hant\/wp-json\/wp\/v2\/pages\/44594"}],"wp:attachment":[{"href":"https:\/\/hijasdejesus.org\/zh-hant\/wp-json\/wp\/v2\/media?parent=46154"}],"curies":[{"name":"wp","href":"https:\/\/api.w.org\/{rel}","templated":true}]}}